{"id":3307,"date":"2026-04-28T22:28:17","date_gmt":"2026-04-28T20:28:17","guid":{"rendered":"https:\/\/repmancarretillas.es\/?post_type=product&#038;p=3307"},"modified":"2026-04-28T22:32:25","modified_gmt":"2026-04-28T20:32:25","slug":"bt-levio-1-4t-2","status":"publish","type":"product","link":"https:\/\/repmancarretillas.es\/ar\/product\/bt-levio-1-4t-2\/","title":{"rendered":"\u0628\u064a \u062a\u064a \u0644\u064a\u0641\u064a\u0648 1.4 \u062a\u064a"},"content":{"rendered":"<h2>\u0627\u0644\u0641\u0648\u0627\u0626\u062f \u0627\u0644\u0631\u0626\u064a\u0633\u064a\u0629.<\/h2>\n<ul>\n<li data-pm-slice=\"1 1 []\">\n<p data-pm-slice=\"1 1 []\">Dise\u00f1o compacto para aplicaciones de baja intensidad.<\/p>\n<\/li>\n<li data-pm-slice=\"1 1 []\">\n<p data-pm-slice=\"1 1 []\">Sistema Click-2-Creep que facilita el desplazamiento a baja velocidad.<\/p>\n<\/li>\n<li data-pm-slice=\"1 1 []\">\n<p data-pm-slice=\"1 1 []\">Excelente visibilidad de las horquillas para mayor seguridad.<\/p>\n<\/li>\n<li data-pm-slice=\"1 1 []\">\n<p data-pm-slice=\"1 1 []\">Controles ergon\u00f3micos al alcance de los dedos.<\/p>\n<\/li>\n<li data-pm-slice=\"1 1 []\">\n<p data-pm-slice=\"1 1 []\">Transpaleta inteligente de f\u00e1cil conexi\u00f3n, control y optimizaci\u00f3n.<\/p>\n<\/li>\n<\/ul>\n<h2>\u0627\u0644\u0645\u0648\u0627\u0635\u0641\u0627\u062a.<\/h2>\n<p data-pm-slice=\"1 1 []\">Transpaleta el\u00e9ctrica con BT Powerdrive y Castorlink, Click-2-Creep, controles en dedos, frenado electr\u00f3nico, control de velocidad, seguridad del operador, apagado autom\u00e1tico, rendimiento programable, mantenimiento f\u00e1cil y telem\u00e1tica inteligente con opciones de personalizaci\u00f3n avanzada.<\/p>","protected":false},"excerpt":{"rendered":"<p data-pm-slice=\"0 0 []\">\u00bfBusca una soluci\u00f3n vers\u00e1til y f\u00e1cil de operar para aplicaciones de baja intensidad? Esta transpaleta incorpora un brazo tim\u00f3n ergon\u00f3mico con controles al alcance de los dedos y permite una maniobrabilidad precisa en espacios reducidos mediante el sistema Click-2-Creep.<\/p>\n<p data-pm-slice=\"1 1 []\"><em><strong>1400 kg| 6,0 km\/h | Carretilla inteligente<\/strong><\/em><\/p>\n<ul>\n<li data-pm-slice=\"1 1 []\">Entrega disponible en 24 horas.<\/li>\n<li data-pm-slice=\"1 1 []\">Cancelaci\u00f3n gratuita hasta 2 d\u00edas antes del inicio del alquiler.<\/li>\n<li data-pm-slice=\"1 1 []\">Amplia gama de equipos con servicio completo incluido.<\/li>\n<li data-pm-slice=\"1 1 []\">Alta flexibilidad adaptada a las necesidades del negocio.<\/li>\n<\/ul>","protected":false},"featured_media":3308,"template":"","meta":{"_joinchat":[]},"product_brand":[],"product_cat":[36,37],"product_tag":[],"class_list":{"0":"post-3307","1":"product","2":"type-product","3":"status-publish","4":"has-post-thumbnail","6":"product_cat-carretillas-elevadoras-para-alquiler","7":"product_cat-transpaletas-electricas-alquiler","9":"first","10":"instock","11":"shipping-taxable","12":"product-type-simple"},"_links":{"self":[{"href":"https:\/\/repmancarretillas.es\/ar\/wp-json\/wp\/v2\/product\/3307","targetHints":{"allow":["GET"]}}],"collection":[{"href":"https:\/\/repmancarretillas.es\/ar\/wp-json\/wp\/v2\/product"}],"about":[{"href":"https:\/\/repmancarretillas.es\/ar\/wp-json\/wp\/v2\/types\/product"}],"version-history":[{"count":1,"href":"https:\/\/repmancarretillas.es\/ar\/wp-json\/wp\/v2\/product\/3307\/revisions"}],"predecessor-version":[{"id":3313,"href":"https:\/\/repmancarretillas.es\/ar\/wp-json\/wp\/v2\/product\/3307\/revisions\/3313"}],"wp:featuredmedia":[{"embeddable":true,"href":"https:\/\/repmancarretillas.es\/ar\/wp-json\/wp\/v2\/media\/3308"}],"wp:attachment":[{"href":"https:\/\/repmancarretillas.es\/ar\/wp-json\/wp\/v2\/media?parent=3307"}],"wp:term":[{"taxonomy":"product_brand","embeddable":true,"href":"https:\/\/repmancarretillas.es\/ar\/wp-json\/wp\/v2\/product_brand?post=3307"},{"taxonomy":"product_cat","embeddable":true,"href":"https:\/\/repmancarretillas.es\/ar\/wp-json\/wp\/v2\/product_cat?post=3307"},{"taxonomy":"product_tag","embeddable":true,"href":"https:\/\/repmancarretillas.es\/ar\/wp-json\/wp\/v2\/product_tag?post=3307"}],"curies":[{"name":"wp","href":"https:\/\/api.w.org\/{rel}","templated":true}]}}