{"id":3296,"date":"2026-04-28T22:24:03","date_gmt":"2026-04-28T20:24:03","guid":{"rendered":"https:\/\/repmancarretillas.es\/?post_type=product&#038;p=3296"},"modified":"2026-04-28T22:28:01","modified_gmt":"2026-04-28T20:28:01","slug":"bt-levio-1-3t-compacta-2","status":"publish","type":"product","link":"https:\/\/repmancarretillas.es\/ar\/product\/bt-levio-1-3t-compacta-2\/","title":{"rendered":"\u0628\u064a \u062a\u064a \u0644\u064a\u0641\u064a\u0648 1.3 \u062a\u064a \u0643\u0648\u0645\u0628\u0627\u0643\u062a"},"content":{"rendered":"<h2>\u0627\u0644\u0641\u0648\u0627\u0626\u062f \u0627\u0644\u0631\u0626\u064a\u0633\u064a\u0629.<\/h2>\n<ul>\n<li data-pm-slice=\"1 1 []\">\n<p data-pm-slice=\"1 1 []\">Dise\u00f1o compacto ideal para pasillos estrechos y uso en veh\u00edculos a bordo.<\/p>\n<\/li>\n<li data-pm-slice=\"1 1 []\">\n<p data-pm-slice=\"1 1 []\">Brazo tim\u00f3n intuitivo con capacidad de giro de hasta 208\u00b0.<\/p>\n<\/li>\n<li data-pm-slice=\"1 1 []\">\n<p data-pm-slice=\"1 1 []\">Chasis robusto de alta calidad para mayor durabilidad.<\/p>\n<\/li>\n<li data-pm-slice=\"1 1 []\">\n<p data-pm-slice=\"1 1 []\">Bajo consumo energ\u00e9tico para mayor eficiencia operativa.<\/p>\n<\/li>\n<li data-pm-slice=\"1 1 []\">\n<p data-pm-slice=\"1 1 []\">Transpaleta inteligente de f\u00e1cil conexi\u00f3n, control y optimizaci\u00f3n.<\/p>\n<\/li>\n<\/ul>\n<h2>\u0627\u0644\u0645\u0648\u0627\u0635\u0641\u0627\u062a.<\/h2>\n<p data-pm-slice=\"1 1 []\">Transpaleta el\u00e9ctrica compacta con ruedas de maniobra, bater\u00edas sin mantenimiento y cargador incorporado, sistema Click-2-Creep, motor AC, control PIN, ajustes personalizados, telem\u00e1tica integrada y compatibilidad con gesti\u00f3n de flotas I_Site.<\/p>","protected":false},"excerpt":{"rendered":"<p data-pm-slice=\"1 1 []\">\u00bfBusca una transpaleta el\u00e9ctrica ligera para el transporte eficiente de cargas en distancias cortas y medias? Su dise\u00f1o compacto y silencioso permite una operaci\u00f3n segura y ergon\u00f3mica en m\u00faltiples aplicaciones. Su motor de corriente alterna ofrece alta eficiencia energ\u00e9tica, bajo mantenimiento y gran durabilidad.<\/p>\n<p data-pm-slice=\"1 1 []\"><em><strong>1300 kg | 5,5 km\/h | Carretilla inteligente<\/strong><\/em><\/p>\n<ul>\n<li data-pm-slice=\"1 1 []\">Entrega disponible en 24 horas.<\/li>\n<li data-pm-slice=\"1 1 []\">Cancelaci\u00f3n gratuita hasta 2 d\u00edas antes del inicio del alquiler.<\/li>\n<li data-pm-slice=\"1 1 []\">Amplia gama de equipos con servicio completo incluido.<\/li>\n<li data-pm-slice=\"1 1 []\">Alta flexibilidad adaptada a las necesidades del negocio.<\/li>\n<\/ul>","protected":false},"featured_media":3297,"template":"","meta":{"_joinchat":[]},"product_brand":[],"product_cat":[36,37],"product_tag":[],"class_list":{"0":"post-3296","1":"product","2":"type-product","3":"status-publish","4":"has-post-thumbnail","6":"product_cat-carretillas-elevadoras-para-alquiler","7":"product_cat-transpaletas-electricas-alquiler","9":"first","10":"instock","11":"shipping-taxable","12":"product-type-simple"},"_links":{"self":[{"href":"https:\/\/repmancarretillas.es\/ar\/wp-json\/wp\/v2\/product\/3296","targetHints":{"allow":["GET"]}}],"collection":[{"href":"https:\/\/repmancarretillas.es\/ar\/wp-json\/wp\/v2\/product"}],"about":[{"href":"https:\/\/repmancarretillas.es\/ar\/wp-json\/wp\/v2\/types\/product"}],"version-history":[{"count":1,"href":"https:\/\/repmancarretillas.es\/ar\/wp-json\/wp\/v2\/product\/3296\/revisions"}],"predecessor-version":[{"id":3306,"href":"https:\/\/repmancarretillas.es\/ar\/wp-json\/wp\/v2\/product\/3296\/revisions\/3306"}],"wp:featuredmedia":[{"embeddable":true,"href":"https:\/\/repmancarretillas.es\/ar\/wp-json\/wp\/v2\/media\/3297"}],"wp:attachment":[{"href":"https:\/\/repmancarretillas.es\/ar\/wp-json\/wp\/v2\/media?parent=3296"}],"wp:term":[{"taxonomy":"product_brand","embeddable":true,"href":"https:\/\/repmancarretillas.es\/ar\/wp-json\/wp\/v2\/product_brand?post=3296"},{"taxonomy":"product_cat","embeddable":true,"href":"https:\/\/repmancarretillas.es\/ar\/wp-json\/wp\/v2\/product_cat?post=3296"},{"taxonomy":"product_tag","embeddable":true,"href":"https:\/\/repmancarretillas.es\/ar\/wp-json\/wp\/v2\/product_tag?post=3296"}],"curies":[{"name":"wp","href":"https:\/\/api.w.org\/{rel}","templated":true}]}}