{"id":3288,"date":"2026-04-28T22:18:04","date_gmt":"2026-04-28T20:18:04","guid":{"rendered":"https:\/\/repmancarretillas.es\/?post_type=product&#038;p=3288"},"modified":"2026-04-28T22:23:46","modified_gmt":"2026-04-28T20:23:46","slug":"bt-levio-2-2-toneladas-con-plataforma-2","status":"publish","type":"product","link":"https:\/\/repmancarretillas.es\/ar\/product\/bt-levio-2-2-toneladas-con-plataforma-2\/","title":{"rendered":"\u0634\u0627\u062d\u0646\u0629 \u0628\u064a \u062a\u064a \u0644\u064a\u0641\u064a\u0648 2.2 \u0637\u0646 \u0645\u0639 \u0645\u0646\u0635\u0629"},"content":{"rendered":"<h2>\u0627\u0644\u0641\u0648\u0627\u0626\u062f \u0627\u0644\u0631\u0626\u064a\u0633\u064a\u0629.<\/h2>\n<ul>\n<li data-pm-slice=\"1 1 []\">\n<p data-pm-slice=\"1 1 []\">Alta velocidad y gran capacidad para aplicaciones de uso intensivo.<\/p>\n<\/li>\n<li data-pm-slice=\"1 1 []\">\n<p data-pm-slice=\"1 1 []\">Puertas de seguridad laterales plegables para mayor protecci\u00f3n del operario.<\/p>\n<\/li>\n<li data-pm-slice=\"1 1 []\">\n<p data-pm-slice=\"1 1 []\">Control de velocidad en curvas para una conducci\u00f3n m\u00e1s segura.<\/p>\n<\/li>\n<li data-pm-slice=\"1 1 []\">\n<p data-pm-slice=\"1 1 []\">Sistema de plegado de protectores laterales de un solo toque.<\/p>\n<\/li>\n<li data-pm-slice=\"1 1 []\">\n<p data-pm-slice=\"1 1 []\">Carretilla inteligente de f\u00e1cil conexi\u00f3n, monitorizaci\u00f3n y optimizaci\u00f3n.<\/p>\n<\/li>\n<\/ul>\n<h2>\u0627\u0644\u0645\u0648\u0627\u0635\u0641\u0627\u062a.<\/h2>\n<p data-pm-slice=\"1 1 []\">Transpaleta el\u00e9ctrica con sistema BT Powertrak, controles al alcance de los dedos, pantalla informativa, frenado electr\u00f3nico y regenerativo, detecci\u00f3n del conductor, freno autom\u00e1tico, rueda motriz con muelle, giros de 180\u00b0 y telem\u00e1tica integrada.<\/p>","protected":false},"excerpt":{"rendered":"<p data-pm-slice=\"1 1 []\">La transpaleta el\u00e9ctrica BT Levio combina alta capacidad de carga con plataforma para el operador y un dise\u00f1o compacto. Ofrece gran maniobrabilidad, un radio de giro reducido y una velocidad m\u00e1xima de hasta 10 km\/h, garantizando altos niveles de productividad.<\/p>\n<p data-pm-slice=\"1 1 []\"><em><strong>2200 kg | 10,0 km\/h| Carretilla inteligente<\/strong><\/em><\/p>\n<ul>\n<li data-pm-slice=\"1 1 []\">Entrega disponible en 24 horas.<\/li>\n<li data-pm-slice=\"1 1 []\">Cancelaci\u00f3n gratuita hasta 2 d\u00edas antes del inicio del alquiler.<\/li>\n<li data-pm-slice=\"1 1 []\">Amplia gama de equipos con servicio completo incluido.<\/li>\n<li data-pm-slice=\"1 1 []\">Alta flexibilidad adaptada a las necesidades del negocio.<\/li>\n<\/ul>","protected":false},"featured_media":3289,"template":"","meta":{"_joinchat":[]},"product_brand":[],"product_cat":[36,37],"product_tag":[],"class_list":{"0":"post-3288","1":"product","2":"type-product","3":"status-publish","4":"has-post-thumbnail","6":"product_cat-carretillas-elevadoras-para-alquiler","7":"product_cat-transpaletas-electricas-alquiler","9":"first","10":"instock","11":"shipping-taxable","12":"product-type-simple"},"_links":{"self":[{"href":"https:\/\/repmancarretillas.es\/ar\/wp-json\/wp\/v2\/product\/3288","targetHints":{"allow":["GET"]}}],"collection":[{"href":"https:\/\/repmancarretillas.es\/ar\/wp-json\/wp\/v2\/product"}],"about":[{"href":"https:\/\/repmancarretillas.es\/ar\/wp-json\/wp\/v2\/types\/product"}],"version-history":[{"count":1,"href":"https:\/\/repmancarretillas.es\/ar\/wp-json\/wp\/v2\/product\/3288\/revisions"}],"predecessor-version":[{"id":3295,"href":"https:\/\/repmancarretillas.es\/ar\/wp-json\/wp\/v2\/product\/3288\/revisions\/3295"}],"wp:featuredmedia":[{"embeddable":true,"href":"https:\/\/repmancarretillas.es\/ar\/wp-json\/wp\/v2\/media\/3289"}],"wp:attachment":[{"href":"https:\/\/repmancarretillas.es\/ar\/wp-json\/wp\/v2\/media?parent=3288"}],"wp:term":[{"taxonomy":"product_brand","embeddable":true,"href":"https:\/\/repmancarretillas.es\/ar\/wp-json\/wp\/v2\/product_brand?post=3288"},{"taxonomy":"product_cat","embeddable":true,"href":"https:\/\/repmancarretillas.es\/ar\/wp-json\/wp\/v2\/product_cat?post=3288"},{"taxonomy":"product_tag","embeddable":true,"href":"https:\/\/repmancarretillas.es\/ar\/wp-json\/wp\/v2\/product_tag?post=3288"}],"curies":[{"name":"wp","href":"https:\/\/api.w.org\/{rel}","templated":true}]}}