{"id":3267,"date":"2026-04-28T22:03:37","date_gmt":"2026-04-28T20:03:37","guid":{"rendered":"https:\/\/repmancarretillas.es\/?post_type=product&#038;p=3267"},"modified":"2026-04-28T22:11:26","modified_gmt":"2026-04-28T20:11:26","slug":"bt-levio-1-6t-2","status":"publish","type":"product","link":"https:\/\/repmancarretillas.es\/ar\/product\/bt-levio-1-6t-2\/","title":{"rendered":"\u0628\u064a \u062a\u064a \u0644\u064a\u0641\u064a\u0648 1.6 \u0637\u0646"},"content":{"rendered":"<h2>\u0627\u0644\u0641\u0648\u0627\u0626\u062f \u0627\u0644\u0631\u0626\u064a\u0633\u064a\u0629.<\/h2>\n<ul>\n<li data-pm-slice=\"1 1 []\">\n<p data-pm-slice=\"1 1 []\">Modelo compacto dise\u00f1ado para aplicaciones de intensidad media.<\/p>\n<\/li>\n<li data-pm-slice=\"1 1 []\">\n<p data-pm-slice=\"1 1 []\">Control con los dedos para conducci\u00f3n, elevaci\u00f3n y descenso, con funci\u00f3n exclusiva Click-2-Creep.<\/p>\n<\/li>\n<li data-pm-slice=\"1 1 []\">\n<p data-pm-slice=\"1 1 []\">Visi\u00f3n clara y segura de las horquillas.<\/p>\n<\/li>\n<li data-pm-slice=\"1 1 []\">\n<p data-pm-slice=\"1 1 []\">Carretilla inteligente de f\u00e1cil conexi\u00f3n, monitorizaci\u00f3n y optimizaci\u00f3n.<\/p>\n<\/li>\n<\/ul>\n<h2>\u0627\u0644\u0645\u0648\u0627\u0635\u0641\u0627\u062a.<\/h2>\n<p data-pm-slice=\"0 0 []\">Carretilla el\u00e9ctrica con BT Powerdrive y Castor Link, control Click-2-Creep, mandos al alcance, frenado electr\u00f3nico, control de velocidad, seguridad del operador, compartimentos portaobjetos, desconexi\u00f3n autom\u00e1tica y sistema telem\u00e1tico inteligente integrado.<\/p>","protected":false},"excerpt":{"rendered":"<p data-pm-slice=\"1 1 []\">\u00bfBusca una soluci\u00f3n vers\u00e1til y f\u00e1cil de operar para m\u00faltiples aplicaciones? Esta carretilla incorpora un tim\u00f3n ergon\u00f3mico con mandos accesibles y un dise\u00f1o que facilita su uso. En espacios reducidos, permite una maniobrabilidad precisa con el tim\u00f3n en posici\u00f3n vertical mediante el sistema Click-2-Creep.<\/p>\n<p data-pm-slice=\"1 1 []\"><em><strong>1600 \u0643\u062c\u0645 | 6.0 \u0643\u0645\/\u0633\u0627\u0639\u0629 | \u0631\u0627\u0641\u0639\u0629 \u0634\u0648\u0643\u064a\u0629 \u0630\u0643\u064a\u0629<\/strong><\/em><\/p>\n<ul>\n<li data-pm-slice=\"1 1 []\">Entrega disponible en 24 horas.<\/li>\n<li data-pm-slice=\"1 1 []\">Cancelaci\u00f3n gratuita hasta 2 d\u00edas antes del inicio del alquiler.<\/li>\n<li data-pm-slice=\"1 1 []\">Amplia gama de equipos con servicio completo incluido.<\/li>\n<li data-pm-slice=\"1 1 []\">Alta flexibilidad adaptada a las necesidades del negocio.<\/li>\n<\/ul>","protected":false},"featured_media":3268,"template":"","meta":{"_joinchat":[]},"product_brand":[],"product_cat":[36,37],"product_tag":[],"class_list":{"0":"post-3267","1":"product","2":"type-product","3":"status-publish","4":"has-post-thumbnail","6":"product_cat-carretillas-elevadoras-para-alquiler","7":"product_cat-transpaletas-electricas-alquiler","9":"first","10":"instock","11":"shipping-taxable","12":"product-type-simple"},"_links":{"self":[{"href":"https:\/\/repmancarretillas.es\/ar\/wp-json\/wp\/v2\/product\/3267","targetHints":{"allow":["GET"]}}],"collection":[{"href":"https:\/\/repmancarretillas.es\/ar\/wp-json\/wp\/v2\/product"}],"about":[{"href":"https:\/\/repmancarretillas.es\/ar\/wp-json\/wp\/v2\/types\/product"}],"version-history":[{"count":1,"href":"https:\/\/repmancarretillas.es\/ar\/wp-json\/wp\/v2\/product\/3267\/revisions"}],"predecessor-version":[{"id":3278,"href":"https:\/\/repmancarretillas.es\/ar\/wp-json\/wp\/v2\/product\/3267\/revisions\/3278"}],"wp:featuredmedia":[{"embeddable":true,"href":"https:\/\/repmancarretillas.es\/ar\/wp-json\/wp\/v2\/media\/3268"}],"wp:attachment":[{"href":"https:\/\/repmancarretillas.es\/ar\/wp-json\/wp\/v2\/media?parent=3267"}],"wp:term":[{"taxonomy":"product_brand","embeddable":true,"href":"https:\/\/repmancarretillas.es\/ar\/wp-json\/wp\/v2\/product_brand?post=3267"},{"taxonomy":"product_cat","embeddable":true,"href":"https:\/\/repmancarretillas.es\/ar\/wp-json\/wp\/v2\/product_cat?post=3267"},{"taxonomy":"product_tag","embeddable":true,"href":"https:\/\/repmancarretillas.es\/ar\/wp-json\/wp\/v2\/product_tag?post=3267"}],"curies":[{"name":"wp","href":"https:\/\/api.w.org\/{rel}","templated":true}]}}