{"id":3234,"date":"2026-04-28T21:16:05","date_gmt":"2026-04-28T19:16:05","guid":{"rendered":"https:\/\/repmancarretillas.es\/?post_type=product&#038;p=3234"},"modified":"2026-04-28T21:24:45","modified_gmt":"2026-04-28T19:24:45","slug":"bt-vector-15t-con-direccion-articulada","status":"publish","type":"product","link":"https:\/\/repmancarretillas.es\/ar\/product\/bt-vector-15t-con-direccion-articulada\/","title":{"rendered":"BT Vector 1,5t con direcci\u00f3n articulada"},"content":{"rendered":"<h2>\u0627\u0644\u0641\u0648\u0627\u0626\u062f \u0627\u0644\u0631\u0626\u064a\u0633\u064a\u0629.<\/h2>\n<ul>\n<li data-pm-slice=\"1 1 []\">\n<p data-pm-slice=\"1 1 []\">Direcci\u00f3n articulada que permite un radio de giro m\u00e1s reducido.<\/p>\n<\/li>\n<li data-pm-slice=\"1 1 []\">\n<p data-pm-slice=\"1 1 []\">Preparaci\u00f3n de pedidos en altura y manipulaci\u00f3n completa de pallets en pasillos guiados por cables o ra\u00edles.<\/p>\n<\/li>\n<li data-pm-slice=\"1 1 []\">\n<p data-pm-slice=\"1 1 []\">BT Optipace ajusta autom\u00e1ticamente la velocidad seg\u00fan la altura de elevaci\u00f3n y el peso de la carga.<\/p>\n<\/li>\n<li data-pm-slice=\"1 1 []\">\n<p data-pm-slice=\"1 1 []\">Sistema de elevaci\u00f3n avanzado (ALS) con un 35% menos de consumo energ\u00e9tico.<\/p>\n<\/li>\n<li data-pm-slice=\"1 1 []\">\n<p data-pm-slice=\"1 1 []\">Carretilla inteligente de f\u00e1cil conexi\u00f3n y control.<\/p>\n<\/li>\n<\/ul>\n<h2>\u0627\u0644\u0645\u0648\u0627\u0635\u0641\u0627\u062a.<\/h2>\n<p data-pm-slice=\"1 1 []\">Carretilla VNA el\u00e9ctrica con direcci\u00f3n articulada, sistema ALS y Optipace, chasis de cuatro ruedas, guiado por cable o carril, freno autom\u00e1tico, c\u00e1mara PPS, m\u00e1stil de visi\u00f3n clara, capacidad de 1500 kg y elevaci\u00f3n de 16800 mm.<\/p>","protected":false},"excerpt":{"rendered":"<p data-pm-slice=\"0 0 []\">El concepto Advanced VNA de Toyota, basado en la serie BT Vector A, optimiza el uso del espacio y mejora la productividad. Su chasis articulado ofrece gran estabilidad y reduce el espacio necesario para el cambio de pasillo, permitiendo maximizar la capacidad de almacenamiento y alcanzar altos niveles de rendimiento.<\/p>\n<p data-pm-slice=\"1 1 []\"><em><strong>1500 kg | 16800 mm| 12,0 km\/h | Carretilla inteligente<\/strong><\/em><\/p>\n<p data-pm-slice=\"1 1 []\">Movimiento de horquilla accionado por correa: Superior a la direcci\u00f3n tradicional de pi\u00f1\u00f3n y cremallera, elimina las vibraciones y la necesidad de lubricaci\u00f3n. El resultado es un funcionamiento suave y menos costes de mantenimiento.<\/p>","protected":false},"featured_media":3235,"template":"","meta":{"_joinchat":[]},"product_brand":[],"product_cat":[26,35],"product_tag":[],"class_list":{"0":"post-3234","1":"product","2":"type-product","3":"status-publish","4":"has-post-thumbnail","6":"product_cat-carretillas-elevadoras","7":"product_cat-carretillas-trilaterales","9":"first","10":"instock","11":"shipping-taxable","12":"product-type-simple"},"_links":{"self":[{"href":"https:\/\/repmancarretillas.es\/ar\/wp-json\/wp\/v2\/product\/3234","targetHints":{"allow":["GET"]}}],"collection":[{"href":"https:\/\/repmancarretillas.es\/ar\/wp-json\/wp\/v2\/product"}],"about":[{"href":"https:\/\/repmancarretillas.es\/ar\/wp-json\/wp\/v2\/types\/product"}],"version-history":[{"count":1,"href":"https:\/\/repmancarretillas.es\/ar\/wp-json\/wp\/v2\/product\/3234\/revisions"}],"predecessor-version":[{"id":3243,"href":"https:\/\/repmancarretillas.es\/ar\/wp-json\/wp\/v2\/product\/3234\/revisions\/3243"}],"wp:featuredmedia":[{"embeddable":true,"href":"https:\/\/repmancarretillas.es\/ar\/wp-json\/wp\/v2\/media\/3235"}],"wp:attachment":[{"href":"https:\/\/repmancarretillas.es\/ar\/wp-json\/wp\/v2\/media?parent=3234"}],"wp:term":[{"taxonomy":"product_brand","embeddable":true,"href":"https:\/\/repmancarretillas.es\/ar\/wp-json\/wp\/v2\/product_brand?post=3234"},{"taxonomy":"product_cat","embeddable":true,"href":"https:\/\/repmancarretillas.es\/ar\/wp-json\/wp\/v2\/product_cat?post=3234"},{"taxonomy":"product_tag","embeddable":true,"href":"https:\/\/repmancarretillas.es\/ar\/wp-json\/wp\/v2\/product_tag?post=3234"}],"curies":[{"name":"wp","href":"https:\/\/api.w.org\/{rel}","templated":true}]}}