{"id":3158,"date":"2026-04-28T20:23:14","date_gmt":"2026-04-28T18:23:14","guid":{"rendered":"https:\/\/repmancarretillas.es\/?post_type=product&#038;p=3158"},"modified":"2026-04-28T20:27:48","modified_gmt":"2026-04-28T18:27:48","slug":"tracto-15t-larga-distancia-sentado","status":"publish","type":"product","link":"https:\/\/repmancarretillas.es\/ar\/product\/tracto-15t-larga-distancia-sentado\/","title":{"rendered":"Tracto 15t larga distancia, Sentado"},"content":{"rendered":"<h2>\u0627\u0644\u0641\u0648\u0627\u0626\u062f \u0627\u0644\u0631\u0626\u064a\u0633\u064a\u0629.<\/h2>\n<ul>\n<li data-pm-slice=\"1 1 []\">\n<p data-pm-slice=\"1 1 []\">Dise\u00f1ado para aplicaciones de conducci\u00f3n a larga distancia.<\/p>\n<\/li>\n<li data-pm-slice=\"1 1 []\">\n<p data-pm-slice=\"1 1 []\">Direcci\u00f3n electrohidr\u00e1ulica de serie para mayor confort del operador.<\/p>\n<\/li>\n<li data-pm-slice=\"1 1 []\">\n<p data-pm-slice=\"1 1 []\">Excelente visibilidad gracias a la barra de tracci\u00f3n desde la cabina hasta la parte trasera del chasis.<\/p>\n<\/li>\n<li data-pm-slice=\"1 1 []\">\n<p data-pm-slice=\"1 1 []\">Capacidad para dos ocupantes sentados.<\/p>\n<\/li>\n<li data-pm-slice=\"1 1 []\">\n<p data-pm-slice=\"1 1 []\">Botones de avance lento para un acoplamiento seguro y eficiente.<\/p>\n<\/li>\n<\/ul>\n<h2>\u0627\u0644\u0645\u0648\u0627\u0635\u0641\u0627\u062a.<\/h2>\n<p data-pm-slice=\"1 1 []\">Tractor de arrastre el\u00e9ctrico con botones de avance, sistema de presencia del operario, motor de corriente alterna, freno regenerativo y autom\u00e1tico, neum\u00e1ticos industriales, luces LED, pantalla digital, plataforma trasera y capacidad de carga de 15000 kg.<\/p>","protected":false},"excerpt":{"rendered":"<p data-pm-slice=\"0 0 []\">Tractor de arrastre con capacidad de 15 toneladas, equipado con amplia plataforma trasera, dise\u00f1ado para aplicaciones intensivas en interiores y exteriores.<\/p>\n<p data-pm-slice=\"0 0 []\"><em><strong>15000 kg | 21,0 km\/h<\/strong><\/em><\/p>\n<p data-pm-slice=\"0 0 []\">Buena visibilidad gracias a la barra de tracci\u00f3n: Excelente visibilidad hacia barra de tracci\u00f3n desde la cabina gracias a la inclinaci\u00f3n del chasis en la parte trasera del tractor.<\/p>","protected":false},"featured_media":3159,"template":"","meta":{"_joinchat":[]},"product_brand":[],"product_cat":[26,34],"product_tag":[],"class_list":{"0":"post-3158","1":"product","2":"type-product","3":"status-publish","4":"has-post-thumbnail","6":"product_cat-carretillas-elevadoras","7":"product_cat-tractores-de-arrastre","9":"first","10":"instock","11":"shipping-taxable","12":"product-type-simple"},"_links":{"self":[{"href":"https:\/\/repmancarretillas.es\/ar\/wp-json\/wp\/v2\/product\/3158","targetHints":{"allow":["GET"]}}],"collection":[{"href":"https:\/\/repmancarretillas.es\/ar\/wp-json\/wp\/v2\/product"}],"about":[{"href":"https:\/\/repmancarretillas.es\/ar\/wp-json\/wp\/v2\/types\/product"}],"version-history":[{"count":1,"href":"https:\/\/repmancarretillas.es\/ar\/wp-json\/wp\/v2\/product\/3158\/revisions"}],"predecessor-version":[{"id":3167,"href":"https:\/\/repmancarretillas.es\/ar\/wp-json\/wp\/v2\/product\/3158\/revisions\/3167"}],"wp:featuredmedia":[{"embeddable":true,"href":"https:\/\/repmancarretillas.es\/ar\/wp-json\/wp\/v2\/media\/3159"}],"wp:attachment":[{"href":"https:\/\/repmancarretillas.es\/ar\/wp-json\/wp\/v2\/media?parent=3158"}],"wp:term":[{"taxonomy":"product_brand","embeddable":true,"href":"https:\/\/repmancarretillas.es\/ar\/wp-json\/wp\/v2\/product_brand?post=3158"},{"taxonomy":"product_cat","embeddable":true,"href":"https:\/\/repmancarretillas.es\/ar\/wp-json\/wp\/v2\/product_cat?post=3158"},{"taxonomy":"product_tag","embeddable":true,"href":"https:\/\/repmancarretillas.es\/ar\/wp-json\/wp\/v2\/product_tag?post=3158"}],"curies":[{"name":"wp","href":"https:\/\/api.w.org\/{rel}","templated":true}]}}