{"id":3119,"date":"2026-04-28T19:41:07","date_gmt":"2026-04-28T17:41:07","guid":{"rendered":"https:\/\/repmancarretillas.es\/?post_type=product&#038;p=3119"},"modified":"2026-04-28T19:59:07","modified_gmt":"2026-04-28T17:59:07","slug":"toyota-tracto-1-5t","status":"publish","type":"product","link":"https:\/\/repmancarretillas.es\/ar\/product\/toyota-tracto-1-5t\/","title":{"rendered":"Toyota Tracto 1.5t"},"content":{"rendered":"<h2>\u0627\u0644\u0641\u0648\u0627\u0626\u062f \u0627\u0644\u0631\u0626\u064a\u0633\u064a\u0629.<\/h2>\n<ul>\n<li data-pm-slice=\"1 1 []\">\n<p data-pm-slice=\"1 1 []\">Dise\u00f1ado para transporte horizontal de mercanc\u00edas mediante remolque de carros en trenes log\u00edsticos.<\/p>\n<\/li>\n<li data-pm-slice=\"1 1 []\">\n<p data-pm-slice=\"1 1 []\">Alta compatibilidad con distintos dispositivos de arrastre.<\/p>\n<\/li>\n<li data-pm-slice=\"1 1 []\">\n<p data-pm-slice=\"1 1 []\">Adecuado para aplicaciones de intensidad ligera y media.<\/p>\n<\/li>\n<li data-pm-slice=\"1 1 []\">\n<p data-pm-slice=\"1 1 []\">Chasis compacto para maniobras en espacios reducidos.<\/p>\n<\/li>\n<li data-pm-slice=\"1 1 []\">\n<p data-pm-slice=\"1 1 []\">Acceso seguro y de f\u00e1cil operaci\u00f3n.<\/p>\n<\/li>\n<\/ul>\n<h2>\u0627\u0644\u0645\u0648\u0627\u0635\u0641\u0627\u062a.<\/h2>\n<p data-pm-slice=\"0 0 []\">Tractor de arrastre Toyota Tracto serie N con capacidad de 1500 kg, velocidad 12 km\/h, bater\u00eda 24V, dise\u00f1o ergon\u00f3mico, bajo peso, escal\u00f3n bajo, direcci\u00f3n \u00e1gil, par\u00e1metros programables y f\u00e1cil cambio de bater\u00eda.<\/p>","protected":false},"excerpt":{"rendered":"<p data-pm-slice=\"0 0 []\">Los modelos Toyota Tracto serie N son tractores de arrastre ligeros y compactos, dise\u00f1ados para m\u00faltiples aplicaciones. Destacan por su escal\u00f3n de acceso bajo y su f\u00e1cil conexi\u00f3n con el carro, permitiendo su integraci\u00f3n con carros con gancho en trenes log\u00edsticos.<\/p>\n<p data-pm-slice=\"0 0 []\"><em><strong>1500 kg | 105 Ah | 24 volt | 12,0 km\/h<\/strong><\/em><\/p>\n<p data-pm-slice=\"0 0 []\">Caracter\u00edsticas de seguridad: Se encuentran disponibles como opci\u00f3n elementos de seguridad como diferentes tipos de luces de advertencia, incluido Blue LED, y zumbadores de advertencia.<\/p>","protected":false},"featured_media":3120,"template":"","meta":{"_joinchat":[]},"product_brand":[],"product_cat":[26,34],"product_tag":[],"class_list":{"0":"post-3119","1":"product","2":"type-product","3":"status-publish","4":"has-post-thumbnail","6":"product_cat-carretillas-elevadoras","7":"product_cat-tractores-de-arrastre","9":"first","10":"instock","11":"shipping-taxable","12":"product-type-simple"},"_links":{"self":[{"href":"https:\/\/repmancarretillas.es\/ar\/wp-json\/wp\/v2\/product\/3119","targetHints":{"allow":["GET"]}}],"collection":[{"href":"https:\/\/repmancarretillas.es\/ar\/wp-json\/wp\/v2\/product"}],"about":[{"href":"https:\/\/repmancarretillas.es\/ar\/wp-json\/wp\/v2\/types\/product"}],"version-history":[{"count":2,"href":"https:\/\/repmancarretillas.es\/ar\/wp-json\/wp\/v2\/product\/3119\/revisions"}],"predecessor-version":[{"id":3127,"href":"https:\/\/repmancarretillas.es\/ar\/wp-json\/wp\/v2\/product\/3119\/revisions\/3127"}],"wp:featuredmedia":[{"embeddable":true,"href":"https:\/\/repmancarretillas.es\/ar\/wp-json\/wp\/v2\/media\/3120"}],"wp:attachment":[{"href":"https:\/\/repmancarretillas.es\/ar\/wp-json\/wp\/v2\/media?parent=3119"}],"wp:term":[{"taxonomy":"product_brand","embeddable":true,"href":"https:\/\/repmancarretillas.es\/ar\/wp-json\/wp\/v2\/product_brand?post=3119"},{"taxonomy":"product_cat","embeddable":true,"href":"https:\/\/repmancarretillas.es\/ar\/wp-json\/wp\/v2\/product_cat?post=3119"},{"taxonomy":"product_tag","embeddable":true,"href":"https:\/\/repmancarretillas.es\/ar\/wp-json\/wp\/v2\/product_tag?post=3119"}],"curies":[{"name":"wp","href":"https:\/\/api.w.org\/{rel}","templated":true}]}}