{"id":3100,"date":"2026-04-28T19:30:03","date_gmt":"2026-04-28T17:30:03","guid":{"rendered":"https:\/\/repmancarretillas.es\/?post_type=product&#038;p=3100"},"modified":"2026-04-28T19:34:08","modified_gmt":"2026-04-28T17:34:08","slug":"tracto-2t","status":"publish","type":"product","link":"https:\/\/repmancarretillas.es\/ar\/product\/tracto-2t\/","title":{"rendered":"Tracto 2t"},"content":{"rendered":"<h2>\u0627\u0644\u0641\u0648\u0627\u0626\u062f \u0627\u0644\u0631\u0626\u064a\u0633\u064a\u0629.<\/h2>\n<ul>\n<li data-pm-slice=\"1 1 []\">\n<p data-pm-slice=\"1 1 []\">Dise\u00f1ado para uso con contenedores equipados con barra de arrastre.<\/p>\n<\/li>\n<li data-pm-slice=\"1 1 []\">\n<p data-pm-slice=\"1 1 []\">Alta ergonom\u00eda para el operador.<\/p>\n<\/li>\n<li data-pm-slice=\"1 1 []\">\n<p data-pm-slice=\"1 1 []\">Manipulaci\u00f3n segura y controlada en espacios confinados.<\/p>\n<\/li>\n<li data-pm-slice=\"1 1 []\">\n<p data-pm-slice=\"1 1 []\">Excelente visibilidad de la carga durante la operaci\u00f3n.<\/p>\n<\/li>\n<li data-pm-slice=\"1 1 []\">\n<p data-pm-slice=\"1 1 []\">Dos tipos de enganche incluidos de serie seg\u00fan la aplicaci\u00f3n.<\/p>\n<\/li>\n<\/ul>\n<h2>\u0627\u0644\u0645\u0648\u0627\u0635\u0641\u0627\u062a.<\/h2>\n<p data-pm-slice=\"1 1 []\">Tractor de arrastre compacto y ergon\u00f3mico, con ruedas de goma, brazo tim\u00f3n plegable, sistema de remolque con bola, bot\u00f3n de velocidad, opci\u00f3n de bater\u00eda de litio y capacidad de carga de 2000 kg.<\/p>","protected":false},"excerpt":{"rendered":"<p data-pm-slice=\"1 1 []\">Tractores de arrastre con conductor acompa\u00f1ante dise\u00f1ados para el transporte de jaulas, contenedores y soluciones log\u00edsticas sobre ruedas, permitiendo el traslado eficiente de mercanc\u00edas con m\u00ednimo esfuerzo y alta ergonom\u00eda.<\/p>\n<p data-pm-slice=\"0 0 []\"><em><strong>2000 kg | 5,0 km\/h<\/strong><\/em><\/p>\n<p data-pm-slice=\"0 0 []\">Dispositivo de arrastre est\u00e1ndar: El pasador y la bola de remolque son compatibles con gran variedad de remolques.<\/p>","protected":false},"featured_media":3101,"template":"","meta":{"_joinchat":[]},"product_brand":[],"product_cat":[26,34],"product_tag":[],"class_list":{"0":"post-3100","1":"product","2":"type-product","3":"status-publish","4":"has-post-thumbnail","6":"product_cat-carretillas-elevadoras","7":"product_cat-tractores-de-arrastre","9":"first","10":"instock","11":"shipping-taxable","12":"product-type-simple"},"_links":{"self":[{"href":"https:\/\/repmancarretillas.es\/ar\/wp-json\/wp\/v2\/product\/3100","targetHints":{"allow":["GET"]}}],"collection":[{"href":"https:\/\/repmancarretillas.es\/ar\/wp-json\/wp\/v2\/product"}],"about":[{"href":"https:\/\/repmancarretillas.es\/ar\/wp-json\/wp\/v2\/types\/product"}],"version-history":[{"count":1,"href":"https:\/\/repmancarretillas.es\/ar\/wp-json\/wp\/v2\/product\/3100\/revisions"}],"predecessor-version":[{"id":3109,"href":"https:\/\/repmancarretillas.es\/ar\/wp-json\/wp\/v2\/product\/3100\/revisions\/3109"}],"wp:featuredmedia":[{"embeddable":true,"href":"https:\/\/repmancarretillas.es\/ar\/wp-json\/wp\/v2\/media\/3101"}],"wp:attachment":[{"href":"https:\/\/repmancarretillas.es\/ar\/wp-json\/wp\/v2\/media?parent=3100"}],"wp:term":[{"taxonomy":"product_brand","embeddable":true,"href":"https:\/\/repmancarretillas.es\/ar\/wp-json\/wp\/v2\/product_brand?post=3100"},{"taxonomy":"product_cat","embeddable":true,"href":"https:\/\/repmancarretillas.es\/ar\/wp-json\/wp\/v2\/product_cat?post=3100"},{"taxonomy":"product_tag","embeddable":true,"href":"https:\/\/repmancarretillas.es\/ar\/wp-json\/wp\/v2\/product_tag?post=3100"}],"curies":[{"name":"wp","href":"https:\/\/api.w.org\/{rel}","templated":true}]}}