{"id":2725,"date":"2026-04-28T03:27:47","date_gmt":"2026-04-28T01:27:47","guid":{"rendered":"https:\/\/repmancarretillas.es\/?post_type=product&#038;p=2725"},"modified":"2026-04-28T03:32:21","modified_gmt":"2026-04-28T01:32:21","slug":"toyota-traigo48-de-litio-4-ruedas-2t","status":"publish","type":"product","link":"https:\/\/repmancarretillas.es\/ar\/product\/toyota-traigo48-de-litio-4-ruedas-2t\/","title":{"rendered":"Toyota Traigo48 de litio, 4 ruedas 2t"},"content":{"rendered":"<h2>\u0627\u0644\u0641\u0648\u0627\u0626\u062f \u0627\u0644\u0631\u0626\u064a\u0633\u064a\u0629.<\/h2>\n<ul>\n<li data-pm-slice=\"1 1 []\">\n<p data-pm-slice=\"1 1 []\">Dise\u00f1o centrado en el operario para mayor confort<\/p>\n<\/li>\n<li data-pm-slice=\"1 1 []\">\n<p data-pm-slice=\"1 1 []\">Tecnolog\u00eda de iones de litio para m\u00e1xima eficiencia energ\u00e9tica<\/p>\n<\/li>\n<li data-pm-slice=\"1 1 []\">\n<p data-pm-slice=\"1 1 []\">Alta estabilidad en interiores y exteriores<\/p>\n<\/li>\n<li data-pm-slice=\"1 1 []\">\n<p data-pm-slice=\"1 1 []\">Carga r\u00e1pida y segura con bater\u00edas de litio<\/p>\n<\/li>\n<li data-pm-slice=\"1 1 []\">\n<p data-pm-slice=\"1 1 []\">Sistema SAS para mayor seguridad<\/p>\n<\/li>\n<\/ul>\n<h2>\u0627\u0644\u0645\u0648\u0627\u0635\u0641\u0627\u062a.<\/h2>\n<p data-pm-slice=\"1 1 []\">Toyota SAS, motor IPM tracci\u00f3n y CA elevaci\u00f3n, ORS, mandos ergon\u00f3micos, m\u00e1stil 3300 mm, horquillas 1000 mm, frenos h\u00famedos, direcci\u00f3n hidr\u00e1ulica, pantalla digital, bater\u00eda de litio integrada.<\/p>","protected":false},"excerpt":{"rendered":"<p data-pm-slice=\"0 0 []\">\u00bfBusca una carretilla de iones de litio con un dise\u00f1o inigualable? Esta Traigo48 de 4 ruedas ha sido dise\u00f1ada para ofrecer un rendimiento excepcional tanto en interiores como en exteriores. Ofrece una avanzada eficiencia energ\u00e9tica de bajo consumo. Su dise\u00f1o exclusivo proporciona a los conductores unas condiciones de trabajo espaciosas y un espacio extra para las piernas, lo que se traduce en altos niveles de productividad. Las bater\u00edas de iones de litio permiten una carga de oportunidad r\u00e1pida, segura y sencilla para reducir al m\u00ednimo el tiempo de inactividad.<\/p>\n<p data-pm-slice=\"1 1 []\"><em><strong>2000 kg | 7500 mm | 48 volt | 19,0 km\/h<\/strong><\/em><\/p>\n<p data-pm-slice=\"1 1 []\">Dise\u00f1o \u00fanico de Toyota: Su dise\u00f1o exclusivo ofrece a los operarios un espacioso habit\u00e1culo para el conductor con espacio adicional para las piernas, lo que supone una comodidad l\u00edder en su clase.<\/p>","protected":false},"featured_media":2726,"template":"","meta":{"_joinchat":[]},"product_brand":[],"product_cat":[26,32],"product_tag":[],"class_list":{"0":"post-2725","1":"product","2":"type-product","3":"status-publish","4":"has-post-thumbnail","6":"product_cat-carretillas-elevadoras","7":"product_cat-contrapesadas-electricas","9":"first","10":"instock","11":"shipping-taxable","12":"product-type-simple"},"_links":{"self":[{"href":"https:\/\/repmancarretillas.es\/ar\/wp-json\/wp\/v2\/product\/2725","targetHints":{"allow":["GET"]}}],"collection":[{"href":"https:\/\/repmancarretillas.es\/ar\/wp-json\/wp\/v2\/product"}],"about":[{"href":"https:\/\/repmancarretillas.es\/ar\/wp-json\/wp\/v2\/types\/product"}],"version-history":[{"count":1,"href":"https:\/\/repmancarretillas.es\/ar\/wp-json\/wp\/v2\/product\/2725\/revisions"}],"predecessor-version":[{"id":2737,"href":"https:\/\/repmancarretillas.es\/ar\/wp-json\/wp\/v2\/product\/2725\/revisions\/2737"}],"wp:featuredmedia":[{"embeddable":true,"href":"https:\/\/repmancarretillas.es\/ar\/wp-json\/wp\/v2\/media\/2726"}],"wp:attachment":[{"href":"https:\/\/repmancarretillas.es\/ar\/wp-json\/wp\/v2\/media?parent=2725"}],"wp:term":[{"taxonomy":"product_brand","embeddable":true,"href":"https:\/\/repmancarretillas.es\/ar\/wp-json\/wp\/v2\/product_brand?post=2725"},{"taxonomy":"product_cat","embeddable":true,"href":"https:\/\/repmancarretillas.es\/ar\/wp-json\/wp\/v2\/product_cat?post=2725"},{"taxonomy":"product_tag","embeddable":true,"href":"https:\/\/repmancarretillas.es\/ar\/wp-json\/wp\/v2\/product_tag?post=2725"}],"curies":[{"name":"wp","href":"https:\/\/api.w.org\/{rel}","templated":true}]}}