{"id":2627,"date":"2026-04-28T02:50:54","date_gmt":"2026-04-28T00:50:54","guid":{"rendered":"https:\/\/repmancarretillas.es\/?post_type=product&#038;p=2627"},"modified":"2026-04-28T02:55:16","modified_gmt":"2026-04-28T00:55:16","slug":"toyota-traigo-48-4-ruedas-1-8t","status":"publish","type":"product","link":"https:\/\/repmancarretillas.es\/ar\/product\/toyota-traigo-48-4-ruedas-1-8t\/","title":{"rendered":"Toyota Traigo 48, 4 ruedas 1.8t"},"content":{"rendered":"<h2>\u0627\u0644\u0641\u0648\u0627\u0626\u062f \u0627\u0644\u0631\u0626\u064a\u0633\u064a\u0629.<\/h2>\n<ul>\n<li data-pm-slice=\"1 1 []\">\n<p data-pm-slice=\"1 1 []\">Carretilla contrapesada el\u00e9ctrica para uso interior y exterior<\/p>\n<\/li>\n<li data-pm-slice=\"1 1 []\">\n<p data-pm-slice=\"1 1 []\">Cabina amplia que mejora la productividad<\/p>\n<\/li>\n<li data-pm-slice=\"1 1 []\">\n<p data-pm-slice=\"1 1 []\">Opciones energ\u00e9ticas adaptables<\/p>\n<\/li>\n<li data-pm-slice=\"1 1 []\">\n<p data-pm-slice=\"1 1 []\">Cambio de bater\u00eda r\u00e1pido y seguro<\/p>\n<\/li>\n<li data-pm-slice=\"1 1 []\">\n<p data-pm-slice=\"1 1 []\">Sistema SAS para mayor seguridad<\/p>\n<\/li>\n<\/ul>\n<h2>\u0627\u0644\u0645\u0648\u0627\u0635\u0641\u0627\u062a.<\/h2>\n<p data-pm-slice=\"1 1 []\">Toyota SAS, motor IPM tracci\u00f3n y CA elevaci\u00f3n, ORS, controles ergon\u00f3micos, m\u00e1stil 3300 mm, horquillas 1000 mm, frenos h\u00famedos, direcci\u00f3n hidr\u00e1ulica, pantalla t\u00e1ctil, bater\u00eda lateral segura.<\/p>","protected":false},"excerpt":{"rendered":"<p data-pm-slice=\"0 0 []\">\u00bfBusca una carretilla el\u00e9ctrica fiable y vers\u00e1til? La Traigo48 de 4 ruedas ofrece gran estabilidad, maniobrabilidad y alto rendimiento en interiores y exteriores, con m\u00e1ximo confort y eficiencia energ\u00e9tica.<\/p>\n<p data-pm-slice=\"1 1 []\"><em><strong>1800 kg | 7500 mm | 48 volt | 20,0 km\/h<\/strong><\/em><\/p>\n<p data-pm-slice=\"1 1 []\">Cabina del operario ergon\u00f3mica: Volante, pantalla t\u00e1ctil, opciones de palanca: todo se ha dise\u00f1ado pensando en el operador para ofrecerle un confort y una productividad \u00f3ptimos.<\/p>","protected":false},"featured_media":2628,"template":"","meta":{"_joinchat":[]},"product_brand":[],"product_cat":[26,32],"product_tag":[],"class_list":{"0":"post-2627","1":"product","2":"type-product","3":"status-publish","4":"has-post-thumbnail","6":"product_cat-carretillas-elevadoras","7":"product_cat-contrapesadas-electricas","9":"first","10":"instock","11":"shipping-taxable","12":"product-type-simple"},"_links":{"self":[{"href":"https:\/\/repmancarretillas.es\/ar\/wp-json\/wp\/v2\/product\/2627","targetHints":{"allow":["GET"]}}],"collection":[{"href":"https:\/\/repmancarretillas.es\/ar\/wp-json\/wp\/v2\/product"}],"about":[{"href":"https:\/\/repmancarretillas.es\/ar\/wp-json\/wp\/v2\/types\/product"}],"version-history":[{"count":2,"href":"https:\/\/repmancarretillas.es\/ar\/wp-json\/wp\/v2\/product\/2627\/revisions"}],"predecessor-version":[{"id":2640,"href":"https:\/\/repmancarretillas.es\/ar\/wp-json\/wp\/v2\/product\/2627\/revisions\/2640"}],"wp:featuredmedia":[{"embeddable":true,"href":"https:\/\/repmancarretillas.es\/ar\/wp-json\/wp\/v2\/media\/2628"}],"wp:attachment":[{"href":"https:\/\/repmancarretillas.es\/ar\/wp-json\/wp\/v2\/media?parent=2627"}],"wp:term":[{"taxonomy":"product_brand","embeddable":true,"href":"https:\/\/repmancarretillas.es\/ar\/wp-json\/wp\/v2\/product_brand?post=2627"},{"taxonomy":"product_cat","embeddable":true,"href":"https:\/\/repmancarretillas.es\/ar\/wp-json\/wp\/v2\/product_cat?post=2627"},{"taxonomy":"product_tag","embeddable":true,"href":"https:\/\/repmancarretillas.es\/ar\/wp-json\/wp\/v2\/product_tag?post=2627"}],"curies":[{"name":"wp","href":"https:\/\/api.w.org\/{rel}","templated":true}]}}