{"id":2555,"date":"2026-04-28T01:51:17","date_gmt":"2026-04-27T23:51:17","guid":{"rendered":"https:\/\/repmancarretillas.es\/?post_type=product&#038;p=2555"},"modified":"2026-04-28T01:55:20","modified_gmt":"2026-04-27T23:55:20","slug":"toyota-traigo48-ruedas-1-6t-compacta-2025","status":"publish","type":"product","link":"https:\/\/repmancarretillas.es\/ar\/product\/toyota-traigo48-ruedas-1-6t-compacta-2025\/","title":{"rendered":"Toyota Traigo48, ruedas 1.6t, Compacta (2025)"},"content":{"rendered":"<h2>\u0627\u0644\u0641\u0648\u0627\u0626\u062f \u0627\u0644\u0631\u0626\u064a\u0633\u064a\u0629.<\/h2>\n<ul>\n<li data-pm-slice=\"1 1 []\">\n<p data-pm-slice=\"1 1 []\">Carretilla contrapesada el\u00e9ctrica con radio de giro compacto<\/p>\n<\/li>\n<li data-pm-slice=\"1 1 []\">\n<p data-pm-slice=\"1 1 []\">Excelente desempe\u00f1o en espacios reducidos<\/p>\n<\/li>\n<li data-pm-slice=\"1 1 []\">\n<p data-pm-slice=\"1 1 []\">Cabina amplia que mejora confort y productividad<\/p>\n<\/li>\n<li data-pm-slice=\"1 1 []\">\n<p data-pm-slice=\"1 1 []\">Opciones energ\u00e9ticas flexibles<\/p>\n<\/li>\n<li data-pm-slice=\"1 1 []\">\n<p data-pm-slice=\"1 1 []\">Sistema SAS para mayor seguridad<\/p>\n<\/li>\n<\/ul>\n<h2>\u0627\u0644\u0645\u0648\u0627\u0635\u0641\u0627\u062a.<\/h2>\n<p data-pm-slice=\"1 1 []\">Toyota SAS, motor IPM tracci\u00f3n y CA elevaci\u00f3n, ORS, mandos ergon\u00f3micos, m\u00e1stil 3300 mm, horquillas 1000 mm, frenos h\u00famedos, direcci\u00f3n hidr\u00e1ulica, pantalla t\u00e1ctil, bater\u00eda intercambiable lateral segura.<\/p>","protected":false},"excerpt":{"rendered":"<p data-pm-slice=\"1 1 []\">\u00bfBusca una carretilla el\u00e9ctrica vers\u00e1til y eficiente? La Traigo48 de 4 ruedas ofrece excelente maniobrabilidad, radio de giro reducido y alto rendimiento con m\u00e1ximo confort y bajo consumo energ\u00e9tico.<\/p>\n<p data-pm-slice=\"1 1 []\"><em><strong>1600 kg | 7500 mm | 48 volt | 20,0 km\/h<\/strong><\/em><\/p>\n<p data-pm-slice=\"1 1 []\">SyncoDrive de Toyota: El motor Toyota IPM (im\u00e1n permanente interior), combinado con nuestros avanzados controladores, ofrece un mayor rendimiento, al tiempo que minimiza el consumo de energ\u00eda.<\/p>","protected":false},"featured_media":2556,"template":"","meta":{"_joinchat":[]},"product_brand":[],"product_cat":[26,32],"product_tag":[],"class_list":{"0":"post-2555","1":"product","2":"type-product","3":"status-publish","4":"has-post-thumbnail","6":"product_cat-carretillas-elevadoras","7":"product_cat-contrapesadas-electricas","9":"first","10":"instock","11":"shipping-taxable","12":"product-type-simple"},"_links":{"self":[{"href":"https:\/\/repmancarretillas.es\/ar\/wp-json\/wp\/v2\/product\/2555","targetHints":{"allow":["GET"]}}],"collection":[{"href":"https:\/\/repmancarretillas.es\/ar\/wp-json\/wp\/v2\/product"}],"about":[{"href":"https:\/\/repmancarretillas.es\/ar\/wp-json\/wp\/v2\/types\/product"}],"version-history":[{"count":1,"href":"https:\/\/repmancarretillas.es\/ar\/wp-json\/wp\/v2\/product\/2555\/revisions"}],"predecessor-version":[{"id":2566,"href":"https:\/\/repmancarretillas.es\/ar\/wp-json\/wp\/v2\/product\/2555\/revisions\/2566"}],"wp:featuredmedia":[{"embeddable":true,"href":"https:\/\/repmancarretillas.es\/ar\/wp-json\/wp\/v2\/media\/2556"}],"wp:attachment":[{"href":"https:\/\/repmancarretillas.es\/ar\/wp-json\/wp\/v2\/media?parent=2555"}],"wp:term":[{"taxonomy":"product_brand","embeddable":true,"href":"https:\/\/repmancarretillas.es\/ar\/wp-json\/wp\/v2\/product_brand?post=2555"},{"taxonomy":"product_cat","embeddable":true,"href":"https:\/\/repmancarretillas.es\/ar\/wp-json\/wp\/v2\/product_cat?post=2555"},{"taxonomy":"product_tag","embeddable":true,"href":"https:\/\/repmancarretillas.es\/ar\/wp-json\/wp\/v2\/product_tag?post=2555"}],"curies":[{"name":"wp","href":"https:\/\/api.w.org\/{rel}","templated":true}]}}