{"id":2534,"date":"2026-04-28T01:41:57","date_gmt":"2026-04-27T23:41:57","guid":{"rendered":"https:\/\/repmancarretillas.es\/?post_type=product&#038;p=2534"},"modified":"2026-04-28T01:46:12","modified_gmt":"2026-04-27T23:46:12","slug":"toyota-traigo80v-4-ruedas-3-toneladas","status":"publish","type":"product","link":"https:\/\/repmancarretillas.es\/ar\/product\/toyota-traigo80v-4-ruedas-3-toneladas\/","title":{"rendered":"Toyota Traigo80V 4 Ruedas 3 Toneladas"},"content":{"rendered":"<h2>\u0627\u0644\u0641\u0648\u0627\u0626\u062f \u0627\u0644\u0631\u0626\u064a\u0633\u064a\u0629.<\/h2>\n<ul>\n<li data-pm-slice=\"1 1 []\">\n<p data-pm-slice=\"1 1 []\">Chasis robusto dise\u00f1ado para m\u00e1xima durabilidad<\/p>\n<\/li>\n<li data-pm-slice=\"1 1 []\">\n<p data-pm-slice=\"1 1 []\">Rendimiento el\u00e9ctrico sin emisiones<\/p>\n<\/li>\n<li data-pm-slice=\"1 1 []\">\n<p data-pm-slice=\"1 1 []\">Estabilidad superior en cualquier entorno<\/p>\n<\/li>\n<li data-pm-slice=\"1 1 []\">\n<p data-pm-slice=\"1 1 []\">Soluciones energ\u00e9ticas eficientes con bater\u00edas de litio<\/p>\n<\/li>\n<li data-pm-slice=\"1 1 []\">\n<p data-pm-slice=\"1 1 []\">Cabina ergon\u00f3mica que mejora confort y productividad<\/p>\n<\/li>\n<\/ul>\n<h2>\u0627\u0644\u0645\u0648\u0627\u0635\u0641\u0627\u062a.<\/h2>\n<p data-pm-slice=\"1 1 []\">Toyota SAS, sistema AC, ORS y OPS, m\u00e1stil 3300 mm, horquillas 1000\u20131200 mm, frenos h\u00famedos, direcci\u00f3n hidr\u00e1ulica, pantalla digital, v\u00e1lvulas 3 v\u00edas, cabina flotante, parada emergencia.<\/p>","protected":false},"excerpt":{"rendered":"<p data-pm-slice=\"1 1 []\">La Toyota Traigo80 est\u00e1 dise\u00f1ada para brindar resistencia y durabilidad. Dise\u00f1ada para operar en los entornos m\u00e1s complejos, tanto en interiores como en exteriores. Ofrece un rendimiento excepcional con 0 emisiones. Disponible con bater\u00eda de litio de bajo consumo y una excelente ergonom\u00eda para mejorar la productividad.<\/p>\n<p data-pm-slice=\"1 1 []\"><em><strong>3000kg | 6500mm | 80volt | 20,0km\/h<\/strong><\/em><\/p>\n<p data-pm-slice=\"1 1 []\">Dise\u00f1ada para el operario: Cabina del operario dise\u00f1ada ergon\u00f3micamente con un nuevo reposabrazos. Dispone de una selecci\u00f3n de palancas para una excelente comodidad del conductor durante todo el turno.<\/p>","protected":false},"featured_media":2535,"template":"","meta":{"_joinchat":[]},"product_brand":[],"product_cat":[26,32],"product_tag":[],"class_list":{"0":"post-2534","1":"product","2":"type-product","3":"status-publish","4":"has-post-thumbnail","6":"product_cat-carretillas-elevadoras","7":"product_cat-contrapesadas-electricas","9":"first","10":"instock","11":"shipping-taxable","12":"product-type-simple"},"_links":{"self":[{"href":"https:\/\/repmancarretillas.es\/ar\/wp-json\/wp\/v2\/product\/2534","targetHints":{"allow":["GET"]}}],"collection":[{"href":"https:\/\/repmancarretillas.es\/ar\/wp-json\/wp\/v2\/product"}],"about":[{"href":"https:\/\/repmancarretillas.es\/ar\/wp-json\/wp\/v2\/types\/product"}],"version-history":[{"count":1,"href":"https:\/\/repmancarretillas.es\/ar\/wp-json\/wp\/v2\/product\/2534\/revisions"}],"predecessor-version":[{"id":2542,"href":"https:\/\/repmancarretillas.es\/ar\/wp-json\/wp\/v2\/product\/2534\/revisions\/2542"}],"wp:featuredmedia":[{"embeddable":true,"href":"https:\/\/repmancarretillas.es\/ar\/wp-json\/wp\/v2\/media\/2535"}],"wp:attachment":[{"href":"https:\/\/repmancarretillas.es\/ar\/wp-json\/wp\/v2\/media?parent=2534"}],"wp:term":[{"taxonomy":"product_brand","embeddable":true,"href":"https:\/\/repmancarretillas.es\/ar\/wp-json\/wp\/v2\/product_brand?post=2534"},{"taxonomy":"product_cat","embeddable":true,"href":"https:\/\/repmancarretillas.es\/ar\/wp-json\/wp\/v2\/product_cat?post=2534"},{"taxonomy":"product_tag","embeddable":true,"href":"https:\/\/repmancarretillas.es\/ar\/wp-json\/wp\/v2\/product_tag?post=2534"}],"curies":[{"name":"wp","href":"https:\/\/api.w.org\/{rel}","templated":true}]}}