{"id":2489,"date":"2026-04-28T01:19:43","date_gmt":"2026-04-27T23:19:43","guid":{"rendered":"https:\/\/repmancarretillas.es\/?post_type=product&#038;p=2489"},"modified":"2026-04-28T01:24:24","modified_gmt":"2026-04-27T23:24:24","slug":"toyota-traigo-80v-4-ruedas-8-toneladas","status":"publish","type":"product","link":"https:\/\/repmancarretillas.es\/ar\/product\/toyota-traigo-80v-4-ruedas-8-toneladas\/","title":{"rendered":"Toyota Traigo 80V 4 Ruedas 8 Toneladas"},"content":{"rendered":"<h2>\u0627\u0644\u0641\u0648\u0627\u0626\u062f \u0627\u0644\u0631\u0626\u064a\u0633\u064a\u0629.<\/h2>\n<ul>\n<li data-pm-slice=\"1 1 []\">\n<p data-pm-slice=\"1 1 []\">Manipulaci\u00f3n sencilla de cargas pesadas<\/p>\n<\/li>\n<li data-pm-slice=\"1 1 []\">\n<p data-pm-slice=\"1 1 []\">Potencia con eficiencia energ\u00e9tica optimizada<\/p>\n<\/li>\n<li data-pm-slice=\"1 1 []\">\n<p data-pm-slice=\"1 1 []\">Rendimiento fiable en entornos exigentes<\/p>\n<\/li>\n<li data-pm-slice=\"1 1 []\">\n<p data-pm-slice=\"1 1 []\">Elevaci\u00f3n r\u00e1pida y precisa<\/p>\n<\/li>\n<li data-pm-slice=\"1 1 []\">\n<p data-pm-slice=\"1 1 []\">Manejo \u00e1gil y seguro<\/p>\n<\/li>\n<\/ul>\n<h2>\u0627\u0644\u0645\u0648\u0627\u0635\u0641\u0627\u062a.<\/h2>\n<p data-pm-slice=\"1 1 []\">Capacidad 8 t a 900 mm, Toyota SAS, sistema AC2, OPS y ORS, m\u00e1stil 3300 mm, frenos h\u00famedos, EPS, pantalla digital, neum\u00e1ticos macizos, v\u00e1lvula 4 v\u00edas, cabina flotante.<\/p>","protected":false},"excerpt":{"rendered":"<p data-pm-slice=\"0 0 []\">\u00bfNecesita potencia para trabajos exigentes? La Toyota Traigo80 9FBH80T, con 8 toneladas de capacidad, ofrece un rendimiento el\u00e9ctrico silencioso, eficiente y robusto para operaciones intensivas en cualquier entorno.<\/p>\n<p data-pm-slice=\"1 1 []\"><em><strong>8000 kg | 7060 mm |e 80 volt | 18,0 km\/h<\/strong><\/em><\/p>\n<p data-pm-slice=\"1 1 []\">Sistema de Estabilidad Activa (SAS): El primer sistema activo para controlar la estabilidad de la carretilla elevadora. SAS proporciona tecnolog\u00eda avanzada para una estabilidad inigualable de la carretilla que aumenta la seguridad y la productividad durante la manipulaci\u00f3n de la carga.<\/p>","protected":false},"featured_media":2490,"template":"","meta":{"_joinchat":[]},"product_brand":[],"product_cat":[26,32],"product_tag":[],"class_list":{"0":"post-2489","1":"product","2":"type-product","3":"status-publish","4":"has-post-thumbnail","6":"product_cat-carretillas-elevadoras","7":"product_cat-contrapesadas-electricas","9":"first","10":"instock","11":"shipping-taxable","12":"product-type-simple"},"_links":{"self":[{"href":"https:\/\/repmancarretillas.es\/ar\/wp-json\/wp\/v2\/product\/2489","targetHints":{"allow":["GET"]}}],"collection":[{"href":"https:\/\/repmancarretillas.es\/ar\/wp-json\/wp\/v2\/product"}],"about":[{"href":"https:\/\/repmancarretillas.es\/ar\/wp-json\/wp\/v2\/types\/product"}],"version-history":[{"count":1,"href":"https:\/\/repmancarretillas.es\/ar\/wp-json\/wp\/v2\/product\/2489\/revisions"}],"predecessor-version":[{"id":2497,"href":"https:\/\/repmancarretillas.es\/ar\/wp-json\/wp\/v2\/product\/2489\/revisions\/2497"}],"wp:featuredmedia":[{"embeddable":true,"href":"https:\/\/repmancarretillas.es\/ar\/wp-json\/wp\/v2\/media\/2490"}],"wp:attachment":[{"href":"https:\/\/repmancarretillas.es\/ar\/wp-json\/wp\/v2\/media?parent=2489"}],"wp:term":[{"taxonomy":"product_brand","embeddable":true,"href":"https:\/\/repmancarretillas.es\/ar\/wp-json\/wp\/v2\/product_brand?post=2489"},{"taxonomy":"product_cat","embeddable":true,"href":"https:\/\/repmancarretillas.es\/ar\/wp-json\/wp\/v2\/product_cat?post=2489"},{"taxonomy":"product_tag","embeddable":true,"href":"https:\/\/repmancarretillas.es\/ar\/wp-json\/wp\/v2\/product_tag?post=2489"}],"curies":[{"name":"wp","href":"https:\/\/api.w.org\/{rel}","templated":true}]}}