{"id":2407,"date":"2026-04-27T04:16:12","date_gmt":"2026-04-27T02:16:12","guid":{"rendered":"https:\/\/repmancarretillas.es\/?post_type=product&#038;p=2407"},"modified":"2026-04-27T04:20:39","modified_gmt":"2026-04-27T02:20:39","slug":"toyota-traigo80v-4-ruedas-compacta-2-toneladas","status":"publish","type":"product","link":"https:\/\/repmancarretillas.es\/ar\/product\/toyota-traigo80v-4-ruedas-compacta-2-toneladas\/","title":{"rendered":"Toyota Traigo80V 4 Ruedas Compacta 2 Toneladas"},"content":{"rendered":"<h2>\u0627\u0644\u0641\u0648\u0627\u0626\u062f \u0627\u0644\u0631\u0626\u064a\u0633\u064a\u0629.<\/h2>\n<ul>\n<li data-pm-slice=\"1 1 []\">\n<p data-pm-slice=\"1 1 []\">Chasis compacto para f\u00e1cil maniobrabilidad en espacios reducidos<\/p>\n<\/li>\n<li data-pm-slice=\"1 1 []\">\n<p data-pm-slice=\"1 1 []\">Alto rendimiento con cero emisiones<\/p>\n<\/li>\n<li data-pm-slice=\"1 1 []\">\n<p data-pm-slice=\"1 1 []\">Gran estabilidad en interiores y exteriores<\/p>\n<\/li>\n<li data-pm-slice=\"1 1 []\">\n<p data-pm-slice=\"1 1 []\">Bater\u00edas de litio con soluciones de energ\u00eda inteligentes<\/p>\n<\/li>\n<li data-pm-slice=\"1 1 []\">\n<p data-pm-slice=\"1 1 []\">Cabina ergon\u00f3mica para mayor confort y productividad<\/p>\n<\/li>\n<\/ul>\n<h2>\u0627\u0644\u0645\u0648\u0627\u0635\u0641\u0627\u062a.<\/h2>\n<p data-pm-slice=\"1 1 []\">Carretilla con SAS Toyota, sistema AC, ORS y OPS, m\u00e1stil 3300 mm, horquillas estrechas, frenos h\u00famedos, pedal ancho, direcci\u00f3n hidr\u00e1ulica, ruedas superel\u00e1sticas y compartimento del conductor flotante.<\/p>","protected":false},"excerpt":{"rendered":"<p data-pm-slice=\"0 0 []\">La Toyota Traigo80 ofrece gran resistencia y durabilidad para trabajos exigentes en interiores y exteriores, con alto rendimiento, cero emisiones y excelente ergonom\u00eda para el operador.<\/p>\n<p data-pm-slice=\"1 1 []\"><em><strong>2000kg | 6500mm | 80volt | 20,0km\/h<\/strong><\/em><\/p>\n<p data-pm-slice=\"1 1 []\">Sistema de Estabilidad Activa (SAS): El primer sistema activo para controlar la estabilidad de la carretilla elevadora. SAS proporciona tecnolog\u00eda avanzada para una estabilidad inigualable de la carretilla que aumenta la seguridad y la productividad durante la manipulaci\u00f3n de la carga.<\/p>","protected":false},"featured_media":2408,"template":"","meta":{"_joinchat":[]},"product_brand":[],"product_cat":[26,32],"product_tag":[],"class_list":{"0":"post-2407","1":"product","2":"type-product","3":"status-publish","4":"has-post-thumbnail","6":"product_cat-carretillas-elevadoras","7":"product_cat-contrapesadas-electricas","9":"first","10":"instock","11":"shipping-taxable","12":"product-type-simple"},"_links":{"self":[{"href":"https:\/\/repmancarretillas.es\/ar\/wp-json\/wp\/v2\/product\/2407","targetHints":{"allow":["GET"]}}],"collection":[{"href":"https:\/\/repmancarretillas.es\/ar\/wp-json\/wp\/v2\/product"}],"about":[{"href":"https:\/\/repmancarretillas.es\/ar\/wp-json\/wp\/v2\/types\/product"}],"version-history":[{"count":1,"href":"https:\/\/repmancarretillas.es\/ar\/wp-json\/wp\/v2\/product\/2407\/revisions"}],"predecessor-version":[{"id":2416,"href":"https:\/\/repmancarretillas.es\/ar\/wp-json\/wp\/v2\/product\/2407\/revisions\/2416"}],"wp:featuredmedia":[{"embeddable":true,"href":"https:\/\/repmancarretillas.es\/ar\/wp-json\/wp\/v2\/media\/2408"}],"wp:attachment":[{"href":"https:\/\/repmancarretillas.es\/ar\/wp-json\/wp\/v2\/media?parent=2407"}],"wp:term":[{"taxonomy":"product_brand","embeddable":true,"href":"https:\/\/repmancarretillas.es\/ar\/wp-json\/wp\/v2\/product_brand?post=2407"},{"taxonomy":"product_cat","embeddable":true,"href":"https:\/\/repmancarretillas.es\/ar\/wp-json\/wp\/v2\/product_cat?post=2407"},{"taxonomy":"product_tag","embeddable":true,"href":"https:\/\/repmancarretillas.es\/ar\/wp-json\/wp\/v2\/product_tag?post=2407"}],"curies":[{"name":"wp","href":"https:\/\/api.w.org\/{rel}","templated":true}]}}