{"id":2395,"date":"2026-04-27T04:08:11","date_gmt":"2026-04-27T02:08:11","guid":{"rendered":"https:\/\/repmancarretillas.es\/?post_type=product&#038;p=2395"},"modified":"2026-04-27T04:15:51","modified_gmt":"2026-04-27T02:15:51","slug":"toyota-traigo-80v-4-ruedas-6-toneladas","status":"publish","type":"product","link":"https:\/\/repmancarretillas.es\/ar\/product\/toyota-traigo-80v-4-ruedas-6-toneladas\/","title":{"rendered":"Toyota Traigo 80V 4 Ruedas 6 Toneladas"},"content":{"rendered":"<h2>\u0627\u0644\u0641\u0648\u0627\u0626\u062f \u0627\u0644\u0631\u0626\u064a\u0633\u064a\u0629.<\/h2>\n<ul>\n<li data-pm-slice=\"1 1 []\">\n<p data-pm-slice=\"1 1 []\">Manejo sencillo de cargas pesadas<\/p>\n<\/li>\n<li data-pm-slice=\"1 1 []\">\n<p data-pm-slice=\"1 1 []\">Alto rendimiento con eficiencia energ\u00e9tica<\/p>\n<\/li>\n<li data-pm-slice=\"1 1 []\">\n<p data-pm-slice=\"1 1 []\">Fiabilidad en condiciones exigentes<\/p>\n<\/li>\n<li data-pm-slice=\"1 1 []\">\n<p data-pm-slice=\"1 1 []\">Excelente capacidad de elevaci\u00f3n<\/p>\n<\/li>\n<li data-pm-slice=\"1 1 []\">\n<p data-pm-slice=\"1 1 []\">Maniobrabilidad segura y precisa<\/p>\n<\/li>\n<\/ul>\n<h2>\u0627\u0644\u0645\u0648\u0627\u0635\u0641\u0627\u062a.<\/h2>\n<p data-pm-slice=\"1 1 []\">Carretilla de 6 t con SAS Toyota, sistema AC2, OPS y ORS, m\u00e1stil 3300 mm, EPS, frenos h\u00famedos, elevaci\u00f3n amortiguada, pantalla digital, neum\u00e1ticos macizos y compartimento del conductor flotante.<\/p>","protected":false},"excerpt":{"rendered":"<p data-pm-slice=\"0 0 []\">\u00bfBusca una carretilla contrapesada de alta capacidad? La Toyota Traigo80 de 6 a 8 toneladas ofrece potencia el\u00e9ctrica, eficiencia y rendimiento silencioso para trabajos exigentes en interiores y exteriores.<\/p>\n<p data-pm-slice=\"1 1 []\"><em><strong>6000 kg | 7060 mm | 80 volt | 20,0 km\/h<\/strong><\/em><\/p>\n<p data-pm-slice=\"1 1 []\">Acceso r\u00e1pido a la bater\u00eda: El panel lateral de la bater\u00eda se abre completamente sin necesidad de herramientas. La bater\u00eda se puede sacar lateralmente con la ayuda de una transpaleta u otra carretilla.<\/p>","protected":false},"featured_media":2396,"template":"","meta":{"_joinchat":[]},"product_brand":[],"product_cat":[26,32],"product_tag":[],"class_list":{"0":"post-2395","1":"product","2":"type-product","3":"status-publish","4":"has-post-thumbnail","6":"product_cat-carretillas-elevadoras","7":"product_cat-contrapesadas-electricas","9":"first","10":"instock","11":"shipping-taxable","12":"product-type-simple"},"_links":{"self":[{"href":"https:\/\/repmancarretillas.es\/ar\/wp-json\/wp\/v2\/product\/2395","targetHints":{"allow":["GET"]}}],"collection":[{"href":"https:\/\/repmancarretillas.es\/ar\/wp-json\/wp\/v2\/product"}],"about":[{"href":"https:\/\/repmancarretillas.es\/ar\/wp-json\/wp\/v2\/types\/product"}],"version-history":[{"count":1,"href":"https:\/\/repmancarretillas.es\/ar\/wp-json\/wp\/v2\/product\/2395\/revisions"}],"predecessor-version":[{"id":2406,"href":"https:\/\/repmancarretillas.es\/ar\/wp-json\/wp\/v2\/product\/2395\/revisions\/2406"}],"wp:featuredmedia":[{"embeddable":true,"href":"https:\/\/repmancarretillas.es\/ar\/wp-json\/wp\/v2\/media\/2396"}],"wp:attachment":[{"href":"https:\/\/repmancarretillas.es\/ar\/wp-json\/wp\/v2\/media?parent=2395"}],"wp:term":[{"taxonomy":"product_brand","embeddable":true,"href":"https:\/\/repmancarretillas.es\/ar\/wp-json\/wp\/v2\/product_brand?post=2395"},{"taxonomy":"product_cat","embeddable":true,"href":"https:\/\/repmancarretillas.es\/ar\/wp-json\/wp\/v2\/product_cat?post=2395"},{"taxonomy":"product_tag","embeddable":true,"href":"https:\/\/repmancarretillas.es\/ar\/wp-json\/wp\/v2\/product_tag?post=2395"}],"curies":[{"name":"wp","href":"https:\/\/api.w.org\/{rel}","templated":true}]}}