{"id":2364,"date":"2026-04-27T03:43:15","date_gmt":"2026-04-27T01:43:15","guid":{"rendered":"https:\/\/repmancarretillas.es\/?post_type=product&#038;p=2364"},"modified":"2026-04-27T03:54:49","modified_gmt":"2026-04-27T01:54:49","slug":"toyota-traigo48-4-ruedas-2t-2025","status":"publish","type":"product","link":"https:\/\/repmancarretillas.es\/ar\/product\/toyota-traigo48-4-ruedas-2t-2025\/","title":{"rendered":"Toyota Traigo48, 4 ruedas 2t (2025)"},"content":{"rendered":"<h2>\u0627\u0644\u0641\u0648\u0627\u0626\u062f \u0627\u0644\u0631\u0626\u064a\u0633\u064a\u0629.<\/h2>\n<ul>\n<li data-pm-slice=\"1 1 []\">\n<p data-pm-slice=\"1 1 []\">Carretilla el\u00e9ctrica contrapesada ideal para uso en interiores y exteriores<\/p>\n<\/li>\n<li data-pm-slice=\"1 1 []\">\n<p data-pm-slice=\"1 1 []\">Cabina del operador amplia para mayor productividad<\/p>\n<\/li>\n<li data-pm-slice=\"1 1 []\">\n<p data-pm-slice=\"1 1 []\">Opciones de energ\u00eda: plomo-\u00e1cido, litio o pila de combustible<\/p>\n<\/li>\n<li data-pm-slice=\"1 1 []\">\n<p data-pm-slice=\"1 1 []\">Cambio de bater\u00edas de plomo-\u00e1cido r\u00e1pido, sencillo y seguro<\/p>\n<\/li>\n<li data-pm-slice=\"1 1 []\">\n<p data-pm-slice=\"1 1 []\">Sistema de Estabilidad Activa (SAS) para mayor seguridad<\/p>\n<\/li>\n<\/ul>\n<h2>\u0627\u0644\u0645\u0648\u0627\u0635\u0641\u0627\u062a.<\/h2>\n<p data-pm-slice=\"1 1 []\">Carretilla con SAS Toyota, motor IPM y CA, asiento ORS, reposabrazos ergon\u00f3mico, m\u00e1stil visible, frenos h\u00famedos, pantalla t\u00e1ctil, direcci\u00f3n hidr\u00e1ulica, cambio lateral de bater\u00eda y opciones de pila de combustible.<\/p>","protected":false},"excerpt":{"rendered":"<p data-pm-slice=\"1 1 []\">\u00bfBusca una carretilla contrapesada el\u00e9ctrica fiable y vers\u00e1til? La Traigo48 de 4 ruedas ofrece gran rendimiento en interiores y exteriores, con excelente estabilidad, maniobrabilidad y alta eficiencia energ\u00e9tica.<\/p>\n<p data-pm-slice=\"1 1 []\"><em><strong>2000 kg | 7500 mm | 48 volt | 19,0 km\/h<\/strong><\/em><\/p>\n<p data-pm-slice=\"1 1 []\">\u0627\u0644\u062a\u0643\u0648\u064a\u0646 \u0627\u0644\u0642\u064a\u0627\u0633\u064a: \u064a\u062a\u0636\u0645\u0646 \u0647\u0630\u0627 \u0627\u0644\u0637\u0631\u0627\u0632 \u0627\u0644\u0623\u0643\u062b\u0631 \u0645\u0628\u064a\u0639\u064b\u0627 \u062a\u0643\u0648\u064a\u0646\u064b\u0627 \u0627\u0641\u062a\u0631\u0627\u0636\u064a\u064b\u0627 \u064a\u0645\u0643\u0646\u0643 \u062a\u0639\u062f\u064a\u0644\u0647 \u0628\u0633\u0647\u0648\u0644\u0629 \u0644\u064a\u0646\u0627\u0633\u0628 \u0627\u062d\u062a\u064a\u0627\u062c\u0627\u062a\u0643 \u0627\u0644\u062e\u0627\u0635\u0629.<\/p>","protected":false},"featured_media":2365,"template":"","meta":{"_joinchat":[]},"product_brand":[],"product_cat":[26,32],"product_tag":[],"class_list":{"0":"post-2364","1":"product","2":"type-product","3":"status-publish","4":"has-post-thumbnail","6":"product_cat-carretillas-elevadoras","7":"product_cat-contrapesadas-electricas","9":"first","10":"instock","11":"shipping-taxable","12":"product-type-simple"},"_links":{"self":[{"href":"https:\/\/repmancarretillas.es\/ar\/wp-json\/wp\/v2\/product\/2364","targetHints":{"allow":["GET"]}}],"collection":[{"href":"https:\/\/repmancarretillas.es\/ar\/wp-json\/wp\/v2\/product"}],"about":[{"href":"https:\/\/repmancarretillas.es\/ar\/wp-json\/wp\/v2\/types\/product"}],"version-history":[{"count":1,"href":"https:\/\/repmancarretillas.es\/ar\/wp-json\/wp\/v2\/product\/2364\/revisions"}],"predecessor-version":[{"id":2376,"href":"https:\/\/repmancarretillas.es\/ar\/wp-json\/wp\/v2\/product\/2364\/revisions\/2376"}],"wp:featuredmedia":[{"embeddable":true,"href":"https:\/\/repmancarretillas.es\/ar\/wp-json\/wp\/v2\/media\/2365"}],"wp:attachment":[{"href":"https:\/\/repmancarretillas.es\/ar\/wp-json\/wp\/v2\/media?parent=2364"}],"wp:term":[{"taxonomy":"product_brand","embeddable":true,"href":"https:\/\/repmancarretillas.es\/ar\/wp-json\/wp\/v2\/product_brand?post=2364"},{"taxonomy":"product_cat","embeddable":true,"href":"https:\/\/repmancarretillas.es\/ar\/wp-json\/wp\/v2\/product_cat?post=2364"},{"taxonomy":"product_tag","embeddable":true,"href":"https:\/\/repmancarretillas.es\/ar\/wp-json\/wp\/v2\/product_tag?post=2364"}],"curies":[{"name":"wp","href":"https:\/\/api.w.org\/{rel}","templated":true}]}}