{"id":2280,"date":"2026-04-27T02:39:44","date_gmt":"2026-04-27T00:39:44","guid":{"rendered":"https:\/\/repmancarretillas.es\/?post_type=product&#038;p=2280"},"modified":"2026-04-27T02:43:52","modified_gmt":"2026-04-27T00:43:52","slug":"bt-reflex-1-6t-basic","status":"publish","type":"product","link":"https:\/\/repmancarretillas.es\/ar\/product\/bt-reflex-1-6t-basic\/","title":{"rendered":"BT Reflex 1.6t Basic"},"content":{"rendered":"<h2>\u0627\u0644\u0641\u0648\u0627\u0626\u062f \u0627\u0644\u0631\u0626\u064a\u0633\u064a\u0629.<\/h2>\n<ul>\n<li data-pm-slice=\"1 1 []\">\n<p data-pm-slice=\"1 1 []\">Carretilla retr\u00e1ctil ideal para aplicaciones sencillas<\/p>\n<\/li>\n<li data-pm-slice=\"1 1 []\">\n<p data-pm-slice=\"1 1 []\">Manejo f\u00e1cil e intuitivo para el operario<\/p>\n<\/li>\n<li data-pm-slice=\"1 1 []\">\n<p data-pm-slice=\"1 1 []\">Compartimento del operador ajustable y ergon\u00f3mico<\/p>\n<\/li>\n<li data-pm-slice=\"1 1 []\">\n<p data-pm-slice=\"1 1 []\">Direcci\u00f3n de 360\u00b0 para mayor fluidez y eficiencia<\/p>\n<\/li>\n<\/ul>\n<h2>\u0627\u0644\u0645\u0648\u0627\u0635\u0641\u0627\u062a.<\/h2>\n<p data-pm-slice=\"1 1 []\">BT Reflex RRE160B con capacidad 1600 kg, elevaci\u00f3n 8500 mm, 48 V, velocidad 10 km\/h, freno autom\u00e1tico, pedales optimizados, suelo ajustable, m\u00e1stiles Duplex y Triplex, alta visibilidad operativa.<\/p>","protected":false},"excerpt":{"rendered":"<p data-start=\"100\" data-end=\"298\">\u00bfBusca una carretilla retr\u00e1ctil f\u00e1cil de usar? La BT Reflex RRE160B es ideal para aplicaciones b\u00e1sicas, ofreciendo eficiencia y productividad con una altura de elevaci\u00f3n de hasta 8,5 metros.<\/p>\n<p data-start=\"100\" data-end=\"298\"><em><strong>1600 kg Altura de elevaci\u00f3n 8500 mm Velocidad m\u00e1xima 10,0 km\/h<\/strong><\/em><\/p>\n<p data-start=\"100\" data-end=\"298\">Altura ajustable: Cada cliente puede elegir la altura deseada por sus operarios. El ajuste se realiza r\u00e1pidamente por un t\u00e9cnico especializado.<\/p>","protected":false},"featured_media":2282,"template":"","meta":{"_joinchat":[]},"product_brand":[],"product_cat":[26,31],"product_tag":[],"class_list":{"0":"post-2280","1":"product","2":"type-product","3":"status-publish","4":"has-post-thumbnail","6":"product_cat-carretillas-elevadoras","7":"product_cat-carretillas-retractiles","9":"first","10":"instock","11":"shipping-taxable","12":"product-type-simple"},"_links":{"self":[{"href":"https:\/\/repmancarretillas.es\/ar\/wp-json\/wp\/v2\/product\/2280","targetHints":{"allow":["GET"]}}],"collection":[{"href":"https:\/\/repmancarretillas.es\/ar\/wp-json\/wp\/v2\/product"}],"about":[{"href":"https:\/\/repmancarretillas.es\/ar\/wp-json\/wp\/v2\/types\/product"}],"version-history":[{"count":1,"href":"https:\/\/repmancarretillas.es\/ar\/wp-json\/wp\/v2\/product\/2280\/revisions"}],"predecessor-version":[{"id":2281,"href":"https:\/\/repmancarretillas.es\/ar\/wp-json\/wp\/v2\/product\/2280\/revisions\/2281"}],"wp:featuredmedia":[{"embeddable":true,"href":"https:\/\/repmancarretillas.es\/ar\/wp-json\/wp\/v2\/media\/2282"}],"wp:attachment":[{"href":"https:\/\/repmancarretillas.es\/ar\/wp-json\/wp\/v2\/media?parent=2280"}],"wp:term":[{"taxonomy":"product_brand","embeddable":true,"href":"https:\/\/repmancarretillas.es\/ar\/wp-json\/wp\/v2\/product_brand?post=2280"},{"taxonomy":"product_cat","embeddable":true,"href":"https:\/\/repmancarretillas.es\/ar\/wp-json\/wp\/v2\/product_cat?post=2280"},{"taxonomy":"product_tag","embeddable":true,"href":"https:\/\/repmancarretillas.es\/ar\/wp-json\/wp\/v2\/product_tag?post=2280"}],"curies":[{"name":"wp","href":"https:\/\/api.w.org\/{rel}","templated":true}]}}