{"id":2263,"date":"2026-04-27T02:29:56","date_gmt":"2026-04-27T00:29:56","guid":{"rendered":"https:\/\/repmancarretillas.es\/?post_type=product&#038;p=2263"},"modified":"2026-04-27T02:34:57","modified_gmt":"2026-04-27T00:34:57","slug":"bt-reflex-1-6t-compacta","status":"publish","type":"product","link":"https:\/\/repmancarretillas.es\/ar\/product\/bt-reflex-1-6t-compacta\/","title":{"rendered":"BT Reflex 1.6t Compacta"},"content":{"rendered":"<h2>\u0627\u0644\u0641\u0648\u0627\u0626\u062f \u0627\u0644\u0631\u0626\u064a\u0633\u064a\u0629.<\/h2>\n<ul>\n<li data-pm-slice=\"1 1 []\">\n<p data-pm-slice=\"1 1 []\">Chasis estrecho ideal para espacios reducidos, apilado en bloque y estanter\u00edas<\/p>\n<\/li>\n<li data-pm-slice=\"1 1 []\">\n<p data-pm-slice=\"1 1 []\">Sistema de energ\u00eda inteligente con bater\u00edas de litio de alto rendimiento<\/p>\n<\/li>\n<li data-pm-slice=\"1 1 []\">\n<p data-pm-slice=\"1 1 []\">Cabina ergon\u00f3mica con funciones intuitivas para el operario<\/p>\n<\/li>\n<li data-pm-slice=\"1 1 []\">\n<p data-pm-slice=\"1 1 []\">Pantalla t\u00e1ctil de f\u00e1cil lectura para mayor eficiencia<\/p>\n<\/li>\n<li data-pm-slice=\"1 1 []\">\n<p data-pm-slice=\"1 1 []\">Conectividad I_Site para control inteligente de operaciones<\/p>\n<\/li>\n<\/ul>\n<h2>\u0627\u0644\u0645\u0648\u0627\u0635\u0641\u0627\u062a.<\/h2>\n<p data-pm-slice=\"1 1 []\">BT Reflex RRE160HN con capacidad 1600 kg, elevaci\u00f3n 10000 mm, 48 V, velocidad 14 km\/h, control electr\u00f3nico avanzado, direcci\u00f3n 360\u00b0, OTP, joystick, m\u00e1stil de alta visibilidad y telem\u00e1tica inteligente.<\/p>","protected":false},"excerpt":{"rendered":"<p data-start=\"100\" data-end=\"298\">\u00bfBusca una carretilla retr\u00e1ctil compacta? La BT Reflex RRE160HN est\u00e1 dise\u00f1ada para operar en espacios reducidos, ofreciendo alta productividad, maniobrabilidad y seguridad en cada movimiento.<\/p>\n<p data-start=\"100\" data-end=\"298\"><em><strong>1600 kg | 10000 mm | 14,0 km\/h | Carretilla inteligente<\/strong><\/em><\/p>\n<p data-start=\"100\" data-end=\"298\">Carretilla inteligente: Las carretillas inteligentes incluyen hardware telem\u00e1tico de serie. Estas carretillas pueden conectarse f\u00e1cilmente con I_Site de Toyota, que ofrece informaci\u00f3n sobre la gesti\u00f3n de la bater\u00eda, la geolocalizaci\u00f3n, los impactos y mucho m\u00e1s.<\/p>","protected":false},"featured_media":2264,"template":"","meta":{"_joinchat":[]},"product_brand":[],"product_cat":[26,31],"product_tag":[],"class_list":{"0":"post-2263","1":"product","2":"type-product","3":"status-publish","4":"has-post-thumbnail","6":"product_cat-carretillas-elevadoras","7":"product_cat-carretillas-retractiles","9":"first","10":"instock","11":"shipping-taxable","12":"product-type-simple"},"_links":{"self":[{"href":"https:\/\/repmancarretillas.es\/ar\/wp-json\/wp\/v2\/product\/2263","targetHints":{"allow":["GET"]}}],"collection":[{"href":"https:\/\/repmancarretillas.es\/ar\/wp-json\/wp\/v2\/product"}],"about":[{"href":"https:\/\/repmancarretillas.es\/ar\/wp-json\/wp\/v2\/types\/product"}],"version-history":[{"count":1,"href":"https:\/\/repmancarretillas.es\/ar\/wp-json\/wp\/v2\/product\/2263\/revisions"}],"predecessor-version":[{"id":2270,"href":"https:\/\/repmancarretillas.es\/ar\/wp-json\/wp\/v2\/product\/2263\/revisions\/2270"}],"wp:featuredmedia":[{"embeddable":true,"href":"https:\/\/repmancarretillas.es\/ar\/wp-json\/wp\/v2\/media\/2264"}],"wp:attachment":[{"href":"https:\/\/repmancarretillas.es\/ar\/wp-json\/wp\/v2\/media?parent=2263"}],"wp:term":[{"taxonomy":"product_brand","embeddable":true,"href":"https:\/\/repmancarretillas.es\/ar\/wp-json\/wp\/v2\/product_brand?post=2263"},{"taxonomy":"product_cat","embeddable":true,"href":"https:\/\/repmancarretillas.es\/ar\/wp-json\/wp\/v2\/product_cat?post=2263"},{"taxonomy":"product_tag","embeddable":true,"href":"https:\/\/repmancarretillas.es\/ar\/wp-json\/wp\/v2\/product_tag?post=2263"}],"curies":[{"name":"wp","href":"https:\/\/api.w.org\/{rel}","templated":true}]}}