{"id":2132,"date":"2026-04-27T00:46:18","date_gmt":"2026-04-26T22:46:18","guid":{"rendered":"https:\/\/repmancarretillas.es\/?post_type=product&#038;p=2132"},"modified":"2026-04-27T00:51:02","modified_gmt":"2026-04-26T22:51:02","slug":"toyota-bt-optio-1t-con-escaleras","status":"publish","type":"product","link":"https:\/\/repmancarretillas.es\/ar\/product\/toyota-bt-optio-1t-con-escaleras\/","title":{"rendered":"Toyota BT Optio 1t con escaleras"},"content":{"rendered":"<h2>\u0627\u0644\u0641\u0648\u0627\u0626\u062f \u0627\u0644\u0631\u0626\u064a\u0633\u064a\u0629.<\/h2>\n<ul>\n<li data-section-id=\"1pdpuhq\" data-start=\"137\" data-end=\"194\">\n<p data-pm-slice=\"1 1 []\">Preparaci\u00f3n de pedidos en primer y segundo nivel con carro escalera<\/p>\n<\/li>\n<li data-section-id=\"1pdpuhq\" data-start=\"137\" data-end=\"194\">\n<p data-pm-slice=\"1 1 []\">Sistema de acoplamiento que integra carretilla y carro en una sola unidad<\/p>\n<\/li>\n<li data-section-id=\"1pdpuhq\" data-start=\"137\" data-end=\"194\">\n<p data-pm-slice=\"1 1 []\">Mayor productividad frente a la recogida manual<\/p>\n<\/li>\n<li data-section-id=\"1pdpuhq\" data-start=\"137\" data-end=\"194\">\n<p data-pm-slice=\"1 1 []\">Acceso c\u00f3modo de subida y bajada<\/p>\n<\/li>\n<li data-section-id=\"1pdpuhq\" data-start=\"137\" data-end=\"194\">\n<p data-pm-slice=\"1 1 []\">Opci\u00f3n de escaleras para alcanzar hasta 2,5 m<\/p>\n<\/li>\n<\/ul>\n<h2>\u0627\u0644\u0645\u0648\u0627\u0635\u0641\u0627\u062a.<\/h2>\n<p data-pm-slice=\"1 1 []\">TSE100W-710 con capacidad 1000 kg, bater\u00eda hasta 105 Ah, 24 V, velocidad m\u00e1xima 12 km\/h, dise\u00f1o compacto, eficiente y \u00e1gil, ideal para preparaci\u00f3n de pedidos y operaciones log\u00edsticas din\u00e1micas.<\/p>\n<p>&nbsp;<\/p>","protected":false},"excerpt":{"rendered":"<p data-pm-slice=\"1 1 []\">Las carretillas Toyota BT Optio serie N son recogepedidos compactos y ligeros, ideales para m\u00faltiples aplicaciones. Ofrecen acceso c\u00f3modo, f\u00e1cil enganche de remolques y opci\u00f3n de escaleras para mayor altura.<\/p>\n<p data-pm-slice=\"1 1 []\"><em><strong>1000 kg | 105 Ah | 24 volt | 12,0 km\/h<\/strong><\/em><\/p>\n<p data-pm-slice=\"1 1 []\">Sistema de acoplamiento \u00fanico para conectar carros: El exclusivo sistema de acoplamiento de la gama Toyota BT Optio serie N hace que acoplar y desacoplar carros sea una acci\u00f3n r\u00e1pida y sencilla. Una vez conectados, se convierten en una unidad peque\u00f1a y manejable.<\/p>","protected":false},"featured_media":2133,"template":"","meta":{"_joinchat":[]},"product_brand":[],"product_cat":[26,30],"product_tag":[],"class_list":{"0":"post-2132","1":"product","2":"type-product","3":"status-publish","4":"has-post-thumbnail","6":"product_cat-carretillas-elevadoras","7":"product_cat-recogepedidos","9":"first","10":"instock","11":"shipping-taxable","12":"product-type-simple"},"_links":{"self":[{"href":"https:\/\/repmancarretillas.es\/ar\/wp-json\/wp\/v2\/product\/2132","targetHints":{"allow":["GET"]}}],"collection":[{"href":"https:\/\/repmancarretillas.es\/ar\/wp-json\/wp\/v2\/product"}],"about":[{"href":"https:\/\/repmancarretillas.es\/ar\/wp-json\/wp\/v2\/types\/product"}],"version-history":[{"count":1,"href":"https:\/\/repmancarretillas.es\/ar\/wp-json\/wp\/v2\/product\/2132\/revisions"}],"predecessor-version":[{"id":2138,"href":"https:\/\/repmancarretillas.es\/ar\/wp-json\/wp\/v2\/product\/2132\/revisions\/2138"}],"wp:featuredmedia":[{"embeddable":true,"href":"https:\/\/repmancarretillas.es\/ar\/wp-json\/wp\/v2\/media\/2133"}],"wp:attachment":[{"href":"https:\/\/repmancarretillas.es\/ar\/wp-json\/wp\/v2\/media?parent=2132"}],"wp:term":[{"taxonomy":"product_brand","embeddable":true,"href":"https:\/\/repmancarretillas.es\/ar\/wp-json\/wp\/v2\/product_brand?post=2132"},{"taxonomy":"product_cat","embeddable":true,"href":"https:\/\/repmancarretillas.es\/ar\/wp-json\/wp\/v2\/product_cat?post=2132"},{"taxonomy":"product_tag","embeddable":true,"href":"https:\/\/repmancarretillas.es\/ar\/wp-json\/wp\/v2\/product_tag?post=2132"}],"curies":[{"name":"wp","href":"https:\/\/api.w.org\/{rel}","templated":true}]}}