{"id":2124,"date":"2026-04-27T00:41:28","date_gmt":"2026-04-26T22:41:28","guid":{"rendered":"https:\/\/repmancarretillas.es\/?post_type=product&#038;p=2124"},"modified":"2026-04-27T00:45:56","modified_gmt":"2026-04-26T22:45:56","slug":"bt-optio-10-t-de-nivel-medio-con-jaula","status":"publish","type":"product","link":"https:\/\/repmancarretillas.es\/ar\/product\/bt-optio-10-t-de-nivel-medio-con-jaula\/","title":{"rendered":"BT Optio 1,0 t de nivel medio con jaula"},"content":{"rendered":"<h2>\u0627\u0644\u0641\u0648\u0627\u0626\u062f \u0627\u0644\u0631\u0626\u064a\u0633\u064a\u0629.<\/h2>\n<ul>\n<li data-section-id=\"1pdpuhq\" data-start=\"137\" data-end=\"194\">Recogida de pedidos hasta 3,4 m en espacios reducidos<\/li>\n<li data-section-id=\"1q8h98i\" data-start=\"195\" data-end=\"277\">Horquillas solidarias con la plataforma para mejor acceso a cargas voluminosas<\/li>\n<li data-section-id=\"27gr1n\" data-start=\"278\" data-end=\"335\">Chasis estrecho de 810 mm para m\u00e1xima maniobrabilidad<\/li>\n<li data-section-id=\"gq1g3x\" data-start=\"336\" data-end=\"383\">Acceso c\u00f3modo para subir y bajar del equipo<\/li>\n<li data-section-id=\"katmbv\" data-start=\"384\" data-end=\"417\">Disponible con bater\u00eda Li-ion<\/li>\n<\/ul>\n<h2>\u0627\u0644\u0645\u0648\u0627\u0635\u0641\u0627\u062a.<\/h2>\n<p data-pm-slice=\"1 1 []\">OME100NW con capacidad 1000 kg, elevaci\u00f3n 1700 mm, bater\u00eda hasta 620 Ah, 24 V, velocidad m\u00e1xima 12 km\/h, dise\u00f1o eficiente, alto rendimiento y sistema inteligente para control y optimizaci\u00f3n operativa.<\/p>\n<p>&nbsp;<\/p>","protected":false},"excerpt":{"rendered":"<p data-pm-slice=\"1 1 []\">Los recogepedidos BT Optio de nivel medio, con chasis estrecho, est\u00e1n dise\u00f1ados para trabajar hasta 3,4 metros, permitiendo al operario posicionarse directamente sobre la plataforma de carga.<\/p>\n<p data-pm-slice=\"1 1 []\"><em><strong>1000 kg | 1700 mm | 12,0 km\/h | Carretilla inteligente<\/strong><\/em><\/p>\n<p data-pm-slice=\"1 1 []\">Rendimiento optimizado de la carretilla: Reduce la velocidad cuando el \u00e1ngulo de la rueda motriz supera los 25\u00b0 o cuando hay carga en las horquillas, lo que reduce el riesgo de accidentes y de mercanc\u00edas da\u00f1adas.<\/p>","protected":false},"featured_media":2125,"template":"","meta":{"_joinchat":[]},"product_brand":[],"product_cat":[26,30],"product_tag":[],"class_list":{"0":"post-2124","1":"product","2":"type-product","3":"status-publish","4":"has-post-thumbnail","6":"product_cat-carretillas-elevadoras","7":"product_cat-recogepedidos","9":"first","10":"instock","11":"shipping-taxable","12":"product-type-simple"},"_links":{"self":[{"href":"https:\/\/repmancarretillas.es\/ar\/wp-json\/wp\/v2\/product\/2124","targetHints":{"allow":["GET"]}}],"collection":[{"href":"https:\/\/repmancarretillas.es\/ar\/wp-json\/wp\/v2\/product"}],"about":[{"href":"https:\/\/repmancarretillas.es\/ar\/wp-json\/wp\/v2\/types\/product"}],"version-history":[{"count":1,"href":"https:\/\/repmancarretillas.es\/ar\/wp-json\/wp\/v2\/product\/2124\/revisions"}],"predecessor-version":[{"id":2131,"href":"https:\/\/repmancarretillas.es\/ar\/wp-json\/wp\/v2\/product\/2124\/revisions\/2131"}],"wp:featuredmedia":[{"embeddable":true,"href":"https:\/\/repmancarretillas.es\/ar\/wp-json\/wp\/v2\/media\/2125"}],"wp:attachment":[{"href":"https:\/\/repmancarretillas.es\/ar\/wp-json\/wp\/v2\/media?parent=2124"}],"wp:term":[{"taxonomy":"product_brand","embeddable":true,"href":"https:\/\/repmancarretillas.es\/ar\/wp-json\/wp\/v2\/product_brand?post=2124"},{"taxonomy":"product_cat","embeddable":true,"href":"https:\/\/repmancarretillas.es\/ar\/wp-json\/wp\/v2\/product_cat?post=2124"},{"taxonomy":"product_tag","embeddable":true,"href":"https:\/\/repmancarretillas.es\/ar\/wp-json\/wp\/v2\/product_tag?post=2124"}],"curies":[{"name":"wp","href":"https:\/\/api.w.org\/{rel}","templated":true}]}}