{"id":2097,"date":"2026-04-27T00:22:55","date_gmt":"2026-04-26T22:22:55","guid":{"rendered":"https:\/\/repmancarretillas.es\/?post_type=product&#038;p=2097"},"modified":"2026-04-27T00:27:35","modified_gmt":"2026-04-26T22:27:35","slug":"bt-staxio-1-6t-plataforma-y-brazos-soporte-elevables","status":"publish","type":"product","link":"https:\/\/repmancarretillas.es\/ar\/product\/bt-staxio-1-6t-plataforma-y-brazos-soporte-elevables\/","title":{"rendered":"BT Staxio 1.6t plataforma y brazos soporte elevables"},"content":{"rendered":"<h2>\u0627\u0644\u0641\u0648\u0627\u0626\u062f \u0627\u0644\u0631\u0626\u064a\u0633\u064a\u0629.<\/h2>\n<ul>\n<li data-pm-slice=\"1 1 []\">\n<p data-pm-slice=\"1 1 []\">Ideales para largos desplazamientos y apilamiento de intensidad media y alta<\/p>\n<\/li>\n<li data-pm-slice=\"1 1 []\">\n<p data-pm-slice=\"1 1 []\">Plataforma del operador abatible para mayor versatilidad<\/p>\n<\/li>\n<li data-pm-slice=\"1 1 []\">\n<p data-pm-slice=\"1 1 []\">Aptas para suelos irregulares y manipulaci\u00f3n de pal\u00e9s dobles<\/p>\n<\/li>\n<li data-pm-slice=\"1 1 []\">\n<p data-pm-slice=\"1 1 []\">Tim\u00f3n ergon\u00f3mico para mayor seguridad y control<\/p>\n<\/li>\n<li data-pm-slice=\"1 1 []\">\n<p data-pm-slice=\"1 1 []\">\u0646\u0638\u0627\u0645 \u0630\u0643\u064a \u0633\u0647\u0644 \u0627\u0644\u062a\u0648\u0635\u064a\u0644 \u0648\u0627\u0644\u0645\u0631\u0627\u0642\u0628\u0629 \u0648\u0627\u0644\u062a\u062d\u0633\u064a\u0646<\/p>\n<\/li>\n<\/ul>\n<h2>\u0627\u0644\u0645\u0648\u0627\u0635\u0641\u0627\u062a.<\/h2>\n<p data-pm-slice=\"1 1 []\">BT Staxio SPE160L con brazos elevables, altura 6 m, velocidad 10 km\/h, Powertrak, Sensilift, controles fingertip, frenado electr\u00f3nico, seguridad operario, rendimiento programable, apagado autom\u00e1tico y telem\u00e1tica inteligente integrada.<\/p>","protected":false},"excerpt":{"rendered":"<p data-pm-slice=\"1 1 []\">\u00bfBusca una soluci\u00f3n de apilamiento para largas distancias? Las BT Staxio con plataforma de conductor ofrecen desplazamientos r\u00e1pidos, estables y suaves, incluso en superficies irregulares o pendientes.<\/p>\n<p><em><strong>1600 kg | 6000 mm | 10,0 km\/h | Carretilla inteligente<\/strong><\/em><\/p>\n<p>Tracci\u00f3n \u00d3ptima: El chasis Powertrak patentado por BT hace que la carga aerodin\u00e1mica aplicada a la rueda motriz sea proporcional el peso de la carga en la horquilla para asegurar una tracci\u00f3n \u00f3ptima, pero tambi\u00e9n a la altura de las horquillas para mantener una estabilidad m\u00e1xima.<\/p>","protected":false},"featured_media":2098,"template":"","meta":{"_joinchat":[]},"product_brand":[],"product_cat":[29,26],"product_tag":[],"class_list":{"0":"post-2097","1":"product","2":"type-product","3":"status-publish","4":"has-post-thumbnail","6":"product_cat-apiladores-electricos","7":"product_cat-carretillas-elevadoras","9":"first","10":"instock","11":"shipping-taxable","12":"product-type-simple"},"_links":{"self":[{"href":"https:\/\/repmancarretillas.es\/ar\/wp-json\/wp\/v2\/product\/2097","targetHints":{"allow":["GET"]}}],"collection":[{"href":"https:\/\/repmancarretillas.es\/ar\/wp-json\/wp\/v2\/product"}],"about":[{"href":"https:\/\/repmancarretillas.es\/ar\/wp-json\/wp\/v2\/types\/product"}],"version-history":[{"count":1,"href":"https:\/\/repmancarretillas.es\/ar\/wp-json\/wp\/v2\/product\/2097\/revisions"}],"predecessor-version":[{"id":2106,"href":"https:\/\/repmancarretillas.es\/ar\/wp-json\/wp\/v2\/product\/2097\/revisions\/2106"}],"wp:featuredmedia":[{"embeddable":true,"href":"https:\/\/repmancarretillas.es\/ar\/wp-json\/wp\/v2\/media\/2098"}],"wp:attachment":[{"href":"https:\/\/repmancarretillas.es\/ar\/wp-json\/wp\/v2\/media?parent=2097"}],"wp:term":[{"taxonomy":"product_brand","embeddable":true,"href":"https:\/\/repmancarretillas.es\/ar\/wp-json\/wp\/v2\/product_brand?post=2097"},{"taxonomy":"product_cat","embeddable":true,"href":"https:\/\/repmancarretillas.es\/ar\/wp-json\/wp\/v2\/product_cat?post=2097"},{"taxonomy":"product_tag","embeddable":true,"href":"https:\/\/repmancarretillas.es\/ar\/wp-json\/wp\/v2\/product_tag?post=2097"}],"curies":[{"name":"wp","href":"https:\/\/api.w.org\/{rel}","templated":true}]}}