{"id":2081,"date":"2026-04-27T00:14:21","date_gmt":"2026-04-26T22:14:21","guid":{"rendered":"https:\/\/repmancarretillas.es\/?post_type=product&#038;p=2081"},"modified":"2026-04-27T00:18:21","modified_gmt":"2026-04-26T22:18:21","slug":"bt-staxio-1-2t-con-plataforma","status":"publish","type":"product","link":"https:\/\/repmancarretillas.es\/ar\/product\/bt-staxio-1-2t-con-plataforma\/","title":{"rendered":"BT Staxio 1.2t con plataforma"},"content":{"rendered":"<h2>\u0627\u0644\u0641\u0648\u0627\u0626\u062f \u0627\u0644\u0631\u0626\u064a\u0633\u064a\u0629.<\/h2>\n<ul>\n<li data-pm-slice=\"1 1 []\">\n<p data-pm-slice=\"1 1 []\">Ideales para largos desplazamientos y apilamiento de intensidad media y alta<\/p>\n<\/li>\n<li data-pm-slice=\"1 1 []\">\n<p data-pm-slice=\"1 1 []\">Plataforma del operador abatible para mayor versatilidad<\/p>\n<\/li>\n<li data-pm-slice=\"1 1 []\">\n<p data-pm-slice=\"1 1 []\">Manejo \u00e1gil con Click-2-Creep y BT Powerdrive<\/p>\n<\/li>\n<li data-pm-slice=\"1 1 []\">\n<p data-pm-slice=\"1 1 []\">Chasis de 5 puntos para m\u00e1xima estabilidad y control<\/p>\n<\/li>\n<li data-pm-slice=\"1 1 []\">\n<p data-pm-slice=\"1 1 []\">\u0646\u0638\u0627\u0645 \u0630\u0643\u064a \u0633\u0647\u0644 \u0627\u0644\u062a\u0648\u0635\u064a\u0644 \u0648\u0627\u0644\u0645\u0631\u0627\u0642\u0628\u0629 \u0648\u0627\u0644\u062a\u062d\u0633\u064a\u0646<\/p>\n<\/li>\n<\/ul>\n<h2>\u0627\u0644\u0645\u0648\u0627\u0635\u0641\u0627\u062a.<\/h2>\n<p data-pm-slice=\"1 1 []\">BT Staxio con elevaci\u00f3n 4,8 m, velocidad 8 km\/h, Powertrak, Sensilift, controles fingertip, frenado electr\u00f3nico, seguridad operario, rendimiento programable, apagado autom\u00e1tico, telem\u00e1tica integrada y calidad Toyota de alta fiabilidad.<\/p>","protected":false},"excerpt":{"rendered":"<p data-pm-slice=\"1 1 []\">\u00bfBusca una soluci\u00f3n de apilamiento para largas distancias? Las BT Staxio con plataforma de operador ofrecen velocidad, estabilidad y desplazamiento suave, impulsando la productividad con bater\u00edas de alta capacidad.<\/p>\n<p><em><strong>1200 kg | 4800 mm | 8,0 km\/h | Carretilla inteligente<\/strong><\/em><\/p>\n<p>Plataforma del operador abatible: Permite largos desplazamientos a bordo y tambi\u00e9n el plegado para facilitar las maniobras<\/p>","protected":false},"featured_media":2082,"template":"","meta":{"_joinchat":[]},"product_brand":[],"product_cat":[29,26],"product_tag":[],"class_list":{"0":"post-2081","1":"product","2":"type-product","3":"status-publish","4":"has-post-thumbnail","6":"product_cat-apiladores-electricos","7":"product_cat-carretillas-elevadoras","9":"first","10":"instock","11":"shipping-taxable","12":"product-type-simple"},"_links":{"self":[{"href":"https:\/\/repmancarretillas.es\/ar\/wp-json\/wp\/v2\/product\/2081","targetHints":{"allow":["GET"]}}],"collection":[{"href":"https:\/\/repmancarretillas.es\/ar\/wp-json\/wp\/v2\/product"}],"about":[{"href":"https:\/\/repmancarretillas.es\/ar\/wp-json\/wp\/v2\/types\/product"}],"version-history":[{"count":1,"href":"https:\/\/repmancarretillas.es\/ar\/wp-json\/wp\/v2\/product\/2081\/revisions"}],"predecessor-version":[{"id":2089,"href":"https:\/\/repmancarretillas.es\/ar\/wp-json\/wp\/v2\/product\/2081\/revisions\/2089"}],"wp:featuredmedia":[{"embeddable":true,"href":"https:\/\/repmancarretillas.es\/ar\/wp-json\/wp\/v2\/media\/2082"}],"wp:attachment":[{"href":"https:\/\/repmancarretillas.es\/ar\/wp-json\/wp\/v2\/media?parent=2081"}],"wp:term":[{"taxonomy":"product_brand","embeddable":true,"href":"https:\/\/repmancarretillas.es\/ar\/wp-json\/wp\/v2\/product_brand?post=2081"},{"taxonomy":"product_cat","embeddable":true,"href":"https:\/\/repmancarretillas.es\/ar\/wp-json\/wp\/v2\/product_cat?post=2081"},{"taxonomy":"product_tag","embeddable":true,"href":"https:\/\/repmancarretillas.es\/ar\/wp-json\/wp\/v2\/product_tag?post=2081"}],"curies":[{"name":"wp","href":"https:\/\/api.w.org\/{rel}","templated":true}]}}