{"id":2002,"date":"2026-04-26T23:24:38","date_gmt":"2026-04-26T21:24:38","guid":{"rendered":"https:\/\/repmancarretillas.es\/?post_type=product&#038;p=2002"},"modified":"2026-04-26T23:29:30","modified_gmt":"2026-04-26T21:29:30","slug":"bt-staxio-1-6t-li-on-estrecha-con-conductor-a-bordo","status":"publish","type":"product","link":"https:\/\/repmancarretillas.es\/ar\/product\/bt-staxio-1-6t-li-on-estrecha-con-conductor-a-bordo\/","title":{"rendered":"BT Staxio 1 .6t Li-on Estrecha con conductor a bordo"},"content":{"rendered":"<h2>\u0627\u0644\u0641\u0648\u0627\u0626\u062f \u0627\u0644\u0631\u0626\u064a\u0633\u064a\u0629.<\/h2>\n<ul>\n<li data-pm-slice=\"1 1 []\">\n<p data-pm-slice=\"1 1 []\">Dise\u00f1ada para apilado en altura en pasillos estrechos<\/p>\n<\/li>\n<li data-pm-slice=\"1 1 []\">\n<p data-pm-slice=\"1 1 []\">Chasis estrecho para m\u00e1xima maniobrabilidad en espacios reducidos<\/p>\n<\/li>\n<li data-pm-slice=\"1 1 []\">\n<p data-pm-slice=\"1 1 []\">Bater\u00eda de iones de litio para carga r\u00e1pida y sencilla<\/p>\n<\/li>\n<li data-pm-slice=\"1 1 []\">\n<p data-pm-slice=\"1 1 []\">Operaci\u00f3n segura con techo protector y cabina cerrada<\/p>\n<\/li>\n<li data-pm-slice=\"1 1 []\">\n<p data-pm-slice=\"1 1 []\">Puesto de conducci\u00f3n ergon\u00f3mico con controles intuitivos<\/p>\n<\/li>\n<\/ul>\n<h2>\u0627\u0644\u0645\u0648\u0627\u0635\u0641\u0627\u062a.<\/h2>\n<p data-pm-slice=\"1 1 []\">Controles manuales, asiento ajustable, direcci\u00f3n 180\u00b0\/360\u00b0, pantalla t\u00e1ctil, bater\u00eda Li-ion, frenado electr\u00f3nico y regenerativo, control de velocidad, detecci\u00f3n del conductor, acceso PIN, seguridad en curvas y telem\u00e1tica inteligente integrada.<\/p>","protected":false},"excerpt":{"rendered":"<p data-pm-slice=\"1 1 []\">\u00bfBusca apiladores de conductor a bordo de alto rendimiento? La serie BT Staxio Li-ion de Toyota ofrece soluciones vers\u00e1tiles: el modelo D para doble manipulaci\u00f3n de pallets y el modelo LN para apilado en altura en pasillos estrechos, ambos con seguridad y visibilidad optimizadas.<\/p>\n<p><em><strong>1600 kg | 5400 mm | 10,0 km\/h | Carretilla inteligente<\/strong><\/em><\/p>\n<p>Alto rendimiento: Ambos modelos de apiladores de conductor acompa\u00f1ante ofrecen un alto nivel de rendimiento. En el apilador doble, los brazos de soporte elevables posibilitan el manipulado simult\u00e1neo dos europalets, permiti\u00e9ndo duplicar la productividad.<\/p>","protected":false},"featured_media":2003,"template":"","meta":{"_joinchat":[]},"product_brand":[],"product_cat":[29,26],"product_tag":[],"class_list":{"0":"post-2002","1":"product","2":"type-product","3":"status-publish","4":"has-post-thumbnail","6":"product_cat-apiladores-electricos","7":"product_cat-carretillas-elevadoras","9":"first","10":"instock","11":"shipping-taxable","12":"product-type-simple"},"_links":{"self":[{"href":"https:\/\/repmancarretillas.es\/ar\/wp-json\/wp\/v2\/product\/2002","targetHints":{"allow":["GET"]}}],"collection":[{"href":"https:\/\/repmancarretillas.es\/ar\/wp-json\/wp\/v2\/product"}],"about":[{"href":"https:\/\/repmancarretillas.es\/ar\/wp-json\/wp\/v2\/types\/product"}],"version-history":[{"count":1,"href":"https:\/\/repmancarretillas.es\/ar\/wp-json\/wp\/v2\/product\/2002\/revisions"}],"predecessor-version":[{"id":2012,"href":"https:\/\/repmancarretillas.es\/ar\/wp-json\/wp\/v2\/product\/2002\/revisions\/2012"}],"wp:featuredmedia":[{"embeddable":true,"href":"https:\/\/repmancarretillas.es\/ar\/wp-json\/wp\/v2\/media\/2003"}],"wp:attachment":[{"href":"https:\/\/repmancarretillas.es\/ar\/wp-json\/wp\/v2\/media?parent=2002"}],"wp:term":[{"taxonomy":"product_brand","embeddable":true,"href":"https:\/\/repmancarretillas.es\/ar\/wp-json\/wp\/v2\/product_brand?post=2002"},{"taxonomy":"product_cat","embeddable":true,"href":"https:\/\/repmancarretillas.es\/ar\/wp-json\/wp\/v2\/product_cat?post=2002"},{"taxonomy":"product_tag","embeddable":true,"href":"https:\/\/repmancarretillas.es\/ar\/wp-json\/wp\/v2\/product_tag?post=2002"}],"curies":[{"name":"wp","href":"https:\/\/api.w.org\/{rel}","templated":true}]}}