{"id":1941,"date":"2026-04-26T22:46:57","date_gmt":"2026-04-26T20:46:57","guid":{"rendered":"https:\/\/repmancarretillas.es\/?post_type=product&#038;p=1941"},"modified":"2026-04-26T22:51:42","modified_gmt":"2026-04-26T20:51:42","slug":"bt-staxio-1-4-toneladas","status":"publish","type":"product","link":"https:\/\/repmancarretillas.es\/ar\/product\/bt-staxio-1-4-toneladas\/","title":{"rendered":"BT Staxio 1.4 Toneladas"},"content":{"rendered":"<h2>\u0627\u0644\u0641\u0648\u0627\u0626\u062f \u0627\u0644\u0631\u0626\u064a\u0633\u064a\u0629.<\/h2>\n<ul>\n<li data-pm-slice=\"1 1 []\">\n<p data-pm-slice=\"1 1 []\">Mayor altura de apilado para operaciones intensivas<\/p>\n<\/li>\n<li data-pm-slice=\"1 1 []\">\n<p data-pm-slice=\"1 1 []\">Chasis de 5 puntos de apoyo para m\u00e1xima estabilidad y control<\/p>\n<\/li>\n<li data-pm-slice=\"1 1 []\">\n<p data-pm-slice=\"1 1 []\">\u0631\u0624\u064a\u0629 \u0645\u0645\u062a\u0627\u0632\u0629 \u0644\u0644\u0634\u0648\u0643 \u0644\u0632\u064a\u0627\u062f\u0629 \u0627\u0644\u0623\u0645\u0627\u0646<\/p>\n<\/li>\n<li data-pm-slice=\"1 1 []\">\n<p data-pm-slice=\"1 1 []\">Funci\u00f3n Click-2-Creep para acceso r\u00e1pido a marcha lenta<\/p>\n<\/li>\n<li data-pm-slice=\"1 1 []\">\n<p data-pm-slice=\"1 1 []\">\u0646\u0638\u0627\u0645 \u0630\u0643\u064a \u0633\u0647\u0644 \u0627\u0644\u062a\u0648\u0635\u064a\u0644 \u0648\u0627\u0644\u0645\u0631\u0627\u0642\u0628\u0629 \u0648\u0627\u0644\u062a\u062d\u0633\u064a\u0646<\/p>\n<\/li>\n<\/ul>\n<h2>\u0627\u0644\u0645\u0648\u0627\u0635\u0641\u0627\u062a.<\/h2>\n<p data-pm-slice=\"1 1 []\">BT Staxio con elevaci\u00f3n 4,75 m, velocidad 6 km\/h, BT Powerdrive, frenado electr\u00f3nico, seguridad del operario, Click-2-Creep, rendimiento programable, telem\u00e1tica inteligente y fabricaci\u00f3n Toyota de alta calidad y fiabilidad.<\/p>","protected":false},"excerpt":{"rendered":"<p>\u00bfBusca una soluci\u00f3n de apilamiento de alto rendimiento? El BT Staxio Serie W SWE140, con 1400 kg de capacidad, es ideal para almacenes, centros log\u00edsticos y tiendas, ofreciendo seguridad, visibilidad y excelente maniobrabilidad.<\/p>\n<p><em><strong>1400kg | 4755mm | 6,0km\/h | Carretilla inteligente<\/strong><\/em><\/p>\n<p>Excelente visibilidad: Visi\u00f3n clara del m\u00e1stil y gran visibilidad desde la posici\u00f3n del operario hacia las puntas de las horquillas.<\/p>","protected":false},"featured_media":1942,"template":"","meta":{"_joinchat":[]},"product_brand":[],"product_cat":[29,26],"product_tag":[],"class_list":{"0":"post-1941","1":"product","2":"type-product","3":"status-publish","4":"has-post-thumbnail","6":"product_cat-apiladores-electricos","7":"product_cat-carretillas-elevadoras","9":"first","10":"instock","11":"shipping-taxable","12":"product-type-simple"},"_links":{"self":[{"href":"https:\/\/repmancarretillas.es\/ar\/wp-json\/wp\/v2\/product\/1941","targetHints":{"allow":["GET"]}}],"collection":[{"href":"https:\/\/repmancarretillas.es\/ar\/wp-json\/wp\/v2\/product"}],"about":[{"href":"https:\/\/repmancarretillas.es\/ar\/wp-json\/wp\/v2\/types\/product"}],"version-history":[{"count":1,"href":"https:\/\/repmancarretillas.es\/ar\/wp-json\/wp\/v2\/product\/1941\/revisions"}],"predecessor-version":[{"id":1948,"href":"https:\/\/repmancarretillas.es\/ar\/wp-json\/wp\/v2\/product\/1941\/revisions\/1948"}],"wp:featuredmedia":[{"embeddable":true,"href":"https:\/\/repmancarretillas.es\/ar\/wp-json\/wp\/v2\/media\/1942"}],"wp:attachment":[{"href":"https:\/\/repmancarretillas.es\/ar\/wp-json\/wp\/v2\/media?parent=1941"}],"wp:term":[{"taxonomy":"product_brand","embeddable":true,"href":"https:\/\/repmancarretillas.es\/ar\/wp-json\/wp\/v2\/product_brand?post=1941"},{"taxonomy":"product_cat","embeddable":true,"href":"https:\/\/repmancarretillas.es\/ar\/wp-json\/wp\/v2\/product_cat?post=1941"},{"taxonomy":"product_tag","embeddable":true,"href":"https:\/\/repmancarretillas.es\/ar\/wp-json\/wp\/v2\/product_tag?post=1941"}],"curies":[{"name":"wp","href":"https:\/\/api.w.org\/{rel}","templated":true}]}}