{"id":1916,"date":"2026-04-26T22:32:54","date_gmt":"2026-04-26T20:32:54","guid":{"rendered":"https:\/\/repmancarretillas.es\/?post_type=product&#038;p=1916"},"modified":"2026-04-26T22:37:15","modified_gmt":"2026-04-26T20:37:15","slug":"bt-staxio-08-toneladas","status":"publish","type":"product","link":"https:\/\/repmancarretillas.es\/ar\/product\/bt-staxio-08-toneladas\/","title":{"rendered":"BT Staxio 0,8 Toneladas"},"content":{"rendered":"<h2>\u0627\u0644\u0641\u0648\u0627\u0626\u062f \u0627\u0644\u0631\u0626\u064a\u0633\u064a\u0629.<\/h2>\n<ul>\n<li data-pm-slice=\"1 1 []\">\n<p data-pm-slice=\"1 1 []\">Brazos de soporte elevables para suelos irregulares y doble manipulaci\u00f3n de pallets<\/p>\n<\/li>\n<li data-pm-slice=\"1 1 []\">\n<p data-pm-slice=\"1 1 []\">Chasis de 5 puntos de apoyo para mayor estabilidad y control<\/p>\n<\/li>\n<li data-pm-slice=\"1 1 []\">\n<p data-pm-slice=\"1 1 []\">Excelente visibilidad de las horquillas para operaci\u00f3n segura<\/p>\n<\/li>\n<li data-pm-slice=\"1 1 []\">\n<p data-pm-slice=\"1 1 []\">Ajuste autom\u00e1tico de altura (opcional) para mayor ergonom\u00eda<\/p>\n<\/li>\n<li data-pm-slice=\"1 1 []\">\n<p data-pm-slice=\"1 1 []\">\u0646\u0638\u0627\u0645 \u0630\u0643\u064a \u0633\u0647\u0644 \u0627\u0644\u062a\u0648\u0635\u064a\u0644 \u0648\u0627\u0644\u0645\u0631\u0627\u0642\u0628\u0629 \u0648\u0627\u0644\u062a\u062d\u0633\u064a\u0646<\/p>\n<\/li>\n<\/ul>\n<h2>\u0627\u0644\u0645\u0648\u0627\u0635\u0641\u0627\u062a.<\/h2>\n<p data-pm-slice=\"1 1 []\">BT Staxio SWE080L con brazos elevadores, 1,58 m de altura, 6 km\/h, dise\u00f1o compacto, BT Powerdrive, Castorlink, frenado electr\u00f3nico, seguridad del operario, Click-2-Creep, telem\u00e1tica inteligente y calidad Toyota.<\/p>","protected":false},"excerpt":{"rendered":"<p>\u00bfBusca una soluci\u00f3n de apilamiento de baja a media intensidad? El BT Staxio SWE080L, con 800 kg de capacidad, es ideal para interiores de tiendas, ofreciendo excelente visibilidad, seguridad y versatilidad en el uso.<\/p>\n<p><em><strong>800kg | 1580mm | 6,0km\/h | Carretilla inteligente<\/strong><\/em><\/p>\n<p>M\u00e1stil de altura reducida: El monom\u00e1stil con altura de elevaci\u00f3n de hasta 1580 mm hace que esta carretilla sea perfecta para su uso en talleres. Con las horquillas elevadas a la altura de la mesa de trabajo, se convierte en una herramienta ergon\u00f3mica que hace que cualquier tarea sea f\u00e1cil y segura.<\/p>","protected":false},"featured_media":1917,"template":"","meta":{"_joinchat":[]},"product_brand":[],"product_cat":[29,26],"product_tag":[],"class_list":{"0":"post-1916","1":"product","2":"type-product","3":"status-publish","4":"has-post-thumbnail","6":"product_cat-apiladores-electricos","7":"product_cat-carretillas-elevadoras","9":"first","10":"instock","11":"shipping-taxable","12":"product-type-simple"},"_links":{"self":[{"href":"https:\/\/repmancarretillas.es\/ar\/wp-json\/wp\/v2\/product\/1916","targetHints":{"allow":["GET"]}}],"collection":[{"href":"https:\/\/repmancarretillas.es\/ar\/wp-json\/wp\/v2\/product"}],"about":[{"href":"https:\/\/repmancarretillas.es\/ar\/wp-json\/wp\/v2\/types\/product"}],"version-history":[{"count":1,"href":"https:\/\/repmancarretillas.es\/ar\/wp-json\/wp\/v2\/product\/1916\/revisions"}],"predecessor-version":[{"id":1923,"href":"https:\/\/repmancarretillas.es\/ar\/wp-json\/wp\/v2\/product\/1916\/revisions\/1923"}],"wp:featuredmedia":[{"embeddable":true,"href":"https:\/\/repmancarretillas.es\/ar\/wp-json\/wp\/v2\/media\/1917"}],"wp:attachment":[{"href":"https:\/\/repmancarretillas.es\/ar\/wp-json\/wp\/v2\/media?parent=1916"}],"wp:term":[{"taxonomy":"product_brand","embeddable":true,"href":"https:\/\/repmancarretillas.es\/ar\/wp-json\/wp\/v2\/product_brand?post=1916"},{"taxonomy":"product_cat","embeddable":true,"href":"https:\/\/repmancarretillas.es\/ar\/wp-json\/wp\/v2\/product_cat?post=1916"},{"taxonomy":"product_tag","embeddable":true,"href":"https:\/\/repmancarretillas.es\/ar\/wp-json\/wp\/v2\/product_tag?post=1916"}],"curies":[{"name":"wp","href":"https:\/\/api.w.org\/{rel}","templated":true}]}}