{"id":1873,"date":"2026-04-26T22:07:46","date_gmt":"2026-04-26T20:07:46","guid":{"rendered":"https:\/\/repmancarretillas.es\/?post_type=product&#038;p=1873"},"modified":"2026-04-26T22:14:34","modified_gmt":"2026-04-26T20:14:34","slug":"bt-levio-2t-li-ion-con-conductor-a-bordo","status":"publish","type":"product","link":"https:\/\/repmancarretillas.es\/ar\/product\/bt-levio-2t-li-ion-con-conductor-a-bordo\/","title":{"rendered":"BT Levio 2t Li-ion con conductor a bordo"},"content":{"rendered":"<h2>\u0627\u0644\u0641\u0648\u0627\u0626\u062f \u0627\u0644\u0631\u0626\u064a\u0633\u064a\u0629.<\/h2>\n<ul>\n<li data-pm-slice=\"1 1 []\">\n<p data-pm-slice=\"1 1 []\">Cabina cerrada ideal para transporte de larga distancia y protecci\u00f3n del operador<\/p>\n<\/li>\n<li data-pm-slice=\"1 1 []\">\n<p data-pm-slice=\"1 1 []\">Operaci\u00f3n segura con control de curvas y luz LED de advertencia azul<\/p>\n<\/li>\n<li data-pm-slice=\"1 1 []\">\n<p data-pm-slice=\"1 1 []\">Alta maniobrabilidad con direcci\u00f3n de 180\u00b0 o 360\u00b0 y excelente visibilidad<\/p>\n<\/li>\n<li data-pm-slice=\"1 1 []\">\n<p data-pm-slice=\"1 1 []\">Bater\u00eda de litio para carga r\u00e1pida, segura y eficiente<\/p>\n<\/li>\n<li data-pm-slice=\"1 1 []\">\n<p data-pm-slice=\"1 1 []\">Puesto de conducci\u00f3n ergon\u00f3mico con controles ajustables e intuitivos<\/p>\n<\/li>\n<\/ul>\n<h2>\u0627\u0644\u0645\u0648\u0627\u0635\u0641\u0627\u062a.<\/h2>\n<p data-pm-slice=\"1 1 []\">Controles manuales, asiento ajustable, direcci\u00f3n 180\u00b0\/360\u00b0, pantalla t\u00e1ctil, bater\u00eda Li-ion, frenado electr\u00f3nico y regenerativo, control de velocidad, detecci\u00f3n del conductor, acceso PIN, seguridad en curvas, mantenimiento f\u00e1cil y telem\u00e1tica integrada.<\/p>","protected":false},"excerpt":{"rendered":"<p data-pm-slice=\"1 1 []\">\u00bfBusca una transpaleta de conductor de pie de alto rendimiento? La BT Levio Li-ion Serie S es compacta y maniobrable, con cabina cerrada para m\u00e1xima protecci\u00f3n y controles intuitivos que mejoran la productividad.<\/p>\n<p data-start=\"100\" data-end=\"364\"><em><strong>2000 kg | 12,5 km\/h | Carretilla inteligente<\/strong><\/em><\/p>\n<p data-start=\"100\" data-end=\"364\">Excelente maniobrabilidad: M\u00e1quina compacta que ofrece una excelente maniobrabilidad con direcci\u00f3n de 180\u00b0 o 360\u00b0, lo que permite cambiar f\u00e1cilmente de direcci\u00f3n en zonas concurridas y estrechas.<\/p>","protected":false},"featured_media":1874,"template":"","meta":{"_joinchat":[]},"product_brand":[],"product_cat":[26,28],"product_tag":[],"class_list":{"0":"post-1873","1":"product","2":"type-product","3":"status-publish","4":"has-post-thumbnail","6":"product_cat-carretillas-elevadoras","7":"product_cat-transpaletas-electricas","9":"first","10":"instock","11":"shipping-taxable","12":"product-type-simple"},"_links":{"self":[{"href":"https:\/\/repmancarretillas.es\/ar\/wp-json\/wp\/v2\/product\/1873","targetHints":{"allow":["GET"]}}],"collection":[{"href":"https:\/\/repmancarretillas.es\/ar\/wp-json\/wp\/v2\/product"}],"about":[{"href":"https:\/\/repmancarretillas.es\/ar\/wp-json\/wp\/v2\/types\/product"}],"version-history":[{"count":1,"href":"https:\/\/repmancarretillas.es\/ar\/wp-json\/wp\/v2\/product\/1873\/revisions"}],"predecessor-version":[{"id":1885,"href":"https:\/\/repmancarretillas.es\/ar\/wp-json\/wp\/v2\/product\/1873\/revisions\/1885"}],"wp:featuredmedia":[{"embeddable":true,"href":"https:\/\/repmancarretillas.es\/ar\/wp-json\/wp\/v2\/media\/1874"}],"wp:attachment":[{"href":"https:\/\/repmancarretillas.es\/ar\/wp-json\/wp\/v2\/media?parent=1873"}],"wp:term":[{"taxonomy":"product_brand","embeddable":true,"href":"https:\/\/repmancarretillas.es\/ar\/wp-json\/wp\/v2\/product_brand?post=1873"},{"taxonomy":"product_cat","embeddable":true,"href":"https:\/\/repmancarretillas.es\/ar\/wp-json\/wp\/v2\/product_cat?post=1873"},{"taxonomy":"product_tag","embeddable":true,"href":"https:\/\/repmancarretillas.es\/ar\/wp-json\/wp\/v2\/product_tag?post=1873"}],"curies":[{"name":"wp","href":"https:\/\/api.w.org\/{rel}","templated":true}]}}