{"id":1831,"date":"2026-04-26T21:48:04","date_gmt":"2026-04-26T19:48:04","guid":{"rendered":"https:\/\/repmancarretillas.es\/?post_type=product&#038;p=1831"},"modified":"2026-04-26T21:52:18","modified_gmt":"2026-04-26T19:52:18","slug":"bt-levio-2-toneladas-con-plataforma","status":"publish","type":"product","link":"https:\/\/repmancarretillas.es\/ar\/product\/bt-levio-2-toneladas-con-plataforma\/","title":{"rendered":"\u0634\u0627\u062d\u0646\u0629 \u0628\u064a \u062a\u064a \u0644\u064a\u0641\u064a\u0648 2 \u0637\u0646 \u0645\u0639 \u0645\u0646\u0635\u0629"},"content":{"rendered":"<h2>\u0627\u0644\u0641\u0648\u0627\u0626\u062f \u0627\u0644\u0631\u0626\u064a\u0633\u064a\u0629.<\/h2>\n<ul>\n<li data-pm-slice=\"1 1 []\">\n<p data-pm-slice=\"1 1 []\">Plataforma plegable ideal para uso intensivo y largas distancias<\/p>\n<\/li>\n<li data-pm-slice=\"1 1 []\">\n<p data-pm-slice=\"1 1 []\">Puertas laterales de seguridad plegables para mayor protecci\u00f3n<\/p>\n<\/li>\n<li data-pm-slice=\"1 1 []\">\n<p data-pm-slice=\"1 1 []\">Control de velocidad en curvas para una operaci\u00f3n m\u00e1s segura<\/p>\n<\/li>\n<li data-pm-slice=\"1 1 []\">\n<p data-pm-slice=\"1 1 []\">Sistema de un solo toque para plegar las protecciones laterales<\/p>\n<\/li>\n<li data-pm-slice=\"1 1 []\">\n<p data-pm-slice=\"1 1 []\">Carretilla inteligente f\u00e1cil de conectar, monitorizar y optimizar<\/p>\n<\/li>\n<\/ul>\n<h2>\u0627\u0644\u0645\u0648\u0627\u0635\u0641\u0627\u062a.<\/h2>\n<p data-pm-slice=\"1 1 []\">Modelo LPE200 con capacidad de carga de 2000 kg, elevaci\u00f3n 205 mm, bater\u00eda hasta 400 Ah, voltaje 24V, velocidad 10 km\/h, opciones 225Ah o 300Ah y alto rendimiento operativo.<\/p>","protected":false},"excerpt":{"rendered":"<p data-pm-slice=\"1 1 []\">La BT Levio es una transpaleta el\u00e9ctrica con plataforma de operador y alta capacidad de carga. Su dise\u00f1o compacto ofrece gran maniobrabilidad, radio de giro reducido y velocidad de hasta 10 km\/h para m\u00e1xima productividad.<\/p>\n<p data-start=\"100\" data-end=\"364\"><em><strong>2000 kg | 10,0 km\/h | Carretilla inteligente<\/strong><\/em><\/p>\n<p data-start=\"100\" data-end=\"364\">Tim\u00f3n con Click-2-Creep: El tim\u00f3n ergon\u00f3mico con botones de control intuitivos se puede utilizar con cualquier mano y ofrece un control y una productividad excelentes. La funci\u00f3n Click-2-Creep permite el recorrido a marcha lenta y la conducci\u00f3n con el tim\u00f3n en posici\u00f3n vertical.<\/p>","protected":false},"featured_media":1832,"template":"","meta":{"_joinchat":[]},"product_brand":[],"product_cat":[26,28],"product_tag":[],"class_list":{"0":"post-1831","1":"product","2":"type-product","3":"status-publish","4":"has-post-thumbnail","6":"product_cat-carretillas-elevadoras","7":"product_cat-transpaletas-electricas","9":"first","10":"instock","11":"shipping-taxable","12":"product-type-simple"},"_links":{"self":[{"href":"https:\/\/repmancarretillas.es\/ar\/wp-json\/wp\/v2\/product\/1831","targetHints":{"allow":["GET"]}}],"collection":[{"href":"https:\/\/repmancarretillas.es\/ar\/wp-json\/wp\/v2\/product"}],"about":[{"href":"https:\/\/repmancarretillas.es\/ar\/wp-json\/wp\/v2\/types\/product"}],"version-history":[{"count":1,"href":"https:\/\/repmancarretillas.es\/ar\/wp-json\/wp\/v2\/product\/1831\/revisions"}],"predecessor-version":[{"id":1840,"href":"https:\/\/repmancarretillas.es\/ar\/wp-json\/wp\/v2\/product\/1831\/revisions\/1840"}],"wp:featuredmedia":[{"embeddable":true,"href":"https:\/\/repmancarretillas.es\/ar\/wp-json\/wp\/v2\/media\/1832"}],"wp:attachment":[{"href":"https:\/\/repmancarretillas.es\/ar\/wp-json\/wp\/v2\/media?parent=1831"}],"wp:term":[{"taxonomy":"product_brand","embeddable":true,"href":"https:\/\/repmancarretillas.es\/ar\/wp-json\/wp\/v2\/product_brand?post=1831"},{"taxonomy":"product_cat","embeddable":true,"href":"https:\/\/repmancarretillas.es\/ar\/wp-json\/wp\/v2\/product_cat?post=1831"},{"taxonomy":"product_tag","embeddable":true,"href":"https:\/\/repmancarretillas.es\/ar\/wp-json\/wp\/v2\/product_tag?post=1831"}],"curies":[{"name":"wp","href":"https:\/\/api.w.org\/{rel}","templated":true}]}}