{"id":1761,"date":"2026-04-26T21:08:46","date_gmt":"2026-04-26T19:08:46","guid":{"rendered":"https:\/\/repmancarretillas.es\/?post_type=product&#038;p=1761"},"modified":"2026-04-26T21:15:26","modified_gmt":"2026-04-26T19:15:26","slug":"bt-levio-1-3t-compacta","status":"publish","type":"product","link":"https:\/\/repmancarretillas.es\/ar\/product\/bt-levio-1-3t-compacta\/","title":{"rendered":"\u0628\u064a \u062a\u064a \u0644\u064a\u0641\u064a\u0648 1.3 \u062a\u064a \u0643\u0648\u0645\u0628\u0627\u0643\u062a"},"content":{"rendered":"<h2>\u0627\u0644\u0641\u0648\u0627\u0626\u062f \u0627\u0644\u0631\u0626\u064a\u0633\u064a\u0629.<\/h2>\n<ul>\n<li data-pm-slice=\"1 1 []\">\n<p data-pm-slice=\"1 1 []\">Dise\u00f1o compacto ideal para pasillos estrechos y uso en veh\u00edculos<\/p>\n<\/li>\n<li data-pm-slice=\"1 1 []\">\n<p data-pm-slice=\"1 1 []\">Brazo tim\u00f3n intuitivo con giro de hasta 208\u00b0<\/p>\n<\/li>\n<li data-pm-slice=\"1 1 []\">\n<p data-pm-slice=\"1 1 []\">Chasis robusto de alta calidad para mayor durabilidad<\/p>\n<\/li>\n<li data-pm-slice=\"1 1 []\">\n<p data-pm-slice=\"1 1 []\">Bajo consumo energ\u00e9tico para mayor eficiencia<\/p>\n<\/li>\n<li data-pm-slice=\"1 1 []\">\n<p data-pm-slice=\"1 1 []\">\u0646\u0638\u0627\u0645 \u0630\u0643\u064a \u0633\u0647\u0644 \u0627\u0644\u062a\u0648\u0635\u064a\u0644 \u0648\u0627\u0644\u062a\u062d\u0643\u0645 \u0648\u0627\u0644\u062a\u062d\u0633\u064a\u0646<\/p>\n<\/li>\n<\/ul>\n<h2>\u0627\u0644\u0645\u0648\u0627\u0635\u0641\u0627\u062a.<\/h2>\n<p data-pm-slice=\"1 1 []\">Transpaleta compacta con ruedas de maniobra, bater\u00edas sin mantenimiento y cargador integrado. Incluye Click-2-Creep, motor AC eficiente, control PIN, ajustes personalizados y sistema telem\u00e1tico compatible con gesti\u00f3n de flotas.<\/p>\n<p data-pm-slice=\"1 1 []\">.<\/p>","protected":false},"excerpt":{"rendered":"<p data-start=\"100\" data-end=\"364\">\u00bfNecesitas una transpaleta el\u00e9ctrica ligera para distancias cortas y medias? Su dise\u00f1o compacto, silencioso y eficiente garantiza un manejo c\u00f3modo, seguro y de bajo mantenimiento.<\/p>\n<p data-start=\"100\" data-end=\"364\"><em><strong>1300 kg | 5,5 km\/h | Carretilla inteligente<\/strong><\/em><\/p>\n<p data-start=\"100\" data-end=\"364\">Configure su carretilla seg\u00fan: Ancho de horquillas, Pack de energ\u00eda, Brazo Tim\u00f3n, Rueda motriz, Ruedas de horquillas, Longitud de horquillas.<\/p>","protected":false},"featured_media":1762,"template":"","meta":{"_joinchat":[]},"product_brand":[],"product_cat":[26,28],"product_tag":[],"class_list":{"0":"post-1761","1":"product","2":"type-product","3":"status-publish","4":"has-post-thumbnail","6":"product_cat-carretillas-elevadoras","7":"product_cat-transpaletas-electricas","9":"first","10":"instock","11":"shipping-taxable","12":"product-type-simple"},"_links":{"self":[{"href":"https:\/\/repmancarretillas.es\/ar\/wp-json\/wp\/v2\/product\/1761","targetHints":{"allow":["GET"]}}],"collection":[{"href":"https:\/\/repmancarretillas.es\/ar\/wp-json\/wp\/v2\/product"}],"about":[{"href":"https:\/\/repmancarretillas.es\/ar\/wp-json\/wp\/v2\/types\/product"}],"version-history":[{"count":1,"href":"https:\/\/repmancarretillas.es\/ar\/wp-json\/wp\/v2\/product\/1761\/revisions"}],"predecessor-version":[{"id":1774,"href":"https:\/\/repmancarretillas.es\/ar\/wp-json\/wp\/v2\/product\/1761\/revisions\/1774"}],"wp:featuredmedia":[{"embeddable":true,"href":"https:\/\/repmancarretillas.es\/ar\/wp-json\/wp\/v2\/media\/1762"}],"wp:attachment":[{"href":"https:\/\/repmancarretillas.es\/ar\/wp-json\/wp\/v2\/media?parent=1761"}],"wp:term":[{"taxonomy":"product_brand","embeddable":true,"href":"https:\/\/repmancarretillas.es\/ar\/wp-json\/wp\/v2\/product_brand?post=1761"},{"taxonomy":"product_cat","embeddable":true,"href":"https:\/\/repmancarretillas.es\/ar\/wp-json\/wp\/v2\/product_cat?post=1761"},{"taxonomy":"product_tag","embeddable":true,"href":"https:\/\/repmancarretillas.es\/ar\/wp-json\/wp\/v2\/product_tag?post=1761"}],"curies":[{"name":"wp","href":"https:\/\/api.w.org\/{rel}","templated":true}]}}