{"id":1722,"date":"2026-04-21T16:47:25","date_gmt":"2026-04-21T14:47:25","guid":{"rendered":"https:\/\/repmancarretillas.es\/?post_type=product&#038;p=1722"},"modified":"2026-04-21T16:52:34","modified_gmt":"2026-04-21T14:52:34","slug":"toyota-quick-lifter-con-bascula","status":"publish","type":"product","link":"https:\/\/repmancarretillas.es\/ar\/product\/toyota-quick-lifter-con-bascula\/","title":{"rendered":"\u0631\u0627\u0641\u0639\u0629 \u062a\u0648\u064a\u0648\u062a\u0627 \u0627\u0644\u0633\u0631\u064a\u0639\u0629 \u0645\u0639 \u0645\u064a\u0632\u0627\u0646"},"content":{"rendered":"<div class=\"beneficios-producto\">\n<h2>\u0627\u0644\u0641\u0648\u0627\u0626\u062f \u0627\u0644\u0631\u0626\u064a\u0633\u064a\u0629.<\/h2>\n<ul class=\"beneficios-lista\">\n<li>\n<p data-pm-slice=\"1 1 []\">B\u00e1scula integrada de alta precisi\u00f3n (\u00b10,1 kg) y elevaci\u00f3n r\u00e1pida<\/p>\n<\/li>\n<li>\n<p data-pm-slice=\"1 1 []\">Permite pesar y transportar simult\u00e1neamente<\/p>\n<\/li>\n<li>\n<p data-pm-slice=\"1 1 []\">Menos bombeos para mejor ergonom\u00eda<\/p>\n<\/li>\n<li>\n<p data-pm-slice=\"1 1 []\">Hasta 5 veces m\u00e1s duradera<\/p>\n<\/li>\n<\/ul>\n<h2>\u0627\u0644\u0645\u0648\u0627\u0635\u0641\u0627\u062a.<\/h2>\n<p data-pm-slice=\"1 1 []\">Modelo <strong>LHM200SCQ<\/strong> con b\u00e1scula integrada y sistema de bomba quick para elevaci\u00f3n r\u00e1pida. Capacidad 2000 kg, altura 205 mm. Ideal para pesar y transportar con eficiencia en operaciones intensivas.<\/p>\n<\/div>","protected":false},"excerpt":{"rendered":"<p data-pm-slice=\"1 1 []\">\u00bfQuiere manipular y pesar en un solo paso? La Toyota Quick Lifter con b\u00e1scula permite pesar en cualquier punto, con elevaci\u00f3n r\u00e1pida: contacto al primer bombeo y elevaci\u00f3n al segundo.<\/p>\n<p><em><strong>2000 kg | 205 mm | B\u00e1scula<\/strong><\/em><\/p>\n<p>Pesaje de alta precisi\u00f3n: El sistema es capaz de medir la carga de la transpaleta con un margen de error m\u00e1ximo del 0,1% de la carga aplicada. La gran pantalla y el teclado intuitivo facilitan su manejo.<\/p>","protected":false},"featured_media":1723,"template":"","meta":{"_joinchat":[]},"product_brand":[],"product_cat":[26,27],"product_tag":[],"class_list":{"0":"post-1722","1":"product","2":"type-product","3":"status-publish","4":"has-post-thumbnail","6":"product_cat-carretillas-elevadoras","7":"product_cat-transpaletas-manuales","9":"first","10":"instock","11":"shipping-taxable","12":"product-type-simple"},"_links":{"self":[{"href":"https:\/\/repmancarretillas.es\/ar\/wp-json\/wp\/v2\/product\/1722","targetHints":{"allow":["GET"]}}],"collection":[{"href":"https:\/\/repmancarretillas.es\/ar\/wp-json\/wp\/v2\/product"}],"about":[{"href":"https:\/\/repmancarretillas.es\/ar\/wp-json\/wp\/v2\/types\/product"}],"version-history":[{"count":1,"href":"https:\/\/repmancarretillas.es\/ar\/wp-json\/wp\/v2\/product\/1722\/revisions"}],"predecessor-version":[{"id":1731,"href":"https:\/\/repmancarretillas.es\/ar\/wp-json\/wp\/v2\/product\/1722\/revisions\/1731"}],"wp:featuredmedia":[{"embeddable":true,"href":"https:\/\/repmancarretillas.es\/ar\/wp-json\/wp\/v2\/media\/1723"}],"wp:attachment":[{"href":"https:\/\/repmancarretillas.es\/ar\/wp-json\/wp\/v2\/media?parent=1722"}],"wp:term":[{"taxonomy":"product_brand","embeddable":true,"href":"https:\/\/repmancarretillas.es\/ar\/wp-json\/wp\/v2\/product_brand?post=1722"},{"taxonomy":"product_cat","embeddable":true,"href":"https:\/\/repmancarretillas.es\/ar\/wp-json\/wp\/v2\/product_cat?post=1722"},{"taxonomy":"product_tag","embeddable":true,"href":"https:\/\/repmancarretillas.es\/ar\/wp-json\/wp\/v2\/product_tag?post=1722"}],"curies":[{"name":"wp","href":"https:\/\/api.w.org\/{rel}","templated":true}]}}