{"id":1711,"date":"2026-04-21T16:41:30","date_gmt":"2026-04-21T14:41:30","guid":{"rendered":"https:\/\/repmancarretillas.es\/?post_type=product&#038;p=1711"},"modified":"2026-04-21T16:53:36","modified_gmt":"2026-04-21T14:53:36","slug":"toyota-quick-lifter-con-valvula-de-proteccion-sobrecarga","status":"publish","type":"product","link":"https:\/\/repmancarretillas.es\/ar\/product\/toyota-quick-lifter-con-valvula-de-proteccion-sobrecarga\/","title":{"rendered":"Toyota Quick lifter con v\u00e1lvula de protecci\u00f3n sobrecarga"},"content":{"rendered":"<div class=\"beneficios-producto\">\n<h2>\u0627\u0644\u0641\u0648\u0627\u0626\u062f \u0627\u0644\u0631\u0626\u064a\u0633\u064a\u0629.<\/h2>\n<ul class=\"beneficios-lista\">\n<li>\n<p data-pm-slice=\"1 1 []\">Elevaci\u00f3n r\u00e1pida que reduce bombeos y mejora la ergonom\u00eda<\/p>\n<\/li>\n<li>\n<p data-pm-slice=\"1 1 []\">L\u00edmite de carga preestablecido para mayor seguridad<\/p>\n<\/li>\n<li>\n<p data-pm-slice=\"1 1 []\">Hasta 5 veces m\u00e1s duradera<\/p>\n<\/li>\n<li>\n<p data-pm-slice=\"1 1 []\">99 a\u00f1os de garant\u00eda en las horquillas<\/p>\n<\/li>\n<\/ul>\n<h2>\u0627\u0644\u0645\u0648\u0627\u0635\u0641\u0627\u062a.<\/h2>\n<p data-pm-slice=\"1 1 []\">Modelo <strong>LHM230QO<\/strong> con sistema de bomba quick para elevaci\u00f3n r\u00e1pida. Capacidad 2300 kg, altura 200 mm. Dise\u00f1ada para mayor eficiencia, menor esfuerzo y rendimiento \u00f3ptimo en operaciones intensivas.<\/p>\n<\/div>","protected":false},"excerpt":{"rendered":"<p data-pm-slice=\"1 1 []\">Proteja su equipo y trabaje m\u00e1s r\u00e1pido. La Toyota Quick Lifter combina v\u00e1lvula anti-sobrecarga con elevaci\u00f3n r\u00e1pida para m\u00e1xima seguridad y productividad en cada operaci\u00f3n.<\/p>\n<p><em><strong>2300 kg | 200 mm<\/strong><\/em><\/p>\n<p>Ruedas para escalones: Estas peque\u00f1as ruedas situadas en la parte delantera de la horquilla permiten entrar y salir f\u00e1cilmente de los pallets, aumentando la productividad y reduciendo su desgaste.<\/p>","protected":false},"featured_media":1712,"template":"","meta":{"_joinchat":[]},"product_brand":[],"product_cat":[26,27],"product_tag":[],"class_list":{"0":"post-1711","1":"product","2":"type-product","3":"status-publish","4":"has-post-thumbnail","6":"product_cat-carretillas-elevadoras","7":"product_cat-transpaletas-manuales","9":"first","10":"instock","11":"shipping-taxable","12":"product-type-simple"},"_links":{"self":[{"href":"https:\/\/repmancarretillas.es\/ar\/wp-json\/wp\/v2\/product\/1711","targetHints":{"allow":["GET"]}}],"collection":[{"href":"https:\/\/repmancarretillas.es\/ar\/wp-json\/wp\/v2\/product"}],"about":[{"href":"https:\/\/repmancarretillas.es\/ar\/wp-json\/wp\/v2\/types\/product"}],"version-history":[{"count":2,"href":"https:\/\/repmancarretillas.es\/ar\/wp-json\/wp\/v2\/product\/1711\/revisions"}],"predecessor-version":[{"id":1732,"href":"https:\/\/repmancarretillas.es\/ar\/wp-json\/wp\/v2\/product\/1711\/revisions\/1732"}],"wp:featuredmedia":[{"embeddable":true,"href":"https:\/\/repmancarretillas.es\/ar\/wp-json\/wp\/v2\/media\/1712"}],"wp:attachment":[{"href":"https:\/\/repmancarretillas.es\/ar\/wp-json\/wp\/v2\/media?parent=1711"}],"wp:term":[{"taxonomy":"product_brand","embeddable":true,"href":"https:\/\/repmancarretillas.es\/ar\/wp-json\/wp\/v2\/product_brand?post=1711"},{"taxonomy":"product_cat","embeddable":true,"href":"https:\/\/repmancarretillas.es\/ar\/wp-json\/wp\/v2\/product_cat?post=1711"},{"taxonomy":"product_tag","embeddable":true,"href":"https:\/\/repmancarretillas.es\/ar\/wp-json\/wp\/v2\/product_tag?post=1711"}],"curies":[{"name":"wp","href":"https:\/\/api.w.org\/{rel}","templated":true}]}}