{"id":1644,"date":"2026-04-21T15:54:39","date_gmt":"2026-04-21T13:54:39","guid":{"rendered":"https:\/\/repmancarretillas.es\/?post_type=product&#038;p=1644"},"modified":"2026-04-21T16:00:21","modified_gmt":"2026-04-21T14:00:21","slug":"toyota-lifter-de-gran-capacidad","status":"publish","type":"product","link":"https:\/\/repmancarretillas.es\/ar\/product\/toyota-lifter-de-gran-capacidad\/","title":{"rendered":"\u0631\u0627\u0641\u0639\u0629 \u062a\u0648\u064a\u0648\u062a\u0627 \u0639\u0627\u0644\u064a\u0629 \u0627\u0644\u0633\u0639\u0629"},"content":{"rendered":"<div class=\"beneficios-producto\">\n<h2>\u0627\u0644\u0641\u0648\u0627\u0626\u062f \u0627\u0644\u0631\u0626\u064a\u0633\u064a\u0629.<\/h2>\n<ul class=\"beneficios-lista\">\n<li>\n<p data-pm-slice=\"1 1 []\">Ideal para manipular cargas pesadas<\/p>\n<\/li>\n<li>\n<p data-pm-slice=\"1 1 []\">Protecci\u00f3n contra sobrecarga para mayor seguridad<\/p>\n<\/li>\n<li>\n<p data-pm-slice=\"1 1 []\">Opciones vers\u00e1tiles para distintos tipos de carga<\/p>\n<\/li>\n<li>\n<p data-pm-slice=\"1 1 []\">Hasta 5 veces m\u00e1s duradera que productos similares<\/p>\n<\/li>\n<\/ul>\n<h2>\u0627\u0644\u0645\u0648\u0627\u0635\u0641\u0627\u062a.<\/h2>\n<p data-pm-slice=\"1 1 []\">Modelo <strong>LHM300<\/strong> con tim\u00f3n est\u00e1ndar y ruedas bogie de nylon. Horquillas 520\u00d71150 mm. Rueda directriz nylon opcional. Capacidad 3000 kg, elevaci\u00f3n 200 mm, bomba de 3 toneladas.<\/p>\n<p>.<\/p>\n<\/div>","protected":false},"excerpt":{"rendered":"<p data-pm-slice=\"1 1 []\">Mueva hasta 3 toneladas sin esfuerzo con la Toyota Heavy Lifter, dise\u00f1ada para brindar resistencia, facilidad de manejo y eficiencia a largo plazo<span style=\"font-size: 16px;\">.<\/span><\/p>\n<p><em><strong>3000 kg | 200 mm<\/strong><\/em><\/p>\n<p>Configure su carretilla seg\u00fan: Longitud de horquillas, Ancho de horquillas, Rueda directriz.<\/p>","protected":false},"featured_media":1645,"template":"","meta":{"_joinchat":[]},"product_brand":[],"product_cat":[26,27],"product_tag":[],"class_list":{"0":"post-1644","1":"product","2":"type-product","3":"status-publish","4":"has-post-thumbnail","6":"product_cat-carretillas-elevadoras","7":"product_cat-transpaletas-manuales","9":"first","10":"instock","11":"shipping-taxable","12":"product-type-simple"},"_links":{"self":[{"href":"https:\/\/repmancarretillas.es\/ar\/wp-json\/wp\/v2\/product\/1644","targetHints":{"allow":["GET"]}}],"collection":[{"href":"https:\/\/repmancarretillas.es\/ar\/wp-json\/wp\/v2\/product"}],"about":[{"href":"https:\/\/repmancarretillas.es\/ar\/wp-json\/wp\/v2\/types\/product"}],"version-history":[{"count":1,"href":"https:\/\/repmancarretillas.es\/ar\/wp-json\/wp\/v2\/product\/1644\/revisions"}],"predecessor-version":[{"id":1653,"href":"https:\/\/repmancarretillas.es\/ar\/wp-json\/wp\/v2\/product\/1644\/revisions\/1653"}],"wp:featuredmedia":[{"embeddable":true,"href":"https:\/\/repmancarretillas.es\/ar\/wp-json\/wp\/v2\/media\/1645"}],"wp:attachment":[{"href":"https:\/\/repmancarretillas.es\/ar\/wp-json\/wp\/v2\/media?parent=1644"}],"wp:term":[{"taxonomy":"product_brand","embeddable":true,"href":"https:\/\/repmancarretillas.es\/ar\/wp-json\/wp\/v2\/product_brand?post=1644"},{"taxonomy":"product_cat","embeddable":true,"href":"https:\/\/repmancarretillas.es\/ar\/wp-json\/wp\/v2\/product_cat?post=1644"},{"taxonomy":"product_tag","embeddable":true,"href":"https:\/\/repmancarretillas.es\/ar\/wp-json\/wp\/v2\/product_tag?post=1644"}],"curies":[{"name":"wp","href":"https:\/\/api.w.org\/{rel}","templated":true}]}}