{"id":1633,"date":"2026-04-21T02:11:01","date_gmt":"2026-04-21T00:11:01","guid":{"rendered":"https:\/\/repmancarretillas.es\/?post_type=product&#038;p=1633"},"modified":"2026-04-21T02:17:12","modified_gmt":"2026-04-21T00:17:12","slug":"toyota-pro-lifter","status":"publish","type":"product","link":"https:\/\/repmancarretillas.es\/ar\/product\/toyota-pro-lifter\/","title":{"rendered":"Toyota Pro Lifter"},"content":{"rendered":"<div class=\"beneficios-producto\">\n<h2>\u0627\u0644\u0641\u0648\u0627\u0626\u062f \u0627\u0644\u0631\u0626\u064a\u0633\u064a\u0629.<\/h2>\n<ul class=\"beneficios-lista\">\n<li>\n<p data-pm-slice=\"1 1 []\">67% menos fuerza de arranque<\/p>\n<\/li>\n<li>\n<p data-pm-slice=\"1 1 []\">Maniobrabilidad en ambas direcciones<\/p>\n<\/li>\n<li>\n<p data-pm-slice=\"1 1 []\">Reduce la fatiga y mejora la productividad<\/p>\n<\/li>\n<li>\n<p data-pm-slice=\"1 1 []\">F\u00e1cil inserci\u00f3n en pallets<\/p>\n<\/li>\n<li>\n<p data-pm-slice=\"1 1 []\">99 a\u00f1os de garant\u00eda en las horquillas<\/p>\n<\/li>\n<\/ul>\n<h2>\u0627\u0644\u0645\u0648\u0627\u0635\u0641\u0627\u062a.<\/h2>\n<p data-pm-slice=\"1 1 []\">Modelo LHM230P con tim\u00f3n est\u00e1ndar y rueda directriz Powerthane. Horquillas 520\u00d71150 mm, ruedas nylon opcionales. Capacidad 2300 kg, elevaci\u00f3n 200 mm, sistema de bomba Pro-lifter para alto rendimiento.<\/p>\n<\/div>","protected":false},"excerpt":{"rendered":"<p data-pm-slice=\"1 1 []\">\u00bfTrabaja con cargas pesadas? La Toyota Lifter Pro reduce en un 67% la fuerza de arranque, facilitando la manipulaci\u00f3n incluso en espacios reducidos o con pallets bajos<span style=\"font-size: 16px;\">.<\/span><\/p>\n<p><span style=\"font-size: 16px;\"><em><strong>2300 kg | 200 mm<\/strong><\/em><\/span><\/p>\n<p><span style=\"font-size: 16px;\">Configure su carretilla seg\u00fan: Ancho de horquillas, Longitud de Horquillas y Ruedas de horquillas.<\/span><\/p>","protected":false},"featured_media":1634,"template":"","meta":{"_joinchat":[]},"product_brand":[],"product_cat":[26,27],"product_tag":[],"class_list":{"0":"post-1633","1":"product","2":"type-product","3":"status-publish","4":"has-post-thumbnail","6":"product_cat-carretillas-elevadoras","7":"product_cat-transpaletas-manuales","9":"first","10":"instock","11":"shipping-taxable","12":"product-type-simple"},"_links":{"self":[{"href":"https:\/\/repmancarretillas.es\/ar\/wp-json\/wp\/v2\/product\/1633","targetHints":{"allow":["GET"]}}],"collection":[{"href":"https:\/\/repmancarretillas.es\/ar\/wp-json\/wp\/v2\/product"}],"about":[{"href":"https:\/\/repmancarretillas.es\/ar\/wp-json\/wp\/v2\/types\/product"}],"version-history":[{"count":2,"href":"https:\/\/repmancarretillas.es\/ar\/wp-json\/wp\/v2\/product\/1633\/revisions"}],"predecessor-version":[{"id":1643,"href":"https:\/\/repmancarretillas.es\/ar\/wp-json\/wp\/v2\/product\/1633\/revisions\/1643"}],"wp:featuredmedia":[{"embeddable":true,"href":"https:\/\/repmancarretillas.es\/ar\/wp-json\/wp\/v2\/media\/1634"}],"wp:attachment":[{"href":"https:\/\/repmancarretillas.es\/ar\/wp-json\/wp\/v2\/media?parent=1633"}],"wp:term":[{"taxonomy":"product_brand","embeddable":true,"href":"https:\/\/repmancarretillas.es\/ar\/wp-json\/wp\/v2\/product_brand?post=1633"},{"taxonomy":"product_cat","embeddable":true,"href":"https:\/\/repmancarretillas.es\/ar\/wp-json\/wp\/v2\/product_cat?post=1633"},{"taxonomy":"product_tag","embeddable":true,"href":"https:\/\/repmancarretillas.es\/ar\/wp-json\/wp\/v2\/product_tag?post=1633"}],"curies":[{"name":"wp","href":"https:\/\/api.w.org\/{rel}","templated":true}]}}