{"id":247,"date":"2026-04-11T23:50:54","date_gmt":"2026-04-11T21:50:54","guid":{"rendered":"https:\/\/repmancarretillas.es\/?page_id=247"},"modified":"2026-04-19T19:10:41","modified_gmt":"2026-04-19T17:10:41","slug":"politicas-de-cookies","status":"publish","type":"page","link":"https:\/\/repmancarretillas.es\/ar\/politicas-de-cookies\/","title":{"rendered":"\u0633\u064a\u0627\u0633\u0629 \u0645\u0644\u0641\u0627\u062a \u062a\u0639\u0631\u064a\u0641 \u0627\u0644\u0627\u0631\u062a\u0628\u0627\u0637"},"content":{"rendered":"<div data-elementor-type=\"wp-page\" data-elementor-id=\"247\" class=\"elementor elementor-247\" data-elementor-post-type=\"page\">\n\t\t\t\t<div class=\"elementor-element elementor-element-100b65b9 e-flex e-con-boxed e-con e-parent\" data-id=\"100b65b9\" data-element_type=\"container\" data-e-type=\"container\" data-settings=\"{&quot;background_background&quot;:&quot;classic&quot;}\">\n\t\t\t\t\t<div class=\"e-con-inner\">\n\t\t\t\t<div class=\"elementor-element elementor-element-42bf1cc3 elementor-widget elementor-widget-heading\" data-id=\"42bf1cc3\" data-element_type=\"widget\" data-e-type=\"widget\" data-widget_type=\"heading.default\">\n\t\t\t\t\t<h2 class=\"elementor-heading-title elementor-size-default\">\u0633\u064a\u0627\u0633\u0629 \u0645\u0644\u0641\u0627\u062a \u062a\u0639\u0631\u064a\u0641 \u0627\u0644\u0627\u0631\u062a\u0628\u0627\u0637<\/h2>\t\t\t\t<\/div>\n\t\t\t\t<div class=\"elementor-element elementor-element-49219089 elementor-widget elementor-widget-text-editor\" data-id=\"49219089\" data-element_type=\"widget\" data-e-type=\"widget\" data-widget_type=\"text-editor.default\">\n\t\t\t\t\t\t\t\t\t<a href=\"https:\/\/repmancarretillas.es\/ar\/\"><strong>\u064a\u0628\u062f\u0623<\/strong><\/a> \u0633\u064a\u0627\u0633\u0629 \u0645\u0644\u0641\u0627\u062a \u062a\u0639\u0631\u064a\u0641 \u0627\u0644\u0627\u0631\u062a\u0628\u0627\u0637\t\t\t\t\t\t\t\t<\/div>\n\t\t\t\t\t<\/div>\n\t\t\t\t<\/div>\n\t\t<div class=\"elementor-element elementor-element-11bddcb e-flex e-con-boxed e-con e-parent\" data-id=\"11bddcb\" data-element_type=\"container\" data-e-type=\"container\">\n\t\t\t\t\t<div class=\"e-con-inner\">\n\t\t\t\t<div class=\"elementor-element elementor-element-044d830 elementor-widget elementor-widget-text-editor\" data-id=\"044d830\" data-element_type=\"widget\" data-e-type=\"widget\" data-widget_type=\"text-editor.default\">\n\t\t\t\t\t\t\t\t\t<p data-start=\"156\" data-end=\"347\">\u0641\u064a <strong data-start=\"159\" data-end=\"181\">\u0639\u0631\u0628\u0627\u062a \u0631\u064a\u0628\u0645\u0627\u0646 \u0627\u0644\u064a\u062f\u0648\u064a\u0629<\/strong> \u0646\u0633\u062a\u062e\u062f\u0645 \u0645\u0644\u0641\u0627\u062a \u062a\u0639\u0631\u064a\u0641 \u0627\u0644\u0627\u0631\u062a\u0628\u0627\u0637 \u0644\u062a\u062d\u0633\u064a\u0646 \u062a\u062c\u0631\u0628\u0629 \u062a\u0635\u0641\u062d \u0627\u0644\u0645\u0633\u062a\u062e\u062f\u0645\u060c \u0648\u062a\u062d\u0644\u064a\u0644 \u0627\u0633\u062a\u062e\u062f\u0627\u0645 \u0627\u0644\u0645\u0648\u0642\u0639 \u0627\u0644\u0625\u0644\u0643\u062a\u0631\u0648\u0646\u064a\u060c \u0648\u062a\u0642\u062f\u064a\u0645 \u0645\u062d\u062a\u0648\u0649 \u0645\u0635\u0645\u0645 \u062e\u0635\u064a\u0635\u064b\u0627 \u0644\u0627\u0647\u062a\u0645\u0627\u0645\u0627\u062a\u0647.<\/p><h3 data-section-id=\"1krzd1r\" data-start=\"354\" data-end=\"386\"><span role=\"text\"><strong data-start=\"358\" data-end=\"386\">1. \u0645\u0627 \u0647\u064a \u0645\u0644\u0641\u0627\u062a \u062a\u0639\u0631\u064a\u0641 \u0627\u0644\u0627\u0631\u062a\u0628\u0627\u0637\u061f<\/strong><\/span><\/h3><p data-start=\"388\" data-end=\"595\">\u0645\u0644\u0641\u0627\u062a \u062a\u0639\u0631\u064a\u0641 \u0627\u0644\u0627\u0631\u062a\u0628\u0627\u0637 \u0647\u064a \u0645\u0644\u0641\u0627\u062a \u0646\u0635\u064a\u0629 \u0635\u063a\u064a\u0631\u0629 \u062a\u064f\u062e\u0632\u0651\u0646 \u0639\u0644\u0649 \u062c\u0647\u0627\u0632\u0643 (\u0643\u0645\u0628\u064a\u0648\u062a\u0631\u060c \u0647\u0627\u062a\u0641 \u0645\u062d\u0645\u0648\u0644\u060c \u0623\u0648 \u062c\u0647\u0627\u0632 \u0644\u0648\u062d\u064a) \u0639\u0646\u062f \u0632\u064a\u0627\u0631\u0629 \u0645\u0648\u0642\u0639 \u0648\u064a\u0628. \u062a\u0633\u0645\u062d \u0647\u0630\u0647 \u0627\u0644\u0645\u0644\u0641\u0627\u062a \u0644\u0644\u0645\u0648\u0642\u0639 \u0627\u0644\u0625\u0644\u0643\u062a\u0631\u0648\u0646\u064a \u0628\u0627\u0644\u062a\u0639\u0631\u0641 \u0639\u0644\u0649 \u0645\u062a\u0635\u0641\u062d\u0643 \u0648\u062a\u0630\u0643\u0631 \u0645\u0639\u0644\u0648\u0645\u0627\u062a \u062d\u0648\u0644 \u0632\u064a\u0627\u0631\u062a\u0643.<\/p><h3 data-section-id=\"abkkfx\" data-start=\"602\" data-end=\"640\"><span role=\"text\"><strong data-start=\"606\" data-end=\"640\">2. \u0623\u0646\u0648\u0627\u0639 \u0645\u0644\u0641\u0627\u062a \u062a\u0639\u0631\u064a\u0641 \u0627\u0644\u0627\u0631\u062a\u0628\u0627\u0637 \u0627\u0644\u0645\u0633\u062a\u062e\u062f\u0645\u0629<\/strong><\/span><\/h3><p data-start=\"642\" data-end=\"709\">\u0642\u062f \u064a\u0633\u062a\u062e\u062f\u0645 \u0647\u0630\u0627 \u0627\u0644\u0645\u0648\u0642\u0639 \u0627\u0644\u0625\u0644\u0643\u062a\u0631\u0648\u0646\u064a \u0627\u0644\u0641\u0626\u0627\u062a \u0627\u0644\u062a\u0627\u0644\u064a\u0629 \u0645\u0646 \u0645\u0644\u0641\u0627\u062a \u062a\u0639\u0631\u064a\u0641 \u0627\u0644\u0627\u0631\u062a\u0628\u0627\u0637:<\/p><p data-start=\"711\" data-end=\"846\"><strong data-start=\"711\" data-end=\"731\">\u0645\u0644\u0641\u0627\u062a \u062a\u0639\u0631\u064a\u0641 \u0627\u0644\u0627\u0631\u062a\u0628\u0627\u0637 \u0627\u0644\u062a\u0642\u0646\u064a\u0629<\/strong><br data-start=\"731\" data-end=\"734\" \/>\u0648\u0647\u064a \u0636\u0631\u0648\u0631\u064a\u0629 \u0644\u0644\u062a\u0634\u063a\u064a\u0644 \u0627\u0644\u0623\u0633\u0627\u0633\u064a \u0644\u0644\u0645\u0648\u0642\u0639 \u0627\u0644\u0625\u0644\u0643\u062a\u0631\u0648\u0646\u064a \u0648\u062a\u062a\u064a\u062d \u0627\u0644\u062a\u0646\u0642\u0644 \u0648\u0627\u0633\u062a\u062e\u062f\u0627\u0645 \u0648\u0638\u0627\u0626\u0641\u0647.<\/p><p data-start=\"848\" data-end=\"962\"><strong data-start=\"848\" data-end=\"878\">\u0645\u0644\u0641\u0627\u062a \u062a\u0639\u0631\u064a\u0641 \u0627\u0644\u0627\u0631\u062a\u0628\u0627\u0637 \u0627\u0644\u062e\u0627\u0635\u0629 \u0628\u0627\u0644\u062a\u062e\u0635\u064a\u0635<\/strong><br data-start=\"878\" data-end=\"881\" \/>\u062a\u062a\u064a\u062d \u0644\u0643 \u0647\u0630\u0647 \u0627\u0644\u0645\u064a\u0632\u0629 \u062a\u0630\u0643\u0631 \u062a\u0641\u0636\u064a\u0644\u0627\u062a \u0627\u0644\u0645\u0633\u062a\u062e\u062f\u0645\u060c \u0645\u062b\u0644 \u0627\u0644\u0644\u063a\u0629 \u0623\u0648 \u0627\u0644\u0625\u0639\u062f\u0627\u062f\u0627\u062a \u0627\u0644\u0625\u0642\u0644\u064a\u0645\u064a\u0629.<\/p><p data-start=\"964\" data-end=\"1097\"><strong data-start=\"964\" data-end=\"987\">\u0645\u0644\u0641\u0627\u062a \u062a\u0639\u0631\u064a\u0641 \u0627\u0644\u0627\u0631\u062a\u0628\u0627\u0637 \u0627\u0644\u062a\u062d\u0644\u064a\u0644\u064a\u0629<\/strong><br data-start=\"987\" data-end=\"990\" \/>\u064a\u0642\u0648\u0645\u0648\u0646 \u0628\u062c\u0645\u0639 \u0645\u0639\u0644\u0648\u0645\u0627\u062a \u062d\u0648\u0644 \u0643\u064a\u0641\u064a\u0629 \u0627\u0633\u062a\u062e\u062f\u0627\u0645 \u0627\u0644\u0645\u0633\u062a\u062e\u062f\u0645\u064a\u0646 \u0644\u0644\u0645\u0648\u0642\u0639 \u0627\u0644\u0625\u0644\u0643\u062a\u0631\u0648\u0646\u064a\u060c \u0648\u0630\u0644\u0643 \u0644\u062a\u062d\u0633\u064a\u0646 \u0623\u062f\u0627\u0626\u0647.<\/p><p data-start=\"1099\" data-end=\"1251\"><strong data-start=\"1099\" data-end=\"1122\">\u0645\u0644\u0641\u0627\u062a \u062a\u0639\u0631\u064a\u0641 \u0627\u0644\u0627\u0631\u062a\u0628\u0627\u0637 \u0627\u0644\u062e\u0627\u0635\u0629 \u0628\u0623\u0637\u0631\u0627\u0641 \u062b\u0627\u0644\u062b\u0629<\/strong><br data-start=\"1122\" data-end=\"1125\" \/>\u0642\u062f \u062a\u0633\u062a\u062e\u062f\u0645 \u0628\u0639\u0636 \u0627\u0644\u062e\u062f\u0645\u0627\u062a \u0645\u0644\u0641\u0627\u062a \u062a\u0639\u0631\u064a\u0641 \u0627\u0644\u0627\u0631\u062a\u0628\u0627\u0637 \u0627\u0644\u062a\u064a \u062a\u062f\u064a\u0631\u0647\u0627 \u062c\u0647\u0627\u062a \u062e\u0627\u0631\u062c\u064a\u0629\u060c \u0645\u062b\u0644 \u0623\u062f\u0648\u0627\u062a \u0627\u0644\u062a\u062d\u0644\u064a\u0644\u0627\u062a \u0623\u0648 \u0623\u062f\u0648\u0627\u062a \u062a\u0643\u0627\u0645\u0644 \u0627\u0644\u0645\u062d\u062a\u0648\u0649.<\/p><h3 data-section-id=\"14xv30\" data-start=\"1258\" data-end=\"1287\"><span role=\"text\"><strong data-start=\"1262\" data-end=\"1287\">3. \u0625\u062f\u0627\u0631\u0629 \u0645\u0644\u0641\u0627\u062a \u062a\u0639\u0631\u064a\u0641 \u0627\u0644\u0627\u0631\u062a\u0628\u0627\u0637<\/strong><\/span><\/h3><p data-start=\"1289\" data-end=\"1370\">\u0639\u0646\u062f \u062f\u062e\u0648\u0644\u0643 \u0625\u0644\u0649 \u0647\u0630\u0627 \u0627\u0644\u0645\u0648\u0642\u0639 \u0627\u0644\u0625\u0644\u0643\u062a\u0631\u0648\u0646\u064a\u060c \u0633\u062a\u0638\u0647\u0631 \u0644\u0643 \u0631\u0633\u0627\u0644\u0629 \u0625\u0634\u0639\u0627\u0631 \u0645\u0644\u0641\u0627\u062a \u062a\u0639\u0631\u064a\u0641 \u0627\u0644\u0627\u0631\u062a\u0628\u0627\u0637 \u0627\u0644\u062a\u064a \u0633\u062a\u062a\u064a\u062d \u0644\u0643 \u0645\u0627 \u064a\u0644\u064a:<\/p><ul data-start=\"1372\" data-end=\"1472\"><li data-section-id=\"1yks8fw\" data-start=\"1372\" data-end=\"1401\">\u0642\u0628\u0648\u0644 \u062c\u0645\u064a\u0639 \u0645\u0644\u0641\u0627\u062a \u062a\u0639\u0631\u064a\u0641 \u0627\u0644\u0627\u0631\u062a\u0628\u0627\u0637<\/li><li data-section-id=\"1xp8vw8\" data-start=\"1402\" data-end=\"1440\">\u0631\u0641\u0636 \u0645\u0644\u0641\u0627\u062a \u062a\u0639\u0631\u064a\u0641 \u0627\u0644\u0627\u0631\u062a\u0628\u0627\u0637 \u063a\u064a\u0631 \u0627\u0644\u0636\u0631\u0648\u0631\u064a\u0629<\/li><li data-section-id=\"1y0yvye\" data-start=\"1441\" data-end=\"1472\">\u0642\u0645 \u0628\u0636\u0628\u0637 \u062a\u0641\u0636\u064a\u0644\u0627\u062a\u0643<\/li><\/ul><p data-start=\"1474\" data-end=\"1554\">\u064a\u0645\u0643\u0646\u0643 \u062a\u063a\u064a\u064a\u0631 \u0625\u0639\u062f\u0627\u062f\u0627\u062a\u0643 \u0641\u064a \u0623\u064a \u0648\u0642\u062a \u0645\u0646 \u0644\u0648\u062d\u0629 \u0645\u0644\u0641\u0627\u062a \u062a\u0639\u0631\u064a\u0641 \u0627\u0644\u0627\u0631\u062a\u0628\u0627\u0637.<\/p><h3 data-section-id=\"pxxk07\" data-start=\"1561\" data-end=\"1606\"><span role=\"text\"><strong data-start=\"1565\" data-end=\"1606\">4. \u0643\u064a\u0641\u064a\u0629 \u062a\u0639\u0637\u064a\u0644 \u0623\u0648 \u062d\u0630\u0641 \u0645\u0644\u0641\u0627\u062a \u062a\u0639\u0631\u064a\u0641 \u0627\u0644\u0627\u0631\u062a\u0628\u0627\u0637<\/strong><\/span><\/h3><p data-start=\"1608\" data-end=\"1804\">\u064a\u0645\u0643\u0646 \u0644\u0644\u0645\u0633\u062a\u062e\u062f\u0645\u064a\u0646 \u0627\u0644\u0633\u0645\u0627\u062d \u0628\u0645\u0644\u0641\u0627\u062a \u062a\u0639\u0631\u064a\u0641 \u0627\u0644\u0627\u0631\u062a\u0628\u0627\u0637 \u0623\u0648 \u062d\u0638\u0631\u0647\u0627 \u0623\u0648 \u062d\u0630\u0641\u0647\u0627 \u0645\u0646 \u062e\u0644\u0627\u0644 \u0625\u0639\u062f\u0627\u062f\u0627\u062a \u0627\u0644\u0645\u062a\u0635\u0641\u062d. \u062a\u062c\u062f\u0648\u0646 \u0623\u062f\u0646\u0627\u0647 \u0631\u0648\u0627\u0628\u0637 \u0644\u0623\u0647\u0645 \u0627\u0644\u0645\u062a\u0635\u0641\u062d\u0627\u062a:<\/p><ul data-start=\"1806\" data-end=\"1873\"><li data-section-id=\"zjiu4f\" data-start=\"1806\" data-end=\"1823\">\u062c\u0648\u062c\u0644 \u0643\u0631\u0648\u0645<\/li><li data-section-id=\"4mrvch\" data-start=\"1824\" data-end=\"1843\">\u0645\u0648\u0632\u064a\u0644\u0627 \u0641\u0627\u064a\u0631\u0641\u0648\u0643\u0633<\/li><li data-section-id=\"1wlcinz\" data-start=\"1844\" data-end=\"1862\">\u0645\u0627\u064a\u0643\u0631\u0648\u0633\u0648\u0641\u062a \u0625\u064a\u062f\u062c<\/li><li data-section-id=\"bcdque\" data-start=\"1863\" data-end=\"1873\">\u0631\u062d\u0644\u0629 \u0633\u0641\u0627\u0631\u064a<\/li><\/ul><h3 data-section-id=\"2lze4g\" data-start=\"1880\" data-end=\"1910\"><span role=\"text\"><strong data-start=\"1884\" data-end=\"1910\">5. \u0645\u0644\u0641\u0627\u062a \u062a\u0639\u0631\u064a\u0641 \u0627\u0644\u0627\u0631\u062a\u0628\u0627\u0637 \u0627\u0644\u062e\u0627\u0635\u0629 \u0628\u0623\u0637\u0631\u0627\u0641 \u062b\u0627\u0644\u062b\u0629<\/strong><\/span><\/h3><p data-start=\"1912\" data-end=\"2101\">\u0642\u062f \u064a\u0633\u062a\u062e\u062f\u0645 \u0647\u0630\u0627 \u0627\u0644\u0645\u0648\u0642\u0639 \u062e\u062f\u0645\u0627\u062a \u062c\u0647\u0627\u062a \u062e\u0627\u0631\u062c\u064a\u0629 \u062a\u062c\u0645\u0639 \u0645\u0639\u0644\u0648\u0645\u0627\u062a \u0644\u0623\u063a\u0631\u0627\u0636 \u0625\u062d\u0635\u0627\u0626\u064a\u0629 \u0623\u0648 \u0645\u062a\u0639\u0644\u0642\u0629 \u0628\u0627\u0633\u062a\u062e\u062f\u0627\u0645 \u0627\u0644\u0645\u0648\u0642\u0639. \u0648\u0642\u062f \u064a\u0643\u0648\u0646 \u0644\u0647\u0630\u0647 \u0627\u0644\u062c\u0647\u0627\u062a \u0633\u064a\u0627\u0633\u0627\u062a \u062e\u0635\u0648\u0635\u064a\u0629 \u062e\u0627\u0635\u0629 \u0628\u0647\u0627.<\/p><h3 data-section-id=\"1n3ql1g\" data-start=\"2108\" data-end=\"2144\"><span role=\"text\"><strong data-start=\"2112\" data-end=\"2144\">6. \u0627\u0644\u0627\u062d\u062a\u0641\u0627\u0638 \u0628\u0627\u0644\u0628\u064a\u0627\u0646\u0627\u062a<\/strong><\/span><\/h3><p data-start=\"2146\" data-end=\"2261\">\u064a\u062a\u0645 \u062a\u062e\u0632\u064a\u0646 \u0645\u0644\u0641\u0627\u062a \u062a\u0639\u0631\u064a\u0641 \u0627\u0644\u0627\u0631\u062a\u0628\u0627\u0637 \u0644\u0644\u0645\u062f\u0629 \u0627\u0644\u0644\u0627\u0632\u0645\u0629 \u0644\u062a\u062d\u0642\u064a\u0642 \u0627\u0644\u063a\u0631\u0636 \u0645\u0646\u0647\u0627\u060c \u0648\u0630\u0644\u0643 \u062d\u0633\u0628 \u0646\u0648\u0639 \u0645\u0644\u0641 \u062a\u0639\u0631\u064a\u0641 \u0627\u0644\u0627\u0631\u062a\u0628\u0627\u0637 \u0627\u0644\u0645\u0633\u062a\u062e\u062f\u0645.<\/p><h3 data-section-id=\"1t4osan\" data-start=\"2268\" data-end=\"2304\"><span role=\"text\"><strong data-start=\"2272\" data-end=\"2304\">7. \u0627\u0644\u062a\u062d\u062f\u064a\u062b\u0627\u062a \u0648\u0627\u0644\u062a\u063a\u064a\u064a\u0631\u0627\u062a<\/strong><\/span><\/h3><p data-start=\"2306\" data-end=\"2471\">\u062a\u062d\u062a\u0641\u0638 \u0634\u0631\u0643\u0629 REPMAN Forklifts \u0628\u062d\u0642 \u062a\u0639\u062f\u064a\u0644 \u0633\u064a\u0627\u0633\u0629 \u0645\u0644\u0641\u0627\u062a \u062a\u0639\u0631\u064a\u0641 \u0627\u0644\u0627\u0631\u062a\u0628\u0627\u0637 \u0647\u0630\u0647 \u0628\u0646\u0627\u0621\u064b \u0639\u0644\u0649 \u0627\u0644\u062a\u063a\u064a\u064a\u0631\u0627\u062a \u0627\u0644\u062a\u0634\u0631\u064a\u0639\u064a\u0629 \u0623\u0648 \u0627\u0644\u062a\u0642\u0646\u064a\u0629. \u064a\u064f\u0646\u0635\u062d \u0628\u0645\u0631\u0627\u062c\u0639\u062a\u0647\u0627 \u062f\u0648\u0631\u064a\u064b\u0627.<\/p><h3 data-section-id=\"bgkba7\" data-start=\"2478\" data-end=\"2497\"><span role=\"text\"><strong data-start=\"2482\" data-end=\"2497\">8. \u0627\u0644\u0627\u062a\u0635\u0627\u0644<\/strong><\/span><\/h3><p data-start=\"2499\" data-end=\"2583\">\u0644\u0623\u064a \u0627\u0633\u062a\u0641\u0633\u0627\u0631\u0627\u062a \u062a\u062a\u0639\u0644\u0642 \u0628\u0627\u0633\u062a\u062e\u062f\u0627\u0645 \u0645\u0644\u0641\u0627\u062a \u062a\u0639\u0631\u064a\u0641 \u0627\u0644\u0627\u0631\u062a\u0628\u0627\u0637\u060c \u064a\u0645\u0643\u0646\u0643 \u0627\u0644\u0627\u062a\u0635\u0627\u0644 \u0628\u0646\u0627:<\/p><p data-start=\"2585\" data-end=\"2663\"><strong data-start=\"2585\" data-end=\"2595\">\u0628\u0631\u064a\u062f \u0625\u0644\u0643\u062a\u0631\u0648\u0646\u064a:<\/strong> <a class=\"decorated-link cursor-pointer\" rel=\"noopener\" data-start=\"2596\" data-end=\"2632\">administracion@repmancarretillas.com<\/a><br data-start=\"2632\" data-end=\"2635\" \/><strong data-start=\"2635\" data-end=\"2648\">\u0647\u0627\u062a\u0641:<\/strong> 928 71 80 25<\/p>\t\t\t\t\t\t\t\t<\/div>\n\t\t\t\t\t<\/div>\n\t\t\t\t<\/div>\n\t\t\t\t<\/div>","protected":false},"excerpt":{"rendered":"<p>Pol\u00edticas de Cookies Inicio &#8211; Pol\u00edticas de Cookies En REPMAN Carretillas utilizamos cookies con el objetivo de mejorar la experiencia de navegaci\u00f3n del usuario, analizar el uso del sitio web y ofrecer contenidos adaptados a sus intereses. 1. \u00bfQu\u00e9 son las cookies? Las cookies son peque\u00f1os archivos de texto que se almacenan en su dispositivo [&hellip;]<\/p>\n","protected":false},"author":1,"featured_media":0,"parent":0,"menu_order":0,"comment_status":"closed","ping_status":"closed","template":"elementor_header_footer","meta":{"_joinchat":[],"footnotes":""},"class_list":["post-247","page","type-page","status-publish","hentry"],"_links":{"self":[{"href":"https:\/\/repmancarretillas.es\/ar\/wp-json\/wp\/v2\/pages\/247","targetHints":{"allow":["GET"]}}],"collection":[{"href":"https:\/\/repmancarretillas.es\/ar\/wp-json\/wp\/v2\/pages"}],"about":[{"href":"https:\/\/repmancarretillas.es\/ar\/wp-json\/wp\/v2\/types\/page"}],"author":[{"embeddable":true,"href":"https:\/\/repmancarretillas.es\/ar\/wp-json\/wp\/v2\/users\/1"}],"replies":[{"embeddable":true,"href":"https:\/\/repmancarretillas.es\/ar\/wp-json\/wp\/v2\/comments?post=247"}],"version-history":[{"count":13,"href":"https:\/\/repmancarretillas.es\/ar\/wp-json\/wp\/v2\/pages\/247\/revisions"}],"predecessor-version":[{"id":1533,"href":"https:\/\/repmancarretillas.es\/ar\/wp-json\/wp\/v2\/pages\/247\/revisions\/1533"}],"wp:attachment":[{"href":"https:\/\/repmancarretillas.es\/ar\/wp-json\/wp\/v2\/media?parent=247"}],"curies":[{"name":"wp","href":"https:\/\/api.w.org\/{rel}","templated":true}]}}