{"id":115,"date":"2026-04-11T18:18:31","date_gmt":"2026-04-11T16:18:31","guid":{"rendered":"https:\/\/repmancarretillas.es\/?page_id=115"},"modified":"2026-04-19T19:05:07","modified_gmt":"2026-04-19T17:05:07","slug":"servicio-tecnico","status":"publish","type":"page","link":"https:\/\/repmancarretillas.es\/ar\/servicio-tecnico\/","title":{"rendered":"\u0627\u0644\u062e\u062f\u0645\u0629 \u0627\u0644\u0641\u0646\u064a\u0629"},"content":{"rendered":"<div data-elementor-type=\"wp-page\" data-elementor-id=\"115\" class=\"elementor elementor-115\" data-elementor-post-type=\"page\">\n\t\t\t\t<div class=\"elementor-element elementor-element-3b8a9f71 e-flex e-con-boxed e-con e-parent\" data-id=\"3b8a9f71\" data-element_type=\"container\" data-e-type=\"container\" data-settings=\"{&quot;background_background&quot;:&quot;classic&quot;}\">\n\t\t\t\t\t<div class=\"e-con-inner\">\n\t\t\t\t<div class=\"elementor-element elementor-element-13212193 elementor-widget elementor-widget-heading\" data-id=\"13212193\" data-element_type=\"widget\" data-e-type=\"widget\" data-widget_type=\"heading.default\">\n\t\t\t\t\t<h2 class=\"elementor-heading-title elementor-size-default\">\u0627\u0644\u062e\u062f\u0645\u0629 \u0627\u0644\u0641\u0646\u064a\u0629<\/h2>\t\t\t\t<\/div>\n\t\t\t\t<div class=\"elementor-element elementor-element-31f90be elementor-widget elementor-widget-text-editor\" data-id=\"31f90be\" data-element_type=\"widget\" data-e-type=\"widget\" data-widget_type=\"text-editor.default\">\n\t\t\t\t\t\t\t\t\t<a href=\"https:\/\/repmancarretillas.es\/ar\/\"><strong>\u064a\u0628\u062f\u0623<\/strong><\/a> \u2013 \u0627\u0644\u062e\u062f\u0645\u0627\u062a \u0627\u0644\u0641\u0646\u064a\u0629\t\t\t\t\t\t\t\t<\/div>\n\t\t\t\t\t<\/div>\n\t\t\t\t<\/div>\n\t\t<div class=\"elementor-element elementor-element-63f87f1a e-con-full e-flex e-con e-parent\" data-id=\"63f87f1a\" data-element_type=\"container\" data-e-type=\"container\">\n\t\t<div class=\"elementor-element elementor-element-3b5b0862 e-con-full e-flex e-con e-child\" data-id=\"3b5b0862\" data-element_type=\"container\" data-e-type=\"container\">\n\t\t<div class=\"elementor-element elementor-element-5961ed9b e-con-full e-flex e-con e-child\" data-id=\"5961ed9b\" data-element_type=\"container\" data-e-type=\"container\">\n\t\t\t\t<div class=\"elementor-element elementor-element-42e61d89 elementor-icon-list--layout-traditional elementor-list-item-link-full_width elementor-widget elementor-widget-icon-list\" data-id=\"42e61d89\" data-element_type=\"widget\" data-e-type=\"widget\" data-widget_type=\"icon-list.default\">\n\t\t\t\t\t\t\t<ul class=\"elementor-icon-list-items\">\n\t\t\t\t\t\t\t<li class=\"elementor-icon-list-item\">\n\t\t\t\t\t\t\t\t\t\t\t<span class=\"elementor-icon-list-icon\">\n\t\t\t\t\t\t\t<i aria-hidden=\"true\" class=\"icon icon-minus\"><\/i>\t\t\t\t\t\t<\/span>\n\t\t\t\t\t\t\t\t\t\t<span class=\"elementor-icon-list-text\">\u0635\u064a\u0627\u0646\u0629 \u0634\u062e\u0635\u064a\u0629<\/span>\n\t\t\t\t\t\t\t\t\t<\/li>\n\t\t\t\t\t\t<\/ul>\n\t\t\t\t\t\t<\/div>\n\t\t\t\t<div class=\"elementor-element elementor-element-55dc8f00 elementor-invisible elementor-widget elementor-widget-heading\" data-id=\"55dc8f00\" data-element_type=\"widget\" data-e-type=\"widget\" data-settings=\"{&quot;_animation&quot;:&quot;fadeInUp&quot;}\" data-widget_type=\"heading.default\">\n\t\t\t\t\t<h2 class=\"elementor-heading-title elementor-size-default\">\u062d\u0644\u0648\u0644 \u0645\u0635\u0645\u0645\u0629 \u062e\u0635\u064a\u0635\u0627\u064b \u0644\u0632\u064a\u0627\u062f\u0629 \u0623\u062f\u0627\u0621 \u0622\u0644\u0627\u062a\u0643 \u0648\u0625\u0637\u0627\u0644\u0629 \u0639\u0645\u0631\u0647\u0627 \u0627\u0644\u0627\u0641\u062a\u0631\u0627\u0636\u064a.<\/h2>\t\t\t\t<\/div>\n\t\t\t\t<\/div>\n\t\t<div class=\"elementor-element elementor-element-12032e3a e-con-full e-flex e-con e-child\" data-id=\"12032e3a\" data-element_type=\"container\" data-e-type=\"container\">\n\t\t\t\t<div class=\"elementor-element elementor-element-1c45a02e elementor-widget elementor-widget-text-editor\" data-id=\"1c45a02e\" data-element_type=\"widget\" data-e-type=\"widget\" data-widget_type=\"text-editor.default\">\n\t\t\t\t\t\t\t\t\t<p data-start=\"76\" data-end=\"344\">\u0646\u0642\u0648\u0645 \u0628\u062a\u0635\u0645\u064a\u0645 \u0627\u0644\u062e\u0637\u0637 \u0644\u0640 <strong data-start=\"96\" data-end=\"113\">\u0635\u064a\u0627\u0646\u0629<\/strong>, <strong data-start=\"115\" data-end=\"129\">\u0628\u0635\u0644\u062d<\/strong>, <strong data-start=\"131\" data-end=\"145\">\u062d\u0636\u0648\u0631<\/strong> y <strong data-start=\"148\" data-end=\"161\">\u0642\u0637\u0639 \u063a\u064a\u0627\u0631<\/strong> \u0645\u0635\u0645\u0645\u0629 \u062e\u0635\u064a\u0635\u0627\u064b \u0644\u0643\u0644 \u0639\u0645\u064a\u0644\u060c \u0644\u062a\u062d\u0633\u064a\u0646 \u0623\u062f\u0627\u0621 \u0645\u0639\u062f\u0627\u062a\u0647 \u0648\u0625\u0637\u0627\u0644\u0629 \u0639\u0645\u0631\u0647\u0627. \u0646\u062d\u0646 \u0646\u0636\u0645\u0646 <strong data-start=\"256\" data-end=\"284\">\u062e\u062f\u0645\u0627\u062a ACP \u0648 ALP \u0648 SPV<\/strong>, \u0645\u0635\u0645\u0645\u0629 \u062e\u0635\u064a\u0635\u0627\u064b \u0644\u062a\u0644\u0628\u064a\u0629 \u0627\u0644\u0627\u062d\u062a\u064a\u0627\u062c\u0627\u062a \u0627\u0644\u0645\u062d\u062f\u062f\u0629 \u0644\u0643\u0644 \u0639\u0645\u0644\u064a\u0629.<\/p><p data-start=\"346\" data-end=\"525\">\u0646\u0642\u062f\u0645 \u062e\u062f\u0645\u0627\u062a \u0627\u0644\u0635\u064a\u0627\u0646\u0629 \u0644\u062c\u0645\u064a\u0639 \u0623\u0646\u0648\u0627\u0639 \u0648\u0645\u0648\u062f\u064a\u0644\u0627\u062a \u0627\u0644\u0631\u0627\u0641\u0639\u0627\u062a \u0627\u0644\u0634\u0648\u0643\u064a\u0629\u060c \u0648\u0646\u0648\u0641\u0631 \u0645\u0633\u0627\u0639\u062f\u0629 \u0641\u0646\u064a\u0629 \u0645\u062a\u062e\u0635\u0635\u0629 \u0648\u0639\u0642\u0648\u062f \u0645\u0631\u0646\u0629 \u062a\u0636\u0645\u0646 \u0627\u0633\u062a\u062c\u0627\u0628\u0629 \u0641\u0639\u0627\u0644\u0629 \u0641\u064a \u0643\u0644 \u0639\u0645\u0644\u064a\u0629 \u062a\u062f\u062e\u0644.<\/p><p data-start=\"527\" data-end=\"726\" data-is-last-node=\"\" data-is-only-node=\"\">\u0647\u062f\u0641\u0646\u0627 \u0647\u0648 \u0636\u0645\u0627\u0646 \u0627\u0633\u062a\u0645\u0631\u0627\u0631\u064a\u0629 \u0639\u0645\u0644\u064a\u0627\u062a \u0623\u0639\u0645\u0627\u0644\u0643\u060c \u0648\u062a\u0642\u0644\u064a\u0644 \u0648\u0642\u062a \u0627\u0644\u062a\u0648\u0642\u0641\u060c \u0648\u0636\u0645\u0627\u0646 \u0627\u0644\u062a\u0634\u063a\u064a\u0644 \u0627\u0644\u0622\u0645\u0646 \u0648\u0627\u0644\u0641\u0639\u0627\u0644 \u0648\u0627\u0644\u0645\u0633\u062a\u0645\u0631 \u0644\u0622\u0644\u0627\u062a\u0643 \u0641\u064a \u062c\u0645\u064a\u0639 \u0627\u0644\u0623\u0648\u0642\u0627\u062a.<\/p>\t\t\t\t\t\t\t\t<\/div>\n\t\t\t\t<\/div>\n\t\t\t\t<\/div>\n\t\t<div class=\"elementor-element elementor-element-77c428ea e-con-full e-flex e-con e-child\" data-id=\"77c428ea\" data-element_type=\"container\" data-e-type=\"container\">\n\t\t<div class=\"elementor-element elementor-element-67b63c64 e-con-full e-flex e-con e-child\" data-id=\"67b63c64\" data-element_type=\"container\" data-e-type=\"container\">\n\t\t<div class=\"elementor-element elementor-element-25c7cba4 e-con-full animated-fast e-flex elementor-invisible e-con e-child\" data-id=\"25c7cba4\" data-element_type=\"container\" data-e-type=\"container\" data-settings=\"{&quot;animation&quot;:&quot;fadeInUp&quot;}\">\n\t\t\t\t<div class=\"elementor-element elementor-element-41da307 elementor-view-stacked elementor-shape-circle elementor-widget elementor-widget-icon\" data-id=\"41da307\" data-element_type=\"widget\" data-e-type=\"widget\" data-widget_type=\"icon.default\">\n\t\t\t\t\t\t\t<div class=\"elementor-icon-wrapper\">\n\t\t\t<div class=\"elementor-icon\">\n\t\t\t<i aria-hidden=\"true\" class=\"icon icon-tools\"><\/i>\t\t\t<\/div>\n\t\t<\/div>\n\t\t\t\t\t\t<\/div>\n\t\t\t\t<div class=\"elementor-element elementor-element-35b9300f ekit-equal-height-disable elementor-widget elementor-widget-elementskit-image-box\" data-id=\"35b9300f\" data-element_type=\"widget\" data-e-type=\"widget\" data-widget_type=\"elementskit-image-box.default\">\n\t\t\t\t\t<div class=\"ekit-wid-con\" >\n            <div class=\"elementskit-info-image-box ekit-image-box text-left simple-card\" >\n\n                \n                <div class=\"elementskit-box-header image-box-img-left\">\n\n                    \n                <\/div>\n                \n                <div class=\"elementskit-box-body ekit-image-box-body\">\n                    <div class=\"elementskit-box-content ekit-image-box-body-inner\">\n                                                <h4 class=\"elementskit-info-box-title\">\n\n                        \u0627\u0644\u0635\u064a\u0627\u0646\u0629 \u0627\u0644\u0648\u0642\u0627\u0626\u064a\u0629\n                        \n                    <\/h4>\n                                                            <div class=\"elementskit-box-style-content\">\n                        \u064a\u0634\u0645\u0644 \u0630\u0644\u0643 \u062a\u062e\u0637\u064a\u0637 \u0627\u0644\u0639\u0645\u0627\u0644\u0629 \u0648\u0627\u0644\u0635\u064a\u0627\u0646\u0629 \u0628\u0646\u0627\u0621\u064b \u0639\u0644\u0649 \u0633\u0627\u0639\u0627\u062a \u0627\u0633\u062a\u062e\u062f\u0627\u0645 \u0627\u0644\u0622\u0644\u0629\u060c \u0645\u0639 \u0627\u062d\u062a\u0633\u0627\u0628 \u062a\u0643\u0627\u0644\u064a\u0641 \u0627\u0644\u0633\u0641\u0631. \u0648\u0644\u0627 \u064a\u0634\u0645\u0644 \u0627\u0644\u0645\u0648\u0627\u062f \u0627\u0644\u0627\u0633\u062a\u0647\u0644\u0627\u0643\u064a\u0629 \u0623\u0648 \u0627\u0644\u0623\u062c\u0632\u0627\u0621 \u0627\u0644\u0645\u0639\u0631\u0636\u0629 \u0644\u0644\u062a\u0644\u0641.                    <\/div>\n                                    <\/div>\n\n                            <\/div>\n            <\/div>\n    <\/div>\t\t\t\t<\/div>\n\t\t\t\t<\/div>\n\t\t<div class=\"elementor-element elementor-element-277e5454 e-con-full animated-fast e-flex elementor-invisible e-con e-child\" data-id=\"277e5454\" data-element_type=\"container\" data-e-type=\"container\" data-settings=\"{&quot;animation&quot;:&quot;fadeInUp&quot;}\">\n\t\t\t\t<div class=\"elementor-element elementor-element-7de43f6 elementor-view-stacked elementor-shape-circle elementor-widget elementor-widget-icon\" data-id=\"7de43f6\" data-element_type=\"widget\" data-e-type=\"widget\" data-widget_type=\"icon.default\">\n\t\t\t\t\t\t\t<div class=\"elementor-icon-wrapper\">\n\t\t\t<div class=\"elementor-icon\">\n\t\t\t<i aria-hidden=\"true\" class=\"icon icon-team1\"><\/i>\t\t\t<\/div>\n\t\t<\/div>\n\t\t\t\t\t\t<\/div>\n\t\t\t\t<div class=\"elementor-element elementor-element-116c681c ekit-equal-height-disable elementor-widget elementor-widget-elementskit-image-box\" data-id=\"116c681c\" data-element_type=\"widget\" data-e-type=\"widget\" data-widget_type=\"elementskit-image-box.default\">\n\t\t\t\t\t<div class=\"ekit-wid-con\" >\n            <div class=\"elementskit-info-image-box ekit-image-box text-left simple-card\" >\n\n                \n                <div class=\"elementskit-box-header image-box-img-left\">\n\n                    \n                <\/div>\n                \n                <div class=\"elementskit-box-body ekit-image-box-body\">\n                    <div class=\"elementskit-box-content ekit-image-box-body-inner\">\n                                                <h4 class=\"elementskit-info-box-title\">\n\n                        \u062e\u062f\u0645\u0629 \u0634\u0627\u0645\u0644\u0629\n                        \n                    <\/h4>\n                                                            <div class=\"elementskit-box-style-content\">\n                        \u062a\u063a\u0637\u064a\u0629 \u0643\u0627\u0645\u0644\u0629 \u0644\u0644\u0635\u064a\u0627\u0646\u0629 \u0648\u0627\u0644\u0639\u0645\u0627\u0644\u0629 \u0648\u0641\u0642\u064b\u0627 \u0644\u0633\u0627\u0639\u0627\u062a \u0627\u0644\u0639\u0645\u0644 \u0627\u0644\u0645\u062a\u0639\u0627\u0642\u062f \u0639\u0644\u064a\u0647\u0627\u060c \u0645\u0645\u0627 \u064a\u0636\u0645\u0646 \u0627\u0633\u062a\u0645\u0631\u0627\u0631 \u0627\u0644\u062a\u0634\u063a\u064a\u0644 \u0627\u0644\u0635\u062d\u064a\u062d \u0644\u0644\u0622\u0644\u0627\u062a.                    <\/div>\n                                    <\/div>\n\n                            <\/div>\n            <\/div>\n    <\/div>\t\t\t\t<\/div>\n\t\t\t\t<\/div>\n\t\t\t\t<\/div>\n\t\t\t\t<\/div>\n\t\t\t\t<\/div>\n\t\t\t\t<\/div>","protected":false},"excerpt":{"rendered":"<p>Servicio T\u00e9cnico Inicio &#8211; Servicio T\u00e9cnico Mantenimiento personalizado Soluciones adaptadas para maximizar el rendimiento y la vida \u00fatil de su maquinaria. Dise\u00f1amos planes de mantenimiento, reparaci\u00f3n, asistencia y recambios adaptados a cada cliente, optimizando el rendimiento y la vida \u00fatil de sus equipos. Incluimos servicios ACP, ALP y SPV, ajustados a las necesidades espec\u00edficas de [&hellip;]<\/p>\n","protected":false},"author":1,"featured_media":0,"parent":0,"menu_order":0,"comment_status":"closed","ping_status":"closed","template":"elementor_header_footer","meta":{"_joinchat":[],"footnotes":""},"class_list":["post-115","page","type-page","status-publish","hentry"],"_links":{"self":[{"href":"https:\/\/repmancarretillas.es\/ar\/wp-json\/wp\/v2\/pages\/115","targetHints":{"allow":["GET"]}}],"collection":[{"href":"https:\/\/repmancarretillas.es\/ar\/wp-json\/wp\/v2\/pages"}],"about":[{"href":"https:\/\/repmancarretillas.es\/ar\/wp-json\/wp\/v2\/types\/page"}],"author":[{"embeddable":true,"href":"https:\/\/repmancarretillas.es\/ar\/wp-json\/wp\/v2\/users\/1"}],"replies":[{"embeddable":true,"href":"https:\/\/repmancarretillas.es\/ar\/wp-json\/wp\/v2\/comments?post=115"}],"version-history":[{"count":37,"href":"https:\/\/repmancarretillas.es\/ar\/wp-json\/wp\/v2\/pages\/115\/revisions"}],"predecessor-version":[{"id":1516,"href":"https:\/\/repmancarretillas.es\/ar\/wp-json\/wp\/v2\/pages\/115\/revisions\/1516"}],"wp:attachment":[{"href":"https:\/\/repmancarretillas.es\/ar\/wp-json\/wp\/v2\/media?parent=115"}],"curies":[{"name":"wp","href":"https:\/\/api.w.org\/{rel}","templated":true}]}}